{"id":18716,"date":"2026-04-26T19:20:39","date_gmt":"2026-04-26T22:20:39","guid":{"rendered":"https:\/\/www.hediyepazar.com\/?product=bluetooth-hoparlor-rgb-isikli-usb-sd-kart-girisli-tasinabilir"},"modified":"2026-04-26T19:45:05","modified_gmt":"2026-04-26T22:45:05","slug":"bluetooth-hoparlor-rgb-isikli-usb-sd-kart-girisli-tasinabilir","status":"publish","type":"product","link":"https:\/\/www.hediyepazar.com\/?product=bluetooth-hoparlor-rgb-isikli-usb-sd-kart-girisli-tasinabilir","title":{"rendered":"Bluetooth Hoparl\u00f6r Rgb I\u015f\u0131kl\u0131 Usb Sd Kart Giri\u015fli Ta\u015f\u0131nabilir"},"content":{"rendered":"","protected":false},"excerpt":{"rendered":"<p>Estetik ve modern bir g\u00f6r\u00fcn\u00fcm sunan RGB ayd\u0131nlatmal\u0131 tasar\u0131m\u0131, cihaz\u0131 s\u0131radan bir hoparl\u00f6r\u00fcn \u00f6tesine ta\u015f\u0131r. Farkl\u0131 renk se\u00e7enekleri ve \u0131\u015f\u0131k ge\u00e7i\u015f efektleriyle dinledi\u011finiz m\u00fcziklere e\u015flik eden g\u00f6rsel bir \u015f\u00f6len sunar. RGB ayd\u0131nlatma, bulundu\u011funuz ortam\u0131 renklendirerek atmosferi daha canl\u0131 hale getirir. Minimal ve kompakt yap\u0131s\u0131, ta\u015f\u0131ma kolayl\u0131\u011f\u0131 sa\u011flayarak cihaz\u0131 her yere g\u00f6t\u00fcrebilmenize olanak tan\u0131r. \u0130ster evde, ister ofiste, ister d\u0131\u015f mekan aktivitelerinde kullanabilece\u011finiz bu cihaz, hem estetik hem de i\u015flevsellik a\u00e7\u0131s\u0131ndan beklentilerinizi fazlas\u0131yla kar\u015f\u0131lar. Bu cihaz, \u00fcst\u00fcn teknolojisi, kullan\u0131m kolayl\u0131\u011f\u0131 ve estetik tasar\u0131m\u0131yla m\u00fczik keyfinizi bir \u00fcst seviyeye ta\u015f\u0131mak i\u00e7in ideal bir se\u00e7imdir.<\/p>\n","protected":false},"featured_media":20922,"comment_status":"open","ping_status":"closed","template":"","meta":{"_kad_post_transparent":"","_kad_post_title":"","_kad_post_layout":"","_kad_post_sidebar_id":"","_kad_post_content_style":"","_kad_post_vertical_padding":"","_kad_post_feature":"","_kad_post_feature_position":"","_kad_post_header":false,"_kad_post_footer":false,"_kad_post_classname":""},"product_brand":[],"product_cat":[23],"product_tag":[],"class_list":{"0":"post-18716","1":"product","2":"type-product","3":"status-publish","4":"has-post-thumbnail","6":"product_cat-genel","8":"first","9":"instock","10":"purchasable","11":"product-type-simple","12":"entry","13":"content-bg","14":"loop-entry"},"_links":{"self":[{"href":"https:\/\/www.hediyepazar.com\/index.php?rest_route=\/wp\/v2\/product\/18716","targetHints":{"allow":["GET"]}}],"collection":[{"href":"https:\/\/www.hediyepazar.com\/index.php?rest_route=\/wp\/v2\/product"}],"about":[{"href":"https:\/\/www.hediyepazar.com\/index.php?rest_route=\/wp\/v2\/types\/product"}],"replies":[{"embeddable":true,"href":"https:\/\/www.hediyepazar.com\/index.php?rest_route=%2Fwp%2Fv2%2Fcomments&post=18716"}],"wp:featuredmedia":[{"embeddable":true,"href":"https:\/\/www.hediyepazar.com\/index.php?rest_route=\/wp\/v2\/media\/20922"}],"wp:attachment":[{"href":"https:\/\/www.hediyepazar.com\/index.php?rest_route=%2Fwp%2Fv2%2Fmedia&parent=18716"}],"wp:term":[{"taxonomy":"product_brand","embeddable":true,"href":"https:\/\/www.hediyepazar.com\/index.php?rest_route=%2Fwp%2Fv2%2Fproduct_brand&post=18716"},{"taxonomy":"product_cat","embeddable":true,"href":"https:\/\/www.hediyepazar.com\/index.php?rest_route=%2Fwp%2Fv2%2Fproduct_cat&post=18716"},{"taxonomy":"product_tag","embeddable":true,"href":"https:\/\/www.hediyepazar.com\/index.php?rest_route=%2Fwp%2Fv2%2Fproduct_tag&post=18716"}],"curies":[{"name":"wp","href":"https:\/\/api.w.org\/{rel}","templated":true}]}}