{"id":18719,"date":"2026-04-26T19:20:40","date_gmt":"2026-04-26T22:20:40","guid":{"rendered":"https:\/\/www.hediyepazar.com\/?product=bluetooth-hoparlor-mikrofonlu-speaker-tasinabilir-sarjli"},"modified":"2026-04-26T19:45:09","modified_gmt":"2026-04-26T22:45:09","slug":"bluetooth-hoparlor-mikrofonlu-speaker-tasinabilir-sarjli","status":"publish","type":"product","link":"https:\/\/www.hediyepazar.com\/?product=bluetooth-hoparlor-mikrofonlu-speaker-tasinabilir-sarjli","title":{"rendered":"Bluetooth Hoparl\u00f6r Mikrofonlu Speaker Ta\u015f\u0131nabilir \u015earjl\u0131"},"content":{"rendered":"","protected":false},"excerpt":{"rendered":"<p>Cihaz, \u00e7ok y\u00f6nl\u00fc ba\u011flant\u0131 se\u00e7enekleri sunarak m\u00fczik dinlemede esneklik sa\u011flar. SD kart deste\u011fi ile sevdi\u011finiz \u015fark\u0131lar\u0131 kolayca oynatabilir, FM radyo \u00f6zelli\u011fi ile en g\u00fcncel m\u00fcziklere an\u0131nda ula\u015fabilirsiniz. USB giri\u015fi sayesinde harici belleklerden m\u00fczik aktar\u0131m\u0131 yapabilir veya bilgisayar\u0131n\u0131zdaki \u015fark\u0131lar\u0131 direkt olarak \u00e7alabilirsiniz. Bu sayede, farkl\u0131 m\u00fczik kaynaklar\u0131n\u0131 zahmetsizce kullanabilirsiniz. Ayr\u0131ca, cihaz\u0131n g\u00fc\u00e7l\u00fc hoparl\u00f6r yap\u0131s\u0131 sayesinde hem kapal\u0131 hem de a\u00e7\u0131k alanlarda net ve kaliteli bir ses deneyimi ya\u015fars\u0131n\u0131z.<\/p>\n","protected":false},"featured_media":20927,"comment_status":"open","ping_status":"closed","template":"","meta":{"_kad_post_transparent":"","_kad_post_title":"","_kad_post_layout":"","_kad_post_sidebar_id":"","_kad_post_content_style":"","_kad_post_vertical_padding":"","_kad_post_feature":"","_kad_post_feature_position":"","_kad_post_header":false,"_kad_post_footer":false,"_kad_post_classname":""},"product_brand":[],"product_cat":[23],"product_tag":[],"class_list":{"0":"post-18719","1":"product","2":"type-product","3":"status-publish","4":"has-post-thumbnail","6":"product_cat-genel","8":"first","9":"instock","10":"purchasable","11":"product-type-simple","12":"entry","13":"content-bg","14":"loop-entry"},"_links":{"self":[{"href":"https:\/\/www.hediyepazar.com\/index.php?rest_route=\/wp\/v2\/product\/18719","targetHints":{"allow":["GET"]}}],"collection":[{"href":"https:\/\/www.hediyepazar.com\/index.php?rest_route=\/wp\/v2\/product"}],"about":[{"href":"https:\/\/www.hediyepazar.com\/index.php?rest_route=\/wp\/v2\/types\/product"}],"replies":[{"embeddable":true,"href":"https:\/\/www.hediyepazar.com\/index.php?rest_route=%2Fwp%2Fv2%2Fcomments&post=18719"}],"wp:featuredmedia":[{"embeddable":true,"href":"https:\/\/www.hediyepazar.com\/index.php?rest_route=\/wp\/v2\/media\/20927"}],"wp:attachment":[{"href":"https:\/\/www.hediyepazar.com\/index.php?rest_route=%2Fwp%2Fv2%2Fmedia&parent=18719"}],"wp:term":[{"taxonomy":"product_brand","embeddable":true,"href":"https:\/\/www.hediyepazar.com\/index.php?rest_route=%2Fwp%2Fv2%2Fproduct_brand&post=18719"},{"taxonomy":"product_cat","embeddable":true,"href":"https:\/\/www.hediyepazar.com\/index.php?rest_route=%2Fwp%2Fv2%2Fproduct_cat&post=18719"},{"taxonomy":"product_tag","embeddable":true,"href":"https:\/\/www.hediyepazar.com\/index.php?rest_route=%2Fwp%2Fv2%2Fproduct_tag&post=18719"}],"curies":[{"name":"wp","href":"https:\/\/api.w.org\/{rel}","templated":true}]}}