{"id":18733,"date":"2026-04-26T19:20:45","date_gmt":"2026-04-26T22:20:45","guid":{"rendered":"https:\/\/www.hediyepazar.com\/?product=makarali-bluetooth-kulaklik-kulak-ici-dijital-gostergeli-yuksek-ses-kaliteli"},"modified":"2026-04-26T19:48:50","modified_gmt":"2026-04-26T22:48:50","slug":"makarali-bluetooth-kulaklik-kulak-ici-dijital-gostergeli-yuksek-ses-kaliteli","status":"publish","type":"product","link":"https:\/\/www.hediyepazar.com\/?product=makarali-bluetooth-kulaklik-kulak-ici-dijital-gostergeli-yuksek-ses-kaliteli","title":{"rendered":"Makaral\u0131 Bluetooth Kulakl\u0131k Kulak \u0130\u00e7i Dijital G\u00f6stergeli Y\u00fcksek Ses Kaliteli"},"content":{"rendered":"","protected":false},"excerpt":{"rendered":"<p>Kulak i\u00e7i Bluetooth kulakl\u0131k, IPX7 suya dayan\u0131kl\u0131l\u0131k standard\u0131yla, su s\u0131\u00e7ramalar\u0131 ve tere kar\u015f\u0131 koruma sa\u011flar. Bu sayede spor aktivitelerinde veya ya\u011fmurlu havalarda g\u00fcvenle kullan\u0131labilir. 5.2 Bluetooth teknolojisi, h\u0131zl\u0131 ve sorunsuz bir ba\u011flant\u0131 sa\u011flar; cihaz\u0131n\u0131z\u0131 an\u0131nda alg\u0131layarak kesintisiz bir kullan\u0131m deneyimi sunar. Ayr\u0131ca, makaral\u0131 tasar\u0131m\u0131 sayesinde kabloyu d\u00fczenli bir \u015fekilde muhafaza etme imkan\u0131 verir, b\u00f6ylece ta\u015f\u0131nabilirlik ve kullan\u0131m kolayl\u0131\u011f\u0131 sa\u011flan\u0131r.<\/p>\n","protected":false},"featured_media":21173,"comment_status":"open","ping_status":"closed","template":"","meta":{"_kad_post_transparent":"","_kad_post_title":"","_kad_post_layout":"","_kad_post_sidebar_id":"","_kad_post_content_style":"","_kad_post_vertical_padding":"","_kad_post_feature":"","_kad_post_feature_position":"","_kad_post_header":false,"_kad_post_footer":false,"_kad_post_classname":""},"product_brand":[],"product_cat":[23],"product_tag":[],"class_list":{"0":"post-18733","1":"product","2":"type-product","3":"status-publish","4":"has-post-thumbnail","6":"product_cat-genel","8":"first","9":"instock","10":"purchasable","11":"product-type-simple","12":"entry","13":"content-bg","14":"loop-entry"},"_links":{"self":[{"href":"https:\/\/www.hediyepazar.com\/index.php?rest_route=\/wp\/v2\/product\/18733","targetHints":{"allow":["GET"]}}],"collection":[{"href":"https:\/\/www.hediyepazar.com\/index.php?rest_route=\/wp\/v2\/product"}],"about":[{"href":"https:\/\/www.hediyepazar.com\/index.php?rest_route=\/wp\/v2\/types\/product"}],"replies":[{"embeddable":true,"href":"https:\/\/www.hediyepazar.com\/index.php?rest_route=%2Fwp%2Fv2%2Fcomments&post=18733"}],"wp:featuredmedia":[{"embeddable":true,"href":"https:\/\/www.hediyepazar.com\/index.php?rest_route=\/wp\/v2\/media\/21173"}],"wp:attachment":[{"href":"https:\/\/www.hediyepazar.com\/index.php?rest_route=%2Fwp%2Fv2%2Fmedia&parent=18733"}],"wp:term":[{"taxonomy":"product_brand","embeddable":true,"href":"https:\/\/www.hediyepazar.com\/index.php?rest_route=%2Fwp%2Fv2%2Fproduct_brand&post=18733"},{"taxonomy":"product_cat","embeddable":true,"href":"https:\/\/www.hediyepazar.com\/index.php?rest_route=%2Fwp%2Fv2%2Fproduct_cat&post=18733"},{"taxonomy":"product_tag","embeddable":true,"href":"https:\/\/www.hediyepazar.com\/index.php?rest_route=%2Fwp%2Fv2%2Fproduct_tag&post=18733"}],"curies":[{"name":"wp","href":"https:\/\/api.w.org\/{rel}","templated":true}]}}