{"id":18735,"date":"2026-04-26T19:20:46","date_gmt":"2026-04-26T22:20:46","guid":{"rendered":"https:\/\/www.hediyepazar.com\/?product=dijital-gostergeli-bluetooth-kulaklik-kablosuz-tws-stereo-bluetooth-5-0"},"modified":"2026-04-26T19:48:08","modified_gmt":"2026-04-26T22:48:08","slug":"dijital-gostergeli-bluetooth-kulaklik-kablosuz-tws-stereo-bluetooth-5-0","status":"publish","type":"product","link":"https:\/\/www.hediyepazar.com\/?product=dijital-gostergeli-bluetooth-kulaklik-kablosuz-tws-stereo-bluetooth-5-0","title":{"rendered":"Dijital G\u00f6stergeli Bluetooth Kulakl\u0131k Kablosuz Tws Stereo Bluetooth 5.0"},"content":{"rendered":"","protected":false},"excerpt":{"rendered":"<p>Geli\u015fmi\u015f Bluetooth 5.0 teknolojisi ile donat\u0131lm\u0131\u015f A10s TWS kulakl\u0131k, h\u0131zl\u0131 ve kesintisiz ba\u011flant\u0131 deneyimi sunar. Otomatik e\u015fle\u015fme \u00f6zelli\u011fi sayesinde cihaz\u0131n\u0131za kolayca ba\u011flan\u0131rken, dokunmatik kontrol paneli ile m\u00fczi\u011finizi ve \u00e7a\u011fr\u0131lar\u0131n\u0131z\u0131 zahmetsizce y\u00f6netebilirsiniz. 1800 mAh kapasiteli \u015farj kutusu, kulakl\u0131klar\u0131 defalarca \u015farj edebilmenin yan\u0131 s\u0131ra, telefonunuzu da \u015farj etme deste\u011fi sunarak kullan\u0131m kolayl\u0131\u011f\u0131n\u0131 art\u0131r\u0131r. 40 mAh kapasiteli kulakl\u0131k bataryalar\u0131, yakla\u015f\u0131k 4 saat boyunca kesintisiz m\u00fczik dinleme ve konu\u015fma s\u00fcresi sunarken, \u015farj kutusunun sundu\u011fu 22 kez \u015farj imkan\u0131, uzun s\u00fcreli kullan\u0131m avantaj\u0131 sa\u011flar. Hafif ve ergonomik tasar\u0131m\u0131 ile kulak yap\u0131s\u0131na m\u00fckemmel uyum sa\u011flayan bu kulakl\u0131k, y\u00fcksek kaliteli stereo ses sunarak m\u00fczik keyfinizi zirveye ta\u015f\u0131r.<\/p>\n","protected":false},"featured_media":21127,"comment_status":"open","ping_status":"closed","template":"","meta":{"_kad_post_transparent":"","_kad_post_title":"","_kad_post_layout":"","_kad_post_sidebar_id":"","_kad_post_content_style":"","_kad_post_vertical_padding":"","_kad_post_feature":"","_kad_post_feature_position":"","_kad_post_header":false,"_kad_post_footer":false,"_kad_post_classname":""},"product_brand":[],"product_cat":[23],"product_tag":[],"class_list":{"0":"post-18735","1":"product","2":"type-product","3":"status-publish","4":"has-post-thumbnail","6":"product_cat-genel","8":"first","9":"instock","10":"purchasable","11":"product-type-simple","12":"entry","13":"content-bg","14":"loop-entry"},"_links":{"self":[{"href":"https:\/\/www.hediyepazar.com\/index.php?rest_route=\/wp\/v2\/product\/18735","targetHints":{"allow":["GET"]}}],"collection":[{"href":"https:\/\/www.hediyepazar.com\/index.php?rest_route=\/wp\/v2\/product"}],"about":[{"href":"https:\/\/www.hediyepazar.com\/index.php?rest_route=\/wp\/v2\/types\/product"}],"replies":[{"embeddable":true,"href":"https:\/\/www.hediyepazar.com\/index.php?rest_route=%2Fwp%2Fv2%2Fcomments&post=18735"}],"wp:featuredmedia":[{"embeddable":true,"href":"https:\/\/www.hediyepazar.com\/index.php?rest_route=\/wp\/v2\/media\/21127"}],"wp:attachment":[{"href":"https:\/\/www.hediyepazar.com\/index.php?rest_route=%2Fwp%2Fv2%2Fmedia&parent=18735"}],"wp:term":[{"taxonomy":"product_brand","embeddable":true,"href":"https:\/\/www.hediyepazar.com\/index.php?rest_route=%2Fwp%2Fv2%2Fproduct_brand&post=18735"},{"taxonomy":"product_cat","embeddable":true,"href":"https:\/\/www.hediyepazar.com\/index.php?rest_route=%2Fwp%2Fv2%2Fproduct_cat&post=18735"},{"taxonomy":"product_tag","embeddable":true,"href":"https:\/\/www.hediyepazar.com\/index.php?rest_route=%2Fwp%2Fv2%2Fproduct_tag&post=18735"}],"curies":[{"name":"wp","href":"https:\/\/api.w.org\/{rel}","templated":true}]}}