{"id":20064,"date":"2026-04-26T19:37:01","date_gmt":"2026-04-26T22:37:01","guid":{"rendered":"https:\/\/www.hediyepazar.com\/?product=boyun-askili-kablosuz-bluetooth-kulaklik-aktif-gurultu-onleme-lcd-ekranli"},"modified":"2026-04-26T19:37:01","modified_gmt":"2026-04-26T22:37:01","slug":"boyun-askili-kablosuz-bluetooth-kulaklik-aktif-gurultu-onleme-lcd-ekranli","status":"publish","type":"product","link":"https:\/\/www.hediyepazar.com\/?product=boyun-askili-kablosuz-bluetooth-kulaklik-aktif-gurultu-onleme-lcd-ekranli","title":{"rendered":"Boyun Ask\u0131l\u0131 Kablosuz Bluetooth Kulakl\u0131k \u2013 Aktif G\u00fcr\u00fclt\u00fc \u00d6nleme, Lcd Ekranl\u0131"},"content":{"rendered":"","protected":false},"excerpt":{"rendered":"<p>Boyun bantl\u0131 Y12 Bluetooth kulakl\u0131k, g\u00fcnl\u00fck kullan\u0131m ve spor aktiviteleri i\u00e7in \u00f6zel olarak tasarlanm\u0131\u015ft\u0131r. Aktif g\u00fcr\u00fclt\u00fc \u00f6nleme (ANC) \u00f6zelli\u011fi sayesinde d\u0131\u015f sesleri engelleyerek m\u00fczik deneyiminizi \u00fcst seviyeye \u00e7\u0131kar\u0131r. Bluetooth 5.3 \u00e7ip ile minimum gecikme ve stabil ba\u011flant\u0131 sa\u011flar. H\u0131zl\u0131 \u015farj deste\u011fi sayesinde k\u0131sa s\u00fcre \u015farj ile uzun s\u00fcre kullan\u0131m m\u00fcmk\u00fcnd\u00fcr. Ses profillerini \u00fc\u00e7 farkl\u0131 efektle \u00f6zelle\u015ftirebilir, dokunmatik kontrolle kolayca y\u00f6netebilirsiniz. Hafif ve dayan\u0131kl\u0131 s\u0131v\u0131 silikon ask\u0131s\u0131, ergonomik tasar\u0131m\u0131yla konfor sunar. \u015earj kutusundaki LCD ekran, pil durumunu anl\u0131k g\u00f6sterir.<\/p>\n","protected":false},"featured_media":20063,"comment_status":"open","ping_status":"closed","template":"","meta":{"_kad_post_transparent":"","_kad_post_title":"","_kad_post_layout":"","_kad_post_sidebar_id":"","_kad_post_content_style":"","_kad_post_vertical_padding":"","_kad_post_feature":"","_kad_post_feature_position":"","_kad_post_header":false,"_kad_post_footer":false,"_kad_post_classname":""},"product_brand":[],"product_cat":[23],"product_tag":[],"class_list":{"0":"post-20064","1":"product","2":"type-product","3":"status-publish","4":"has-post-thumbnail","6":"product_cat-genel","8":"first","9":"instock","10":"purchasable","11":"product-type-simple","12":"entry","13":"content-bg","14":"loop-entry"},"_links":{"self":[{"href":"https:\/\/www.hediyepazar.com\/index.php?rest_route=\/wp\/v2\/product\/20064","targetHints":{"allow":["GET"]}}],"collection":[{"href":"https:\/\/www.hediyepazar.com\/index.php?rest_route=\/wp\/v2\/product"}],"about":[{"href":"https:\/\/www.hediyepazar.com\/index.php?rest_route=\/wp\/v2\/types\/product"}],"replies":[{"embeddable":true,"href":"https:\/\/www.hediyepazar.com\/index.php?rest_route=%2Fwp%2Fv2%2Fcomments&post=20064"}],"wp:featuredmedia":[{"embeddable":true,"href":"https:\/\/www.hediyepazar.com\/index.php?rest_route=\/wp\/v2\/media\/20063"}],"wp:attachment":[{"href":"https:\/\/www.hediyepazar.com\/index.php?rest_route=%2Fwp%2Fv2%2Fmedia&parent=20064"}],"wp:term":[{"taxonomy":"product_brand","embeddable":true,"href":"https:\/\/www.hediyepazar.com\/index.php?rest_route=%2Fwp%2Fv2%2Fproduct_brand&post=20064"},{"taxonomy":"product_cat","embeddable":true,"href":"https:\/\/www.hediyepazar.com\/index.php?rest_route=%2Fwp%2Fv2%2Fproduct_cat&post=20064"},{"taxonomy":"product_tag","embeddable":true,"href":"https:\/\/www.hediyepazar.com\/index.php?rest_route=%2Fwp%2Fv2%2Fproduct_tag&post=20064"}],"curies":[{"name":"wp","href":"https:\/\/api.w.org\/{rel}","templated":true}]}}