{"id":20066,"date":"2026-04-26T19:37:01","date_gmt":"2026-04-26T22:37:01","guid":{"rendered":"https:\/\/www.hediyepazar.com\/?product=ipx6-suya-dayanikli-acik-hava-hoparloru"},"modified":"2026-04-26T19:37:01","modified_gmt":"2026-04-26T22:37:01","slug":"ipx6-suya-dayanikli-acik-hava-hoparloru","status":"publish","type":"product","link":"https:\/\/www.hediyepazar.com\/?product=ipx6-suya-dayanikli-acik-hava-hoparloru","title":{"rendered":"Ipx6 Suya Dayan\u0131kl\u0131 A\u00e7\u0131k Hava Hoparl\u00f6r\u00fc"},"content":{"rendered":"","protected":false},"excerpt":{"rendered":"<p>\u00a0Bu model, \u00e7ift 57 mm s\u00fcr\u00fcc\u00fc ile toplam 20 W RMS ses g\u00fcc\u00fc sunar; 90 dB hassasiyetle net, dengeli ve derin bir ses deneyimi sa\u011flar Bluetooth 5.3 ba\u011flant\u0131s\u0131, kablosuz ortamda g\u00fc\u00e7l\u00fc sinyal ve 10 metrelik kapsama alan\u0131 sunar, e\u015f zamanl\u0131 olarak USB, SD kart ve AUX giri\u015fleri sayesinde farkl\u0131 medya kaynaklar\u0131na da destek verir.IPX6 suya dayan\u0131kl\u0131l\u0131\u011f\u0131, a\u00e7\u0131k hava ve d\u0131\u015f mekan ko\u015fullar\u0131 i\u00e7in dayan\u0131kl\u0131 kullan\u0131m sunar 2.400 mAh bataryas\u0131 ile tek \u015farjda 4\u20135 saat kesintisiz m\u00fczik keyfi sa\u011flarken, Type-C \u015farj giri\u015fi h\u0131zl\u0131 ve g\u00fcvenilir \u015farj imk\u00e2n\u0131 tan\u0131r .\u00a0Kompakt g\u00f6vdesi ve ta\u015f\u0131ma kancas\u0131yla her ortam i\u00e7in uygun bir tercih olur.\u00a0\u00a0<\/p>\n","protected":false},"featured_media":20065,"comment_status":"open","ping_status":"closed","template":"","meta":{"_kad_post_transparent":"","_kad_post_title":"","_kad_post_layout":"","_kad_post_sidebar_id":"","_kad_post_content_style":"","_kad_post_vertical_padding":"","_kad_post_feature":"","_kad_post_feature_position":"","_kad_post_header":false,"_kad_post_footer":false,"_kad_post_classname":""},"product_brand":[],"product_cat":[23],"product_tag":[],"class_list":{"0":"post-20066","1":"product","2":"type-product","3":"status-publish","4":"has-post-thumbnail","6":"product_cat-genel","8":"first","9":"instock","10":"purchasable","11":"product-type-simple","12":"entry","13":"content-bg","14":"loop-entry"},"_links":{"self":[{"href":"https:\/\/www.hediyepazar.com\/index.php?rest_route=\/wp\/v2\/product\/20066","targetHints":{"allow":["GET"]}}],"collection":[{"href":"https:\/\/www.hediyepazar.com\/index.php?rest_route=\/wp\/v2\/product"}],"about":[{"href":"https:\/\/www.hediyepazar.com\/index.php?rest_route=\/wp\/v2\/types\/product"}],"replies":[{"embeddable":true,"href":"https:\/\/www.hediyepazar.com\/index.php?rest_route=%2Fwp%2Fv2%2Fcomments&post=20066"}],"wp:featuredmedia":[{"embeddable":true,"href":"https:\/\/www.hediyepazar.com\/index.php?rest_route=\/wp\/v2\/media\/20065"}],"wp:attachment":[{"href":"https:\/\/www.hediyepazar.com\/index.php?rest_route=%2Fwp%2Fv2%2Fmedia&parent=20066"}],"wp:term":[{"taxonomy":"product_brand","embeddable":true,"href":"https:\/\/www.hediyepazar.com\/index.php?rest_route=%2Fwp%2Fv2%2Fproduct_brand&post=20066"},{"taxonomy":"product_cat","embeddable":true,"href":"https:\/\/www.hediyepazar.com\/index.php?rest_route=%2Fwp%2Fv2%2Fproduct_cat&post=20066"},{"taxonomy":"product_tag","embeddable":true,"href":"https:\/\/www.hediyepazar.com\/index.php?rest_route=%2Fwp%2Fv2%2Fproduct_tag&post=20066"}],"curies":[{"name":"wp","href":"https:\/\/api.w.org\/{rel}","templated":true}]}}