{"id":20072,"date":"2026-04-26T19:37:05","date_gmt":"2026-04-26T22:37:05","guid":{"rendered":"https:\/\/www.hediyepazar.com\/?product=anc-aktif-gurultu-onleyici-kablosuz-bluetooth-kulaklik"},"modified":"2026-04-26T19:37:05","modified_gmt":"2026-04-26T22:37:05","slug":"anc-aktif-gurultu-onleyici-kablosuz-bluetooth-kulaklik","status":"publish","type":"product","link":"https:\/\/www.hediyepazar.com\/?product=anc-aktif-gurultu-onleyici-kablosuz-bluetooth-kulaklik","title":{"rendered":"Anc Aktif G\u00fcr\u00fclt\u00fc \u00d6nleyici Kablosuz Bluetooth Kulakl\u0131k"},"content":{"rendered":"","protected":false},"excerpt":{"rendered":"<p>\u0130nsan ergonomisine uygun olarak tasarlanm\u0131\u015f mini boyutu sayesinde kulaklar\u0131n\u0131za tam oturur ve uzun s\u00fcreli kullan\u0131mlarda dahi rahats\u0131zl\u0131k vermez. S\u0131v\u0131 silikon malzeme ile \u00fcretilen y\u00fczeyleri kulaklara yumu\u015fak bir temas sunar. K\u00fc\u00e7\u00fck ve g\u00f6r\u00fcnmez tasar\u0131m\u0131yla kulakl\u0131k, hem \u015f\u0131k bir g\u00f6r\u00fcn\u00fcm hem de rahat kullan\u0131m sa\u011flar.<\/p>\n","protected":false},"featured_media":20071,"comment_status":"open","ping_status":"closed","template":"","meta":{"_kad_post_transparent":"","_kad_post_title":"","_kad_post_layout":"","_kad_post_sidebar_id":"","_kad_post_content_style":"","_kad_post_vertical_padding":"","_kad_post_feature":"","_kad_post_feature_position":"","_kad_post_header":false,"_kad_post_footer":false,"_kad_post_classname":""},"product_brand":[],"product_cat":[23],"product_tag":[],"class_list":{"0":"post-20072","1":"product","2":"type-product","3":"status-publish","4":"has-post-thumbnail","6":"product_cat-genel","8":"first","9":"instock","10":"purchasable","11":"product-type-simple","12":"entry","13":"content-bg","14":"loop-entry"},"_links":{"self":[{"href":"https:\/\/www.hediyepazar.com\/index.php?rest_route=\/wp\/v2\/product\/20072","targetHints":{"allow":["GET"]}}],"collection":[{"href":"https:\/\/www.hediyepazar.com\/index.php?rest_route=\/wp\/v2\/product"}],"about":[{"href":"https:\/\/www.hediyepazar.com\/index.php?rest_route=\/wp\/v2\/types\/product"}],"replies":[{"embeddable":true,"href":"https:\/\/www.hediyepazar.com\/index.php?rest_route=%2Fwp%2Fv2%2Fcomments&post=20072"}],"wp:featuredmedia":[{"embeddable":true,"href":"https:\/\/www.hediyepazar.com\/index.php?rest_route=\/wp\/v2\/media\/20071"}],"wp:attachment":[{"href":"https:\/\/www.hediyepazar.com\/index.php?rest_route=%2Fwp%2Fv2%2Fmedia&parent=20072"}],"wp:term":[{"taxonomy":"product_brand","embeddable":true,"href":"https:\/\/www.hediyepazar.com\/index.php?rest_route=%2Fwp%2Fv2%2Fproduct_brand&post=20072"},{"taxonomy":"product_cat","embeddable":true,"href":"https:\/\/www.hediyepazar.com\/index.php?rest_route=%2Fwp%2Fv2%2Fproduct_cat&post=20072"},{"taxonomy":"product_tag","embeddable":true,"href":"https:\/\/www.hediyepazar.com\/index.php?rest_route=%2Fwp%2Fv2%2Fproduct_tag&post=20072"}],"curies":[{"name":"wp","href":"https:\/\/api.w.org\/{rel}","templated":true}]}}