{"id":20102,"date":"2026-04-26T19:37:18","date_gmt":"2026-04-26T22:37:18","guid":{"rendered":"https:\/\/www.hediyepazar.com\/?product=360-rgb-ledli-tasinabilir-bluetooth-hoparlor-kirmizi-usb-tf-destekli"},"modified":"2026-04-26T19:37:18","modified_gmt":"2026-04-26T22:37:18","slug":"360-rgb-ledli-tasinabilir-bluetooth-hoparlor-kirmizi-usb-tf-destekli","status":"publish","type":"product","link":"https:\/\/www.hediyepazar.com\/?product=360-rgb-ledli-tasinabilir-bluetooth-hoparlor-kirmizi-usb-tf-destekli","title":{"rendered":"360 Rgb Led&#8217;li Ta\u015f\u0131nabilir Bluetooth Hoparl\u00f6r \u2013 K\u0131rm\u0131z\u0131, Usb\/tf Destekli"},"content":{"rendered":"","protected":false},"excerpt":{"rendered":"<p>360, m\u00fczik keyfini her yere ta\u015f\u0131yan kompakt ve \u015f\u0131k bir Bluetooth hoparl\u00f6rd\u00fcr. G\u00f6z al\u0131c\u0131 k\u0131rm\u0131z\u0131 rengi ve m\u00fczi\u011fin ritmine uyum sa\u011flayan RGB LED \u0131\u015f\u0131klar\u0131 ile hem ses hem de g\u00f6rsel a\u00e7\u0131dan zengin bir deneyim sunar. Bluetooth \u00f6zelli\u011fi sayesinde kablosuz ba\u011flant\u0131yla m\u00fczi\u011finizi kolayca aktarabilir, USB ve TF kart deste\u011fiyle farkl\u0131 kaynaklardan da m\u00fczik \u00e7alabilirsiniz. Stereo ses \u00e7\u0131k\u0131\u015f\u0131 ve g\u00fc\u00e7l\u00fc bas efektleri sayesinde a\u00e7\u0131k veya kapal\u0131 alanlarda net ve dolgun ses performans\u0131 elde edersiniz. Hafif ve ta\u015f\u0131nabilir yap\u0131s\u0131 sayesinde yan\u0131n\u0131zdan ay\u0131rmak istemeyece\u011finiz bir m\u00fczik arkada\u015f\u0131d\u0131r.<\/p>\n","protected":false},"featured_media":20101,"comment_status":"open","ping_status":"closed","template":"","meta":{"_kad_post_transparent":"","_kad_post_title":"","_kad_post_layout":"","_kad_post_sidebar_id":"","_kad_post_content_style":"","_kad_post_vertical_padding":"","_kad_post_feature":"","_kad_post_feature_position":"","_kad_post_header":false,"_kad_post_footer":false,"_kad_post_classname":""},"product_brand":[],"product_cat":[23],"product_tag":[],"class_list":{"0":"post-20102","1":"product","2":"type-product","3":"status-publish","4":"has-post-thumbnail","6":"product_cat-genel","8":"first","9":"instock","10":"purchasable","11":"product-type-simple","12":"entry","13":"content-bg","14":"loop-entry"},"_links":{"self":[{"href":"https:\/\/www.hediyepazar.com\/index.php?rest_route=\/wp\/v2\/product\/20102","targetHints":{"allow":["GET"]}}],"collection":[{"href":"https:\/\/www.hediyepazar.com\/index.php?rest_route=\/wp\/v2\/product"}],"about":[{"href":"https:\/\/www.hediyepazar.com\/index.php?rest_route=\/wp\/v2\/types\/product"}],"replies":[{"embeddable":true,"href":"https:\/\/www.hediyepazar.com\/index.php?rest_route=%2Fwp%2Fv2%2Fcomments&post=20102"}],"wp:featuredmedia":[{"embeddable":true,"href":"https:\/\/www.hediyepazar.com\/index.php?rest_route=\/wp\/v2\/media\/20101"}],"wp:attachment":[{"href":"https:\/\/www.hediyepazar.com\/index.php?rest_route=%2Fwp%2Fv2%2Fmedia&parent=20102"}],"wp:term":[{"taxonomy":"product_brand","embeddable":true,"href":"https:\/\/www.hediyepazar.com\/index.php?rest_route=%2Fwp%2Fv2%2Fproduct_brand&post=20102"},{"taxonomy":"product_cat","embeddable":true,"href":"https:\/\/www.hediyepazar.com\/index.php?rest_route=%2Fwp%2Fv2%2Fproduct_cat&post=20102"},{"taxonomy":"product_tag","embeddable":true,"href":"https:\/\/www.hediyepazar.com\/index.php?rest_route=%2Fwp%2Fv2%2Fproduct_tag&post=20102"}],"curies":[{"name":"wp","href":"https:\/\/api.w.org\/{rel}","templated":true}]}}