{"id":20104,"date":"2026-04-26T19:37:19","date_gmt":"2026-04-26T22:37:19","guid":{"rendered":"https:\/\/www.hediyepazar.com\/?product=22-kez-sarj-imkani-sunan-a10s-tws-bluetooth-stereo-kulaklik"},"modified":"2026-04-26T19:37:19","modified_gmt":"2026-04-26T22:37:19","slug":"22-kez-sarj-imkani-sunan-a10s-tws-bluetooth-stereo-kulaklik","status":"publish","type":"product","link":"https:\/\/www.hediyepazar.com\/?product=22-kez-sarj-imkani-sunan-a10s-tws-bluetooth-stereo-kulaklik","title":{"rendered":"22 Kez \u015earj \u0130mkan\u0131 Sunan A10s Tws Bluetooth Stereo Kulakl\u0131k"},"content":{"rendered":"","protected":false},"excerpt":{"rendered":"<p>Y\u00fcksek kaliteli stereo ses performans\u0131 ile \u00f6ne \u00e7\u0131kan bu model, hem m\u00fczik keyfinizi hem de telefon g\u00f6r\u00fc\u015fmelerinizi net bir \u015fekilde yapman\u0131z\u0131 sa\u011flar. 10 metreye kadar \u00e7ekim mesafesi ile \u00f6zg\u00fcrce hareket edebilirsiniz.<\/p>\n","protected":false},"featured_media":20103,"comment_status":"open","ping_status":"closed","template":"","meta":{"_kad_post_transparent":"","_kad_post_title":"","_kad_post_layout":"","_kad_post_sidebar_id":"","_kad_post_content_style":"","_kad_post_vertical_padding":"","_kad_post_feature":"","_kad_post_feature_position":"","_kad_post_header":false,"_kad_post_footer":false,"_kad_post_classname":""},"product_brand":[],"product_cat":[23],"product_tag":[],"class_list":{"0":"post-20104","1":"product","2":"type-product","3":"status-publish","4":"has-post-thumbnail","6":"product_cat-genel","8":"first","9":"instock","10":"purchasable","11":"product-type-simple","12":"entry","13":"content-bg","14":"loop-entry"},"_links":{"self":[{"href":"https:\/\/www.hediyepazar.com\/index.php?rest_route=\/wp\/v2\/product\/20104","targetHints":{"allow":["GET"]}}],"collection":[{"href":"https:\/\/www.hediyepazar.com\/index.php?rest_route=\/wp\/v2\/product"}],"about":[{"href":"https:\/\/www.hediyepazar.com\/index.php?rest_route=\/wp\/v2\/types\/product"}],"replies":[{"embeddable":true,"href":"https:\/\/www.hediyepazar.com\/index.php?rest_route=%2Fwp%2Fv2%2Fcomments&post=20104"}],"wp:featuredmedia":[{"embeddable":true,"href":"https:\/\/www.hediyepazar.com\/index.php?rest_route=\/wp\/v2\/media\/20103"}],"wp:attachment":[{"href":"https:\/\/www.hediyepazar.com\/index.php?rest_route=%2Fwp%2Fv2%2Fmedia&parent=20104"}],"wp:term":[{"taxonomy":"product_brand","embeddable":true,"href":"https:\/\/www.hediyepazar.com\/index.php?rest_route=%2Fwp%2Fv2%2Fproduct_brand&post=20104"},{"taxonomy":"product_cat","embeddable":true,"href":"https:\/\/www.hediyepazar.com\/index.php?rest_route=%2Fwp%2Fv2%2Fproduct_cat&post=20104"},{"taxonomy":"product_tag","embeddable":true,"href":"https:\/\/www.hediyepazar.com\/index.php?rest_route=%2Fwp%2Fv2%2Fproduct_tag&post=20104"}],"curies":[{"name":"wp","href":"https:\/\/api.w.org\/{rel}","templated":true}]}}