{"id":20114,"date":"2026-04-26T19:37:42","date_gmt":"2026-04-26T22:37:42","guid":{"rendered":"https:\/\/www.hediyepazar.com\/?product=kompakt-retro-oyun-konsolu-p5-gamepad-ile-eski-gunlere-donun"},"modified":"2026-04-26T19:37:42","modified_gmt":"2026-04-26T22:37:42","slug":"kompakt-retro-oyun-konsolu-p5-gamepad-ile-eski-gunlere-donun","status":"publish","type":"product","link":"https:\/\/www.hediyepazar.com\/?product=kompakt-retro-oyun-konsolu-p5-gamepad-ile-eski-gunlere-donun","title":{"rendered":"Kompakt Retro Oyun Konsolu | P5 Gamepad \u0130le Eski G\u00fcnlere D\u00f6n\u00fcn"},"content":{"rendered":"","protected":false},"excerpt":{"rendered":"<p>P5 Retro GamePad, hem yeti\u015fkinler i\u00e7in ge\u00e7mi\u015fin izlerini ta\u015f\u0131yan nostaljik bir ara\u00e7 hem de \u00e7ocuklar i\u00e7in e\u011flenceli ve sade bir oyun deneyimi sunar. Cihaz\u0131n kompakt boyutu sayesinde kolay ta\u015f\u0131nabilir ve her ortamda kullan\u0131labilir. 520 farkl\u0131 oyun, her t\u00fcrden oyuncuya hitap eder: platform, yar\u0131\u015f, d\u00f6v\u00fc\u015f, bulmaca ve daha fazlas\u0131. Tak ve oyna mant\u0131\u011f\u0131yla, an\u0131nda e\u011flenceye ba\u015flayabilir, eski g\u00fcnleri bug\u00fcn\u00fcn teknolojisiyle yeniden ya\u015fayabilirsiniz.<\/p>\n","protected":false},"featured_media":20113,"comment_status":"open","ping_status":"closed","template":"","meta":{"_kad_post_transparent":"","_kad_post_title":"","_kad_post_layout":"","_kad_post_sidebar_id":"","_kad_post_content_style":"","_kad_post_vertical_padding":"","_kad_post_feature":"","_kad_post_feature_position":"","_kad_post_header":false,"_kad_post_footer":false,"_kad_post_classname":""},"product_brand":[],"product_cat":[23],"product_tag":[],"class_list":{"0":"post-20114","1":"product","2":"type-product","3":"status-publish","4":"has-post-thumbnail","6":"product_cat-genel","8":"first","9":"instock","10":"purchasable","11":"product-type-simple","12":"entry","13":"content-bg","14":"loop-entry"},"_links":{"self":[{"href":"https:\/\/www.hediyepazar.com\/index.php?rest_route=\/wp\/v2\/product\/20114","targetHints":{"allow":["GET"]}}],"collection":[{"href":"https:\/\/www.hediyepazar.com\/index.php?rest_route=\/wp\/v2\/product"}],"about":[{"href":"https:\/\/www.hediyepazar.com\/index.php?rest_route=\/wp\/v2\/types\/product"}],"replies":[{"embeddable":true,"href":"https:\/\/www.hediyepazar.com\/index.php?rest_route=%2Fwp%2Fv2%2Fcomments&post=20114"}],"wp:featuredmedia":[{"embeddable":true,"href":"https:\/\/www.hediyepazar.com\/index.php?rest_route=\/wp\/v2\/media\/20113"}],"wp:attachment":[{"href":"https:\/\/www.hediyepazar.com\/index.php?rest_route=%2Fwp%2Fv2%2Fmedia&parent=20114"}],"wp:term":[{"taxonomy":"product_brand","embeddable":true,"href":"https:\/\/www.hediyepazar.com\/index.php?rest_route=%2Fwp%2Fv2%2Fproduct_brand&post=20114"},{"taxonomy":"product_cat","embeddable":true,"href":"https:\/\/www.hediyepazar.com\/index.php?rest_route=%2Fwp%2Fv2%2Fproduct_cat&post=20114"},{"taxonomy":"product_tag","embeddable":true,"href":"https:\/\/www.hediyepazar.com\/index.php?rest_route=%2Fwp%2Fv2%2Fproduct_tag&post=20114"}],"curies":[{"name":"wp","href":"https:\/\/api.w.org\/{rel}","templated":true}]}}