{"id":20118,"date":"2026-04-26T19:37:43","date_gmt":"2026-04-26T22:37:43","guid":{"rendered":"https:\/\/www.hediyepazar.com\/?product=p5-retro-gamepad"},"modified":"2026-04-26T19:37:43","modified_gmt":"2026-04-26T22:37:43","slug":"p5-retro-gamepad","status":"publish","type":"product","link":"https:\/\/www.hediyepazar.com\/?product=p5-retro-gamepad","title":{"rendered":"P5 Retro Gamepad"},"content":{"rendered":"","protected":false},"excerpt":{"rendered":"<p>K\u00fc\u00e7\u00fck boyutlu ama g\u00fc\u00e7l\u00fc bir e\u011flence arac\u0131 olan P5 Retro GamePad, 520 klasik oyunla birlikte gelir. Oyun konsolu, \u00e7ocukluk d\u00f6neminin efsanevi oyunlar\u0131n\u0131 tekrar ya\u015famak isteyenler i\u00e7in idealdir. Kurulumu son derece kolayd\u0131r; tak\u0131n ve oynamaya ba\u015flay\u0131n. Ergonomik ve kaymaz yap\u0131s\u0131 sayesinde uzun oyun seanslar\u0131 konforlu ge\u00e7er. Kompakt yap\u0131s\u0131 sayesinde \u00e7antan\u0131zda kolayca ta\u015f\u0131yabilir, her ortamda oyunun keyfini s\u00fcrebilirsiniz. Retro i\u015fletim sistemi sayesinde oyunlar aras\u0131nda kolayl\u0131kla ge\u00e7i\u015f yap\u0131labilir. E\u011flenceli, nostaljik ve ta\u015f\u0131nabilir bir oyun deneyimi sunar.<\/p>\n","protected":false},"featured_media":20117,"comment_status":"open","ping_status":"closed","template":"","meta":{"_kad_post_transparent":"","_kad_post_title":"","_kad_post_layout":"","_kad_post_sidebar_id":"","_kad_post_content_style":"","_kad_post_vertical_padding":"","_kad_post_feature":"","_kad_post_feature_position":"","_kad_post_header":false,"_kad_post_footer":false,"_kad_post_classname":""},"product_brand":[],"product_cat":[23],"product_tag":[],"class_list":{"0":"post-20118","1":"product","2":"type-product","3":"status-publish","4":"has-post-thumbnail","6":"product_cat-genel","8":"first","9":"instock","10":"purchasable","11":"product-type-simple","12":"entry","13":"content-bg","14":"loop-entry"},"_links":{"self":[{"href":"https:\/\/www.hediyepazar.com\/index.php?rest_route=\/wp\/v2\/product\/20118","targetHints":{"allow":["GET"]}}],"collection":[{"href":"https:\/\/www.hediyepazar.com\/index.php?rest_route=\/wp\/v2\/product"}],"about":[{"href":"https:\/\/www.hediyepazar.com\/index.php?rest_route=\/wp\/v2\/types\/product"}],"replies":[{"embeddable":true,"href":"https:\/\/www.hediyepazar.com\/index.php?rest_route=%2Fwp%2Fv2%2Fcomments&post=20118"}],"wp:featuredmedia":[{"embeddable":true,"href":"https:\/\/www.hediyepazar.com\/index.php?rest_route=\/wp\/v2\/media\/20117"}],"wp:attachment":[{"href":"https:\/\/www.hediyepazar.com\/index.php?rest_route=%2Fwp%2Fv2%2Fmedia&parent=20118"}],"wp:term":[{"taxonomy":"product_brand","embeddable":true,"href":"https:\/\/www.hediyepazar.com\/index.php?rest_route=%2Fwp%2Fv2%2Fproduct_brand&post=20118"},{"taxonomy":"product_cat","embeddable":true,"href":"https:\/\/www.hediyepazar.com\/index.php?rest_route=%2Fwp%2Fv2%2Fproduct_cat&post=20118"},{"taxonomy":"product_tag","embeddable":true,"href":"https:\/\/www.hediyepazar.com\/index.php?rest_route=%2Fwp%2Fv2%2Fproduct_tag&post=20118"}],"curies":[{"name":"wp","href":"https:\/\/api.w.org\/{rel}","templated":true}]}}