{"id":20120,"date":"2026-04-26T19:37:44","date_gmt":"2026-04-26T22:37:44","guid":{"rendered":"https:\/\/www.hediyepazar.com\/?product=yuksek-kapasiteli-a10s-tws-kablosuz-kulaklik-dokunmatik-kontrol"},"modified":"2026-04-26T19:37:44","modified_gmt":"2026-04-26T22:37:44","slug":"yuksek-kapasiteli-a10s-tws-kablosuz-kulaklik-dokunmatik-kontrol","status":"publish","type":"product","link":"https:\/\/www.hediyepazar.com\/?product=yuksek-kapasiteli-a10s-tws-kablosuz-kulaklik-dokunmatik-kontrol","title":{"rendered":"Y\u00fcksek Kapasiteli A10s Tws Kablosuz Kulakl\u0131k Dokunmatik Kontrol"},"content":{"rendered":"","protected":false},"excerpt":{"rendered":"<p>Ergonomik kulak i\u00e7i tasar\u0131m\u0131 ile uzun s\u00fcreli kullan\u0131mlarda bile konfor sunan A10s TWS, 40 mAh kulakl\u0131k bataryas\u0131yla 4 saate kadar kesintisiz m\u00fczik dinleme imkan\u0131 verir. \u015earj kutusu ayn\u0131 zamanda telefonunuzu \u015farj edebilme \u00f6zelli\u011fi ile ekstra g\u00fc\u00e7 kayna\u011f\u0131 g\u00f6revi g\u00f6r\u00fcr.<\/p>\n","protected":false},"featured_media":20119,"comment_status":"open","ping_status":"closed","template":"","meta":{"_kad_post_transparent":"","_kad_post_title":"","_kad_post_layout":"","_kad_post_sidebar_id":"","_kad_post_content_style":"","_kad_post_vertical_padding":"","_kad_post_feature":"","_kad_post_feature_position":"","_kad_post_header":false,"_kad_post_footer":false,"_kad_post_classname":""},"product_brand":[],"product_cat":[23],"product_tag":[],"class_list":{"0":"post-20120","1":"product","2":"type-product","3":"status-publish","4":"has-post-thumbnail","6":"product_cat-genel","8":"first","9":"instock","10":"purchasable","11":"product-type-simple","12":"entry","13":"content-bg","14":"loop-entry"},"_links":{"self":[{"href":"https:\/\/www.hediyepazar.com\/index.php?rest_route=\/wp\/v2\/product\/20120","targetHints":{"allow":["GET"]}}],"collection":[{"href":"https:\/\/www.hediyepazar.com\/index.php?rest_route=\/wp\/v2\/product"}],"about":[{"href":"https:\/\/www.hediyepazar.com\/index.php?rest_route=\/wp\/v2\/types\/product"}],"replies":[{"embeddable":true,"href":"https:\/\/www.hediyepazar.com\/index.php?rest_route=%2Fwp%2Fv2%2Fcomments&post=20120"}],"wp:featuredmedia":[{"embeddable":true,"href":"https:\/\/www.hediyepazar.com\/index.php?rest_route=\/wp\/v2\/media\/20119"}],"wp:attachment":[{"href":"https:\/\/www.hediyepazar.com\/index.php?rest_route=%2Fwp%2Fv2%2Fmedia&parent=20120"}],"wp:term":[{"taxonomy":"product_brand","embeddable":true,"href":"https:\/\/www.hediyepazar.com\/index.php?rest_route=%2Fwp%2Fv2%2Fproduct_brand&post=20120"},{"taxonomy":"product_cat","embeddable":true,"href":"https:\/\/www.hediyepazar.com\/index.php?rest_route=%2Fwp%2Fv2%2Fproduct_cat&post=20120"},{"taxonomy":"product_tag","embeddable":true,"href":"https:\/\/www.hediyepazar.com\/index.php?rest_route=%2Fwp%2Fv2%2Fproduct_tag&post=20120"}],"curies":[{"name":"wp","href":"https:\/\/api.w.org\/{rel}","templated":true}]}}