{"id":20160,"date":"2026-04-26T19:38:39","date_gmt":"2026-04-26T22:38:39","guid":{"rendered":"https:\/\/www.hediyepazar.com\/?product=tak-calistir-mini-retro-gamepad-520-klasik-oyun"},"modified":"2026-04-26T19:38:39","modified_gmt":"2026-04-26T22:38:39","slug":"tak-calistir-mini-retro-gamepad-520-klasik-oyun","status":"publish","type":"product","link":"https:\/\/www.hediyepazar.com\/?product=tak-calistir-mini-retro-gamepad-520-klasik-oyun","title":{"rendered":"Tak \u00c7al\u0131\u015ft\u0131r Mini Retro Gamepad | 520 Klasik Oyun"},"content":{"rendered":"","protected":false},"excerpt":{"rendered":"<p>Karma\u015f\u0131k ayarlar ya da uzun y\u00fckleme s\u00fcreleri yok. P5 Retro GamePad, tak-\u00e7al\u0131\u015ft\u0131r \u00f6zelli\u011fiyle saniyeler i\u00e7inde kullan\u0131ma haz\u0131r hale gelir. Cihaz\u0131 televizyonunuza ba\u011flay\u0131n ve hemen nostaljik oyun d\u00fcnyas\u0131na ad\u0131m at\u0131n. Kompakt yap\u0131s\u0131 sayesinde \u00e7antan\u0131za kolayca s\u0131\u011far ve her yerde e\u011flenceyi yan\u0131n\u0131za alman\u0131z\u0131 sa\u011flar. \u00d6zellikle nostaljik hediyelik arayanlar i\u00e7in m\u00fckemmel bir tercihtir.<\/p>\n","protected":false},"featured_media":20159,"comment_status":"open","ping_status":"closed","template":"","meta":{"_kad_post_transparent":"","_kad_post_title":"","_kad_post_layout":"","_kad_post_sidebar_id":"","_kad_post_content_style":"","_kad_post_vertical_padding":"","_kad_post_feature":"","_kad_post_feature_position":"","_kad_post_header":false,"_kad_post_footer":false,"_kad_post_classname":""},"product_brand":[],"product_cat":[23],"product_tag":[],"class_list":{"0":"post-20160","1":"product","2":"type-product","3":"status-publish","4":"has-post-thumbnail","6":"product_cat-genel","8":"first","9":"instock","10":"purchasable","11":"product-type-simple","12":"entry","13":"content-bg","14":"loop-entry"},"_links":{"self":[{"href":"https:\/\/www.hediyepazar.com\/index.php?rest_route=\/wp\/v2\/product\/20160","targetHints":{"allow":["GET"]}}],"collection":[{"href":"https:\/\/www.hediyepazar.com\/index.php?rest_route=\/wp\/v2\/product"}],"about":[{"href":"https:\/\/www.hediyepazar.com\/index.php?rest_route=\/wp\/v2\/types\/product"}],"replies":[{"embeddable":true,"href":"https:\/\/www.hediyepazar.com\/index.php?rest_route=%2Fwp%2Fv2%2Fcomments&post=20160"}],"wp:featuredmedia":[{"embeddable":true,"href":"https:\/\/www.hediyepazar.com\/index.php?rest_route=\/wp\/v2\/media\/20159"}],"wp:attachment":[{"href":"https:\/\/www.hediyepazar.com\/index.php?rest_route=%2Fwp%2Fv2%2Fmedia&parent=20160"}],"wp:term":[{"taxonomy":"product_brand","embeddable":true,"href":"https:\/\/www.hediyepazar.com\/index.php?rest_route=%2Fwp%2Fv2%2Fproduct_brand&post=20160"},{"taxonomy":"product_cat","embeddable":true,"href":"https:\/\/www.hediyepazar.com\/index.php?rest_route=%2Fwp%2Fv2%2Fproduct_cat&post=20160"},{"taxonomy":"product_tag","embeddable":true,"href":"https:\/\/www.hediyepazar.com\/index.php?rest_route=%2Fwp%2Fv2%2Fproduct_tag&post=20160"}],"curies":[{"name":"wp","href":"https:\/\/api.w.org\/{rel}","templated":true}]}}