{"id":20164,"date":"2026-04-26T19:38:42","date_gmt":"2026-04-26T22:38:42","guid":{"rendered":"https:\/\/www.hediyepazar.com\/?product=magsafe-uyumlu-kablosuz-powerbank-guclu-miknatis-hizli-sarj-kompakt-tasarim"},"modified":"2026-04-26T19:38:42","modified_gmt":"2026-04-26T22:38:42","slug":"magsafe-uyumlu-kablosuz-powerbank-guclu-miknatis-hizli-sarj-kompakt-tasarim","status":"publish","type":"product","link":"https:\/\/www.hediyepazar.com\/?product=magsafe-uyumlu-kablosuz-powerbank-guclu-miknatis-hizli-sarj-kompakt-tasarim","title":{"rendered":"Magsafe Uyumlu Kablosuz Powerbank \u2013 G\u00fc\u00e7l\u00fc M\u0131knat\u0131s, H\u0131zl\u0131 \u015earj, Kompakt Tasar\u0131m"},"content":{"rendered":"","protected":false},"excerpt":{"rendered":"<p>G\u00fc\u00e7lendirilmi\u015f m\u0131knat\u0131s yap\u0131s\u0131, cihaz\u0131n\u0131z\u0131 s\u0131k\u0131ca tutarak \u015farj s\u0131ras\u0131nda kayma veya kopma riskini ortadan kald\u0131r\u0131r. iPhone 12, 13, 14 ve 15 serisiyle tam uyumlu olan bu MagSafe destekli powerbank, cihaz\u0131n\u0131zla m\u00fckemmel hizalanarak kesintisiz \u015farj sa\u011flar.G\u00fc\u00e7l\u00fc manyetik ba\u011flant\u0131, \u015farj s\u0131ras\u0131nda bile telefonunuzu g\u00fcvenli bir \u015fekilde kullanman\u0131za olanak tan\u0131r. Manyetik \u00e7ekim kuvveti kararl\u0131 ve dengelidir; titre\u015fim ya da hareket durumunda bile ba\u011flant\u0131 kopmaz.<\/p>\n","protected":false},"featured_media":20163,"comment_status":"open","ping_status":"closed","template":"","meta":{"_kad_post_transparent":"","_kad_post_title":"","_kad_post_layout":"","_kad_post_sidebar_id":"","_kad_post_content_style":"","_kad_post_vertical_padding":"","_kad_post_feature":"","_kad_post_feature_position":"","_kad_post_header":false,"_kad_post_footer":false,"_kad_post_classname":""},"product_brand":[],"product_cat":[23],"product_tag":[],"class_list":{"0":"post-20164","1":"product","2":"type-product","3":"status-publish","4":"has-post-thumbnail","6":"product_cat-genel","8":"first","9":"instock","10":"purchasable","11":"product-type-simple","12":"entry","13":"content-bg","14":"loop-entry"},"_links":{"self":[{"href":"https:\/\/www.hediyepazar.com\/index.php?rest_route=\/wp\/v2\/product\/20164","targetHints":{"allow":["GET"]}}],"collection":[{"href":"https:\/\/www.hediyepazar.com\/index.php?rest_route=\/wp\/v2\/product"}],"about":[{"href":"https:\/\/www.hediyepazar.com\/index.php?rest_route=\/wp\/v2\/types\/product"}],"replies":[{"embeddable":true,"href":"https:\/\/www.hediyepazar.com\/index.php?rest_route=%2Fwp%2Fv2%2Fcomments&post=20164"}],"wp:featuredmedia":[{"embeddable":true,"href":"https:\/\/www.hediyepazar.com\/index.php?rest_route=\/wp\/v2\/media\/20163"}],"wp:attachment":[{"href":"https:\/\/www.hediyepazar.com\/index.php?rest_route=%2Fwp%2Fv2%2Fmedia&parent=20164"}],"wp:term":[{"taxonomy":"product_brand","embeddable":true,"href":"https:\/\/www.hediyepazar.com\/index.php?rest_route=%2Fwp%2Fv2%2Fproduct_brand&post=20164"},{"taxonomy":"product_cat","embeddable":true,"href":"https:\/\/www.hediyepazar.com\/index.php?rest_route=%2Fwp%2Fv2%2Fproduct_cat&post=20164"},{"taxonomy":"product_tag","embeddable":true,"href":"https:\/\/www.hediyepazar.com\/index.php?rest_route=%2Fwp%2Fv2%2Fproduct_tag&post=20164"}],"curies":[{"name":"wp","href":"https:\/\/api.w.org\/{rel}","templated":true}]}}