{"id":20188,"date":"2026-04-26T19:38:55","date_gmt":"2026-04-26T22:38:55","guid":{"rendered":"https:\/\/www.hediyepazar.com\/?product=p5-retro-gamepad-520-klasik-oyunlu-mini-oyun-konsolu"},"modified":"2026-04-26T19:38:55","modified_gmt":"2026-04-26T22:38:55","slug":"p5-retro-gamepad-520-klasik-oyunlu-mini-oyun-konsolu","status":"publish","type":"product","link":"https:\/\/www.hediyepazar.com\/?product=p5-retro-gamepad-520-klasik-oyunlu-mini-oyun-konsolu","title":{"rendered":"P5 Retro Gamepad | 520 Klasik Oyunlu Mini Oyun Konsolu"},"content":{"rendered":"","protected":false},"excerpt":{"rendered":"<p>P5 Retro GamePad, ge\u00e7mi\u015fin unutulmaz oyunlar\u0131n\u0131 g\u00fcn\u00fcm\u00fcz teknolojisiyle bulu\u015fturarak e\u011flenceli an\u0131lar\u0131n\u0131z\u0131 yeniden ya\u015fat\u0131yor. \u0130\u00e7erisinde y\u00fckl\u00fc olarak gelen 520 adet klasik oyun, sizi 8-bit ve 16-bit d\u00f6neminin alt\u0131n \u00e7a\u011flar\u0131na g\u00f6t\u00fcr\u00fcyor. Tak-\u00e7al\u0131\u015ft\u0131r \u00f6zelli\u011fi sayesinde cihaz\u0131 ba\u011flaman\u0131z yeterli \u2014 karma\u015f\u0131k kurulumlarla u\u011fra\u015fman\u0131za gerek kalmadan hemen oynamaya ba\u015flayabilirsiniz. Mini boyutlar\u0131 ve hafif yap\u0131s\u0131 sayesinde bu konsolu gitti\u011finiz her yere g\u00f6t\u00fcrebilir, arkada\u015f bulu\u015fmalar\u0131nda veya yolculuklarda an\u0131nda retro oyun keyfini ba\u015flatabilirsiniz.<\/p>\n","protected":false},"featured_media":20187,"comment_status":"open","ping_status":"closed","template":"","meta":{"_kad_post_transparent":"","_kad_post_title":"","_kad_post_layout":"","_kad_post_sidebar_id":"","_kad_post_content_style":"","_kad_post_vertical_padding":"","_kad_post_feature":"","_kad_post_feature_position":"","_kad_post_header":false,"_kad_post_footer":false,"_kad_post_classname":""},"product_brand":[],"product_cat":[23],"product_tag":[],"class_list":{"0":"post-20188","1":"product","2":"type-product","3":"status-publish","4":"has-post-thumbnail","6":"product_cat-genel","8":"first","9":"instock","10":"purchasable","11":"product-type-simple","12":"entry","13":"content-bg","14":"loop-entry"},"_links":{"self":[{"href":"https:\/\/www.hediyepazar.com\/index.php?rest_route=\/wp\/v2\/product\/20188","targetHints":{"allow":["GET"]}}],"collection":[{"href":"https:\/\/www.hediyepazar.com\/index.php?rest_route=\/wp\/v2\/product"}],"about":[{"href":"https:\/\/www.hediyepazar.com\/index.php?rest_route=\/wp\/v2\/types\/product"}],"replies":[{"embeddable":true,"href":"https:\/\/www.hediyepazar.com\/index.php?rest_route=%2Fwp%2Fv2%2Fcomments&post=20188"}],"wp:featuredmedia":[{"embeddable":true,"href":"https:\/\/www.hediyepazar.com\/index.php?rest_route=\/wp\/v2\/media\/20187"}],"wp:attachment":[{"href":"https:\/\/www.hediyepazar.com\/index.php?rest_route=%2Fwp%2Fv2%2Fmedia&parent=20188"}],"wp:term":[{"taxonomy":"product_brand","embeddable":true,"href":"https:\/\/www.hediyepazar.com\/index.php?rest_route=%2Fwp%2Fv2%2Fproduct_brand&post=20188"},{"taxonomy":"product_cat","embeddable":true,"href":"https:\/\/www.hediyepazar.com\/index.php?rest_route=%2Fwp%2Fv2%2Fproduct_cat&post=20188"},{"taxonomy":"product_tag","embeddable":true,"href":"https:\/\/www.hediyepazar.com\/index.php?rest_route=%2Fwp%2Fv2%2Fproduct_tag&post=20188"}],"curies":[{"name":"wp","href":"https:\/\/api.w.org\/{rel}","templated":true}]}}