{"id":20406,"date":"2026-04-26T19:41:15","date_gmt":"2026-04-26T22:41:15","guid":{"rendered":"https:\/\/www.hediyepazar.com\/?product=ergonomik-kablosuz-klavye-mouse-takimi-tam-boy-sessiz-ve-guvenilir"},"modified":"2026-04-26T19:41:15","modified_gmt":"2026-04-26T22:41:15","slug":"ergonomik-kablosuz-klavye-mouse-takimi-tam-boy-sessiz-ve-guvenilir","status":"publish","type":"product","link":"https:\/\/www.hediyepazar.com\/?product=ergonomik-kablosuz-klavye-mouse-takimi-tam-boy-sessiz-ve-guvenilir","title":{"rendered":"Ergonomik Kablosuz Klavye Mouse Tak\u0131m\u0131 &#8211; Tam Boy, Sessiz Ve G\u00fcvenilir"},"content":{"rendered":"","protected":false},"excerpt":{"rendered":"<p>Modern \u00e7al\u0131\u015fma alan\u0131n\u0131z i\u00e7in ideal bir tercih olan bu kablosuz klavye ve mouse seti, ergonomik tasar\u0131m\u0131 ve teknik \u00f6zellikleriyle dikkat \u00e7eker. Klavyede yer alan katlanabilir stant, bile\u011finizi destekler ve uzun s\u00fcreli yaz\u0131larda konfor sa\u011flar. Fare ise elde rahat\u00e7a kavranabilecek \u015fekilde tasarlanm\u0131\u015ft\u0131r ve t\u00fcm g\u00fcn kullan\u0131ma uygun konfor sunar. Geli\u015fmi\u015f 2.4 GHz kablosuz teknoloji, ba\u011flant\u0131 kopmas\u0131 ya da gecikme gibi problemleri ortadan kald\u0131r\u0131r. 33 feet (yakla\u015f\u0131k 10 metre) mesafeye kadar sorunsuz \u00e7al\u0131\u015farak size \u00f6zg\u00fcrl\u00fck tan\u0131r. Minimal bir USB al\u0131c\u0131s\u0131yla hem klavye hem fare ba\u011flanabilir, b\u00f6ylece USB giri\u015fleriniz dolmaz. Tam boy klavye; say\u0131sal tu\u015f tak\u0131m\u0131 ve \u00e7oklu medya k\u0131sayollar\u0131 i\u00e7erir. Bu kombinasyon veri giri\u015flerinde h\u0131z kazand\u0131r\u0131r ve medya kontrol\u00fcn\u00fc kolayla\u015ft\u0131r\u0131r. Multimedya tu\u015flar\u0131n\u0131n Mac sistemleriyle uyumlu olmad\u0131\u011f\u0131n\u0131 unutmay\u0131n. Sessiz mekanizmas\u0131 sayesinde tu\u015f seslerini minimuma indirir. Ofis, k\u00fct\u00fcphane ya da ev ortamlar\u0131nda \u00e7al\u0131\u015f\u0131rken \u00e7evrenizdeki insanlar\u0131 rahats\u0131z etmezsiniz. G\u00fc\u00e7 t\u00fcketimini optimize eden enerji tasarruf modu sayesinde piller daha uzun \u00f6m\u00fcrl\u00fc hale gelir. Klavye 2 adet AAA, fare ise 1 adet AA pille \u00e7al\u0131\u015f\u0131r. \u00c7ok \u00e7e\u015fitli sistemlerle uyumlu olan bu set, USB portuna sahip t\u00fcm cihazlarla \u00e7al\u0131\u015f\u0131r. Windows ve Linux sistemlerinde sorunsuz \u00e7al\u0131\u015f\u0131rken, farkl\u0131 marka diz\u00fcst\u00fc bilgisayarlarda da kolayca kullan\u0131labilir.<\/p>\n","protected":false},"featured_media":20405,"comment_status":"open","ping_status":"closed","template":"","meta":{"_kad_post_transparent":"","_kad_post_title":"","_kad_post_layout":"","_kad_post_sidebar_id":"","_kad_post_content_style":"","_kad_post_vertical_padding":"","_kad_post_feature":"","_kad_post_feature_position":"","_kad_post_header":false,"_kad_post_footer":false,"_kad_post_classname":""},"product_brand":[],"product_cat":[23],"product_tag":[],"class_list":{"0":"post-20406","1":"product","2":"type-product","3":"status-publish","4":"has-post-thumbnail","6":"product_cat-genel","8":"first","9":"instock","10":"purchasable","11":"product-type-simple","12":"entry","13":"content-bg","14":"loop-entry"},"_links":{"self":[{"href":"https:\/\/www.hediyepazar.com\/index.php?rest_route=\/wp\/v2\/product\/20406","targetHints":{"allow":["GET"]}}],"collection":[{"href":"https:\/\/www.hediyepazar.com\/index.php?rest_route=\/wp\/v2\/product"}],"about":[{"href":"https:\/\/www.hediyepazar.com\/index.php?rest_route=\/wp\/v2\/types\/product"}],"replies":[{"embeddable":true,"href":"https:\/\/www.hediyepazar.com\/index.php?rest_route=%2Fwp%2Fv2%2Fcomments&post=20406"}],"wp:featuredmedia":[{"embeddable":true,"href":"https:\/\/www.hediyepazar.com\/index.php?rest_route=\/wp\/v2\/media\/20405"}],"wp:attachment":[{"href":"https:\/\/www.hediyepazar.com\/index.php?rest_route=%2Fwp%2Fv2%2Fmedia&parent=20406"}],"wp:term":[{"taxonomy":"product_brand","embeddable":true,"href":"https:\/\/www.hediyepazar.com\/index.php?rest_route=%2Fwp%2Fv2%2Fproduct_brand&post=20406"},{"taxonomy":"product_cat","embeddable":true,"href":"https:\/\/www.hediyepazar.com\/index.php?rest_route=%2Fwp%2Fv2%2Fproduct_cat&post=20406"},{"taxonomy":"product_tag","embeddable":true,"href":"https:\/\/www.hediyepazar.com\/index.php?rest_route=%2Fwp%2Fv2%2Fproduct_tag&post=20406"}],"curies":[{"name":"wp","href":"https:\/\/api.w.org\/{rel}","templated":true}]}}