{"id":20408,"date":"2026-04-26T19:41:16","date_gmt":"2026-04-26T22:41:16","guid":{"rendered":"https:\/\/www.hediyepazar.com\/?product=bluetooth-5-0-kulaklik-led-ekranli-sarj-kutusu"},"modified":"2026-04-26T19:41:16","modified_gmt":"2026-04-26T22:41:16","slug":"bluetooth-5-0-kulaklik-led-ekranli-sarj-kutusu","status":"publish","type":"product","link":"https:\/\/www.hediyepazar.com\/?product=bluetooth-5-0-kulaklik-led-ekranli-sarj-kutusu","title":{"rendered":"Bluetooth 5.0 Kulakl\u0131k \u2013 Led Ekranl\u0131 \u015earj Kutusu"},"content":{"rendered":"","protected":false},"excerpt":{"rendered":"<p>Titanyum kompozit membran hoparl\u00f6r yap\u0131s\u0131 sayesinde bu kulakl\u0131k, m\u00fczi\u011fin her ayr\u0131nt\u0131s\u0131n\u0131 net ve g\u00fc\u00e7l\u00fc \u015fekilde duyurur. Derin baslar, dengeli tizler ve kristal netli\u011finde orta frekanslarla ger\u00e7ek\u00e7i bir ses deneyimi ya\u015fat\u0131r. Bluetooth 5.0 + EDR teknolojisi ile h\u0131zl\u0131, kararl\u0131 ve kesintisiz ba\u011flant\u0131 sa\u011flar. 10 metreye kadar uzakla\u015fsan\u0131z bile ba\u011flant\u0131 kopmaz. Hafif tasar\u0131m\u0131 ve ergonomik yap\u0131s\u0131 sayesinde uzun s\u00fcreli kullan\u0131mlarda dahi rahats\u0131z etmez.<\/p>\n","protected":false},"featured_media":20407,"comment_status":"open","ping_status":"closed","template":"","meta":{"_kad_post_transparent":"","_kad_post_title":"","_kad_post_layout":"","_kad_post_sidebar_id":"","_kad_post_content_style":"","_kad_post_vertical_padding":"","_kad_post_feature":"","_kad_post_feature_position":"","_kad_post_header":false,"_kad_post_footer":false,"_kad_post_classname":""},"product_brand":[],"product_cat":[23],"product_tag":[],"class_list":{"0":"post-20408","1":"product","2":"type-product","3":"status-publish","4":"has-post-thumbnail","6":"product_cat-genel","8":"first","9":"instock","10":"purchasable","11":"product-type-simple","12":"entry","13":"content-bg","14":"loop-entry"},"_links":{"self":[{"href":"https:\/\/www.hediyepazar.com\/index.php?rest_route=\/wp\/v2\/product\/20408","targetHints":{"allow":["GET"]}}],"collection":[{"href":"https:\/\/www.hediyepazar.com\/index.php?rest_route=\/wp\/v2\/product"}],"about":[{"href":"https:\/\/www.hediyepazar.com\/index.php?rest_route=\/wp\/v2\/types\/product"}],"replies":[{"embeddable":true,"href":"https:\/\/www.hediyepazar.com\/index.php?rest_route=%2Fwp%2Fv2%2Fcomments&post=20408"}],"wp:featuredmedia":[{"embeddable":true,"href":"https:\/\/www.hediyepazar.com\/index.php?rest_route=\/wp\/v2\/media\/20407"}],"wp:attachment":[{"href":"https:\/\/www.hediyepazar.com\/index.php?rest_route=%2Fwp%2Fv2%2Fmedia&parent=20408"}],"wp:term":[{"taxonomy":"product_brand","embeddable":true,"href":"https:\/\/www.hediyepazar.com\/index.php?rest_route=%2Fwp%2Fv2%2Fproduct_brand&post=20408"},{"taxonomy":"product_cat","embeddable":true,"href":"https:\/\/www.hediyepazar.com\/index.php?rest_route=%2Fwp%2Fv2%2Fproduct_cat&post=20408"},{"taxonomy":"product_tag","embeddable":true,"href":"https:\/\/www.hediyepazar.com\/index.php?rest_route=%2Fwp%2Fv2%2Fproduct_tag&post=20408"}],"curies":[{"name":"wp","href":"https:\/\/api.w.org\/{rel}","templated":true}]}}