{"id":2138,"date":"2026-04-26T06:40:52","date_gmt":"2026-04-26T09:40:52","guid":{"rendered":"https:\/\/www.hediyepazar.com\/?product=orbus-12v-5ah-elektrikli-karbon-bisiklet-akusu-12n5-bs"},"modified":"2026-04-26T06:40:53","modified_gmt":"2026-04-26T09:40:53","slug":"orbus-12v-5ah-elektrikli-karbon-bisiklet-akusu-12n5-bs","status":"publish","type":"product","link":"https:\/\/www.hediyepazar.com\/?product=orbus-12v-5ah-elektrikli-karbon-bisiklet-akusu-12n5-bs","title":{"rendered":"Orbus 12v 5ah Elektrikli Karbon Bisiklet Ak\u00fcs\u00fc 12n5-bs"},"content":{"rendered":"<p>Orbus 12v 5ah Elektrikli Karbon Bisiklet Ak\u00fcs\u00fc 12n5-bs<\/p>\n","protected":false},"excerpt":{"rendered":"<p>Orbus 12v 5ah Elektrikli Karbon Bisiklet Ak\u00fcs\u00fc 12n5-bs<\/p>\n","protected":false},"featured_media":2139,"comment_status":"closed","ping_status":"open","template":"","meta":{"_kad_post_transparent":"","_kad_post_title":"","_kad_post_layout":"","_kad_post_sidebar_id":"","_kad_post_content_style":"","_kad_post_vertical_padding":"","_kad_post_feature":"","_kad_post_feature_position":"","_kad_post_header":false,"_kad_post_footer":false,"_kad_post_classname":""},"product_brand":[],"product_cat":[304],"product_tag":[],"class_list":{"0":"post-2138","1":"product","2":"type-product","3":"status-publish","4":"has-post-thumbnail","6":"product_cat-adaptor-aku-pil-akuler-elektrikli-bisiklet-akuleri","8":"first","9":"instock","10":"purchasable","11":"product-type-simple","12":"entry","13":"content-bg","14":"loop-entry"},"_links":{"self":[{"href":"https:\/\/www.hediyepazar.com\/index.php?rest_route=\/wp\/v2\/product\/2138","targetHints":{"allow":["GET"]}}],"collection":[{"href":"https:\/\/www.hediyepazar.com\/index.php?rest_route=\/wp\/v2\/product"}],"about":[{"href":"https:\/\/www.hediyepazar.com\/index.php?rest_route=\/wp\/v2\/types\/product"}],"replies":[{"embeddable":true,"href":"https:\/\/www.hediyepazar.com\/index.php?rest_route=%2Fwp%2Fv2%2Fcomments&post=2138"}],"wp:featuredmedia":[{"embeddable":true,"href":"https:\/\/www.hediyepazar.com\/index.php?rest_route=\/wp\/v2\/media\/2139"}],"wp:attachment":[{"href":"https:\/\/www.hediyepazar.com\/index.php?rest_route=%2Fwp%2Fv2%2Fmedia&parent=2138"}],"wp:term":[{"taxonomy":"product_brand","embeddable":true,"href":"https:\/\/www.hediyepazar.com\/index.php?rest_route=%2Fwp%2Fv2%2Fproduct_brand&post=2138"},{"taxonomy":"product_cat","embeddable":true,"href":"https:\/\/www.hediyepazar.com\/index.php?rest_route=%2Fwp%2Fv2%2Fproduct_cat&post=2138"},{"taxonomy":"product_tag","embeddable":true,"href":"https:\/\/www.hediyepazar.com\/index.php?rest_route=%2Fwp%2Fv2%2Fproduct_tag&post=2138"}],"curies":[{"name":"wp","href":"https:\/\/api.w.org\/{rel}","templated":true}]}}