{"id":2312,"date":"2026-04-26T06:41:42","date_gmt":"2026-04-26T09:41:42","guid":{"rendered":"https:\/\/www.hediyepazar.com\/?product=powermaster-universal-m-5-disli-kisa-cubuk-anten-pm-19637"},"modified":"2026-04-26T06:41:44","modified_gmt":"2026-04-26T09:41:44","slug":"powermaster-universal-m-5-disli-kisa-cubuk-anten-pm-19637","status":"publish","type":"product","link":"https:\/\/www.hediyepazar.com\/?product=powermaster-universal-m-5-disli-kisa-cubuk-anten-pm-19637","title":{"rendered":"Powermaster Universal M.5 Di\u015fli K\u0131sa \u00c7ubuk Anten Pm-19637"},"content":{"rendered":"<p>Powermaster Universal M.5 Di\u015fli K\u0131sa \u00c7ubuk Anten Pm-19637<\/p>\n","protected":false},"excerpt":{"rendered":"<p>Powermaster Universal M.5 Di\u015fli K\u0131sa \u00c7ubuk Anten Pm-19637<\/p>\n","protected":false},"featured_media":2313,"comment_status":"closed","ping_status":"open","template":"","meta":{"_kad_post_transparent":"","_kad_post_title":"","_kad_post_layout":"","_kad_post_sidebar_id":"","_kad_post_content_style":"","_kad_post_vertical_padding":"","_kad_post_feature":"","_kad_post_feature_position":"","_kad_post_header":false,"_kad_post_footer":false,"_kad_post_classname":""},"product_brand":[],"product_cat":[200],"product_tag":[],"class_list":{"0":"post-2312","1":"product","2":"type-product","3":"status-publish","4":"has-post-thumbnail","6":"product_cat-oto-ses-ve-goruntu-sistemleri-oto-aksesuarlari-oto-antenler","8":"first","9":"instock","10":"purchasable","11":"product-type-simple","12":"entry","13":"content-bg","14":"loop-entry"},"_links":{"self":[{"href":"https:\/\/www.hediyepazar.com\/index.php?rest_route=\/wp\/v2\/product\/2312","targetHints":{"allow":["GET"]}}],"collection":[{"href":"https:\/\/www.hediyepazar.com\/index.php?rest_route=\/wp\/v2\/product"}],"about":[{"href":"https:\/\/www.hediyepazar.com\/index.php?rest_route=\/wp\/v2\/types\/product"}],"replies":[{"embeddable":true,"href":"https:\/\/www.hediyepazar.com\/index.php?rest_route=%2Fwp%2Fv2%2Fcomments&post=2312"}],"wp:featuredmedia":[{"embeddable":true,"href":"https:\/\/www.hediyepazar.com\/index.php?rest_route=\/wp\/v2\/media\/2313"}],"wp:attachment":[{"href":"https:\/\/www.hediyepazar.com\/index.php?rest_route=%2Fwp%2Fv2%2Fmedia&parent=2312"}],"wp:term":[{"taxonomy":"product_brand","embeddable":true,"href":"https:\/\/www.hediyepazar.com\/index.php?rest_route=%2Fwp%2Fv2%2Fproduct_brand&post=2312"},{"taxonomy":"product_cat","embeddable":true,"href":"https:\/\/www.hediyepazar.com\/index.php?rest_route=%2Fwp%2Fv2%2Fproduct_cat&post=2312"},{"taxonomy":"product_tag","embeddable":true,"href":"https:\/\/www.hediyepazar.com\/index.php?rest_route=%2Fwp%2Fv2%2Fproduct_tag&post=2312"}],"curies":[{"name":"wp","href":"https:\/\/api.w.org\/{rel}","templated":true}]}}