{"id":2624,"date":"2026-04-26T06:43:19","date_gmt":"2026-04-26T09:43:19","guid":{"rendered":"https:\/\/www.hediyepazar.com\/?product=powermaster-jlp-2186-askili-miknatisli-sarj-edilebilir-gece-lambasi"},"modified":"2026-04-26T06:43:21","modified_gmt":"2026-04-26T09:43:21","slug":"powermaster-jlp-2186-askili-miknatisli-sarj-edilebilir-gece-lambasi","status":"publish","type":"product","link":"https:\/\/www.hediyepazar.com\/?product=powermaster-jlp-2186-askili-miknatisli-sarj-edilebilir-gece-lambasi","title":{"rendered":"Powermaster Jlp-2186 Ask\u0131l\u0131 M\u0131knat\u0131sl\u0131 \u015earj Edilebilir Gece Lambas\u0131"},"content":{"rendered":"<p>Powermaster Jlp-2186 Ask\u0131l\u0131 M\u0131knat\u0131sl\u0131 \u015earj Edilebilir Gece Lambas\u0131<\/p>\n","protected":false},"excerpt":{"rendered":"<p>Powermaster Jlp-2186 Ask\u0131l\u0131 M\u0131knat\u0131sl\u0131 \u015earj Edilebilir Gece Lambas\u0131<\/p>\n","protected":false},"featured_media":2625,"comment_status":"closed","ping_status":"open","template":"","meta":{"_kad_post_transparent":"","_kad_post_title":"","_kad_post_layout":"","_kad_post_sidebar_id":"","_kad_post_content_style":"","_kad_post_vertical_padding":"","_kad_post_feature":"","_kad_post_feature_position":"","_kad_post_header":false,"_kad_post_footer":false,"_kad_post_classname":""},"product_brand":[],"product_cat":[337],"product_tag":[],"class_list":{"0":"post-2624","1":"product","2":"type-product","3":"status-publish","4":"has-post-thumbnail","6":"product_cat-led-ve-aydinlatma","8":"first","9":"instock","10":"purchasable","11":"product-type-simple","12":"entry","13":"content-bg","14":"loop-entry"},"_links":{"self":[{"href":"https:\/\/www.hediyepazar.com\/index.php?rest_route=\/wp\/v2\/product\/2624","targetHints":{"allow":["GET"]}}],"collection":[{"href":"https:\/\/www.hediyepazar.com\/index.php?rest_route=\/wp\/v2\/product"}],"about":[{"href":"https:\/\/www.hediyepazar.com\/index.php?rest_route=\/wp\/v2\/types\/product"}],"replies":[{"embeddable":true,"href":"https:\/\/www.hediyepazar.com\/index.php?rest_route=%2Fwp%2Fv2%2Fcomments&post=2624"}],"wp:featuredmedia":[{"embeddable":true,"href":"https:\/\/www.hediyepazar.com\/index.php?rest_route=\/wp\/v2\/media\/2625"}],"wp:attachment":[{"href":"https:\/\/www.hediyepazar.com\/index.php?rest_route=%2Fwp%2Fv2%2Fmedia&parent=2624"}],"wp:term":[{"taxonomy":"product_brand","embeddable":true,"href":"https:\/\/www.hediyepazar.com\/index.php?rest_route=%2Fwp%2Fv2%2Fproduct_brand&post=2624"},{"taxonomy":"product_cat","embeddable":true,"href":"https:\/\/www.hediyepazar.com\/index.php?rest_route=%2Fwp%2Fv2%2Fproduct_cat&post=2624"},{"taxonomy":"product_tag","embeddable":true,"href":"https:\/\/www.hediyepazar.com\/index.php?rest_route=%2Fwp%2Fv2%2Fproduct_tag&post=2624"}],"curies":[{"name":"wp","href":"https:\/\/api.w.org\/{rel}","templated":true}]}}