{"id":3056,"date":"2026-04-26T06:45:33","date_gmt":"2026-04-26T09:45:33","guid":{"rendered":"https:\/\/www.hediyepazar.com\/?product=4mm-banan-jak-girisli-krokodil-catiii-ic-243c"},"modified":"2026-04-26T06:45:33","modified_gmt":"2026-04-26T09:45:33","slug":"4mm-banan-jak-girisli-krokodil-catiii-ic-243c","status":"publish","type":"product","link":"https:\/\/www.hediyepazar.com\/?product=4mm-banan-jak-girisli-krokodil-catiii-ic-243c","title":{"rendered":"4mm Banan Jak Giri\u015fli Krokodil Cat\u0131\u0131\u0131 (\u0131c-243c)"},"content":{"rendered":"<p>4mm Banan Jak Giri\u015fli Krokodil Cat\u0131\u0131\u0131 (\u0131c-243c)<\/p>\n","protected":false},"excerpt":{"rendered":"<p>4mm Banan Jak Giri\u015fli Krokodil Cat\u0131\u0131\u0131 (\u0131c-243c)<\/p>\n","protected":false},"featured_media":3057,"comment_status":"closed","ping_status":"open","template":"","meta":{"_kad_post_transparent":"","_kad_post_title":"","_kad_post_layout":"","_kad_post_sidebar_id":"","_kad_post_content_style":"","_kad_post_vertical_padding":"","_kad_post_feature":"","_kad_post_feature_position":"","_kad_post_header":false,"_kad_post_footer":false,"_kad_post_classname":""},"product_brand":[],"product_cat":[214],"product_tag":[],"class_list":{"0":"post-3056","1":"product","2":"type-product","3":"status-publish","4":"has-post-thumbnail","6":"product_cat-hirdavat-malzemeleri-hirdavat-tamir-malzemeleri-fis-jack-sase","8":"first","9":"instock","10":"purchasable","11":"product-type-simple","12":"entry","13":"content-bg","14":"loop-entry"},"_links":{"self":[{"href":"https:\/\/www.hediyepazar.com\/index.php?rest_route=\/wp\/v2\/product\/3056","targetHints":{"allow":["GET"]}}],"collection":[{"href":"https:\/\/www.hediyepazar.com\/index.php?rest_route=\/wp\/v2\/product"}],"about":[{"href":"https:\/\/www.hediyepazar.com\/index.php?rest_route=\/wp\/v2\/types\/product"}],"replies":[{"embeddable":true,"href":"https:\/\/www.hediyepazar.com\/index.php?rest_route=%2Fwp%2Fv2%2Fcomments&post=3056"}],"wp:featuredmedia":[{"embeddable":true,"href":"https:\/\/www.hediyepazar.com\/index.php?rest_route=\/wp\/v2\/media\/3057"}],"wp:attachment":[{"href":"https:\/\/www.hediyepazar.com\/index.php?rest_route=%2Fwp%2Fv2%2Fmedia&parent=3056"}],"wp:term":[{"taxonomy":"product_brand","embeddable":true,"href":"https:\/\/www.hediyepazar.com\/index.php?rest_route=%2Fwp%2Fv2%2Fproduct_brand&post=3056"},{"taxonomy":"product_cat","embeddable":true,"href":"https:\/\/www.hediyepazar.com\/index.php?rest_route=%2Fwp%2Fv2%2Fproduct_cat&post=3056"},{"taxonomy":"product_tag","embeddable":true,"href":"https:\/\/www.hediyepazar.com\/index.php?rest_route=%2Fwp%2Fv2%2Fproduct_tag&post=3056"}],"curies":[{"name":"wp","href":"https:\/\/api.w.org\/{rel}","templated":true}]}}