{"id":3132,"date":"2026-04-26T06:45:51","date_gmt":"2026-04-26T09:45:51","guid":{"rendered":"https:\/\/www.hediyepazar.com\/?product=ic-167-micro-switch-igne-pcb-bacak-uzun-paletli"},"modified":"2026-04-26T06:45:54","modified_gmt":"2026-04-26T09:45:54","slug":"ic-167-micro-switch-igne-pcb-bacak-uzun-paletli","status":"publish","type":"product","link":"https:\/\/www.hediyepazar.com\/?product=ic-167-micro-switch-igne-pcb-bacak-uzun-paletli","title":{"rendered":"Ic-167 Micro Switch \u0130\u011fne (pcb) Bacak Uzun Paletli"},"content":{"rendered":"<p>Ic-167 Micro Switch \u0130\u011fne (pcb) Bacak Uzun Paletli<\/p>\n","protected":false},"excerpt":{"rendered":"<p>Ic-167 Micro Switch \u0130\u011fne (pcb) Bacak Uzun Paletli<\/p>\n","protected":false},"featured_media":3133,"comment_status":"closed","ping_status":"open","template":"","meta":{"_kad_post_transparent":"","_kad_post_title":"","_kad_post_layout":"","_kad_post_sidebar_id":"","_kad_post_content_style":"","_kad_post_vertical_padding":"","_kad_post_feature":"","_kad_post_feature_position":"","_kad_post_header":false,"_kad_post_footer":false,"_kad_post_classname":""},"product_brand":[],"product_cat":[214],"product_tag":[],"class_list":{"0":"post-3132","1":"product","2":"type-product","3":"status-publish","4":"has-post-thumbnail","6":"product_cat-hirdavat-malzemeleri-hirdavat-tamir-malzemeleri-fis-jack-sase","8":"first","9":"instock","10":"purchasable","11":"product-type-simple","12":"entry","13":"content-bg","14":"loop-entry"},"_links":{"self":[{"href":"https:\/\/www.hediyepazar.com\/index.php?rest_route=\/wp\/v2\/product\/3132","targetHints":{"allow":["GET"]}}],"collection":[{"href":"https:\/\/www.hediyepazar.com\/index.php?rest_route=\/wp\/v2\/product"}],"about":[{"href":"https:\/\/www.hediyepazar.com\/index.php?rest_route=\/wp\/v2\/types\/product"}],"replies":[{"embeddable":true,"href":"https:\/\/www.hediyepazar.com\/index.php?rest_route=%2Fwp%2Fv2%2Fcomments&post=3132"}],"wp:featuredmedia":[{"embeddable":true,"href":"https:\/\/www.hediyepazar.com\/index.php?rest_route=\/wp\/v2\/media\/3133"}],"wp:attachment":[{"href":"https:\/\/www.hediyepazar.com\/index.php?rest_route=%2Fwp%2Fv2%2Fmedia&parent=3132"}],"wp:term":[{"taxonomy":"product_brand","embeddable":true,"href":"https:\/\/www.hediyepazar.com\/index.php?rest_route=%2Fwp%2Fv2%2Fproduct_brand&post=3132"},{"taxonomy":"product_cat","embeddable":true,"href":"https:\/\/www.hediyepazar.com\/index.php?rest_route=%2Fwp%2Fv2%2Fproduct_cat&post=3132"},{"taxonomy":"product_tag","embeddable":true,"href":"https:\/\/www.hediyepazar.com\/index.php?rest_route=%2Fwp%2Fv2%2Fproduct_tag&post=3132"}],"curies":[{"name":"wp","href":"https:\/\/api.w.org\/{rel}","templated":true}]}}