{"id":34883,"date":"2026-04-26T22:12:09","date_gmt":"2026-04-27T01:12:09","guid":{"rendered":"https:\/\/www.hediyepazar.com\/?product=newface-iphone-7-plus-kilif-montreal-yuzuklu-silikon-kapak-kirmizi"},"modified":"2026-04-26T22:12:09","modified_gmt":"2026-04-27T01:12:09","slug":"newface-iphone-7-plus-kilif-montreal-yuzuklu-silikon-kapak-kirmizi","status":"publish","type":"product","link":"https:\/\/www.hediyepazar.com\/?product=newface-iphone-7-plus-kilif-montreal-yuzuklu-silikon-kapak-kirmizi","title":{"rendered":"Newface \u0130phone 7 Plus K\u0131l\u0131f Montreal Y\u00fcz\u00fckl\u00fc Silikon Kapak &#8211; K\u0131rm\u0131z\u0131"},"content":{"rendered":"","protected":false},"excerpt":{"rendered":"<p>Newface iPhone 7 Plus K\u0131l\u0131f Montreal Y\u00fcz\u00fckl\u00fc Silikon Kapak &#8211; K\u0131rm\u0131z\u0131<\/p>\n","protected":false},"featured_media":34882,"comment_status":"open","ping_status":"closed","template":"","meta":{"_kad_post_transparent":"","_kad_post_title":"","_kad_post_layout":"","_kad_post_sidebar_id":"","_kad_post_content_style":"","_kad_post_vertical_padding":"","_kad_post_feature":"","_kad_post_feature_position":"","_kad_post_header":false,"_kad_post_footer":false,"_kad_post_classname":""},"product_brand":[],"product_cat":[23],"product_tag":[],"class_list":{"0":"post-34883","1":"product","2":"type-product","3":"status-publish","4":"has-post-thumbnail","6":"product_cat-genel","8":"first","9":"instock","10":"purchasable","11":"product-type-simple","12":"entry","13":"content-bg","14":"loop-entry"},"_links":{"self":[{"href":"https:\/\/www.hediyepazar.com\/index.php?rest_route=\/wp\/v2\/product\/34883","targetHints":{"allow":["GET"]}}],"collection":[{"href":"https:\/\/www.hediyepazar.com\/index.php?rest_route=\/wp\/v2\/product"}],"about":[{"href":"https:\/\/www.hediyepazar.com\/index.php?rest_route=\/wp\/v2\/types\/product"}],"replies":[{"embeddable":true,"href":"https:\/\/www.hediyepazar.com\/index.php?rest_route=%2Fwp%2Fv2%2Fcomments&post=34883"}],"wp:featuredmedia":[{"embeddable":true,"href":"https:\/\/www.hediyepazar.com\/index.php?rest_route=\/wp\/v2\/media\/34882"}],"wp:attachment":[{"href":"https:\/\/www.hediyepazar.com\/index.php?rest_route=%2Fwp%2Fv2%2Fmedia&parent=34883"}],"wp:term":[{"taxonomy":"product_brand","embeddable":true,"href":"https:\/\/www.hediyepazar.com\/index.php?rest_route=%2Fwp%2Fv2%2Fproduct_brand&post=34883"},{"taxonomy":"product_cat","embeddable":true,"href":"https:\/\/www.hediyepazar.com\/index.php?rest_route=%2Fwp%2Fv2%2Fproduct_cat&post=34883"},{"taxonomy":"product_tag","embeddable":true,"href":"https:\/\/www.hediyepazar.com\/index.php?rest_route=%2Fwp%2Fv2%2Fproduct_tag&post=34883"}],"curies":[{"name":"wp","href":"https:\/\/api.w.org\/{rel}","templated":true}]}}