{"id":3600,"date":"2026-04-26T06:48:18","date_gmt":"2026-04-26T09:48:18","guid":{"rendered":"https:\/\/www.hediyepazar.com\/?product=hytech-hy-vga30-30-metre-vga-goruntu-kablosu-erkek-erkek"},"modified":"2026-04-26T06:48:19","modified_gmt":"2026-04-26T09:48:19","slug":"hytech-hy-vga30-30-metre-vga-goruntu-kablosu-erkek-erkek","status":"publish","type":"product","link":"https:\/\/www.hediyepazar.com\/?product=hytech-hy-vga30-30-metre-vga-goruntu-kablosu-erkek-erkek","title":{"rendered":"Hytech Hy-vga30 30 Metre Vga G\u00f6r\u00fcnt\u00fc Kablosu Erkek-erkek"},"content":{"rendered":"<p>Hytech Hy-vga30 30 Metre Vga G\u00f6r\u00fcnt\u00fc Kablosu Erkek-erkek<\/p>\n","protected":false},"excerpt":{"rendered":"<p>Hytech Hy-vga30 30 Metre Vga G\u00f6r\u00fcnt\u00fc Kablosu Erkek-erkek<\/p>\n","protected":false},"featured_media":3601,"comment_status":"closed","ping_status":"open","template":"","meta":{"_kad_post_transparent":"","_kad_post_title":"","_kad_post_layout":"","_kad_post_sidebar_id":"","_kad_post_content_style":"","_kad_post_vertical_padding":"","_kad_post_feature":"","_kad_post_feature_position":"","_kad_post_header":false,"_kad_post_footer":false,"_kad_post_classname":""},"product_brand":[],"product_cat":[228],"product_tag":[],"class_list":{"0":"post-3600","1":"product","2":"type-product","3":"status-publish","4":"has-post-thumbnail","6":"product_cat-kablo-cesitleri-goruntu-kablolari-vga-kablolar","8":"first","9":"instock","10":"purchasable","11":"product-type-simple","12":"entry","13":"content-bg","14":"loop-entry"},"_links":{"self":[{"href":"https:\/\/www.hediyepazar.com\/index.php?rest_route=\/wp\/v2\/product\/3600","targetHints":{"allow":["GET"]}}],"collection":[{"href":"https:\/\/www.hediyepazar.com\/index.php?rest_route=\/wp\/v2\/product"}],"about":[{"href":"https:\/\/www.hediyepazar.com\/index.php?rest_route=\/wp\/v2\/types\/product"}],"replies":[{"embeddable":true,"href":"https:\/\/www.hediyepazar.com\/index.php?rest_route=%2Fwp%2Fv2%2Fcomments&post=3600"}],"wp:featuredmedia":[{"embeddable":true,"href":"https:\/\/www.hediyepazar.com\/index.php?rest_route=\/wp\/v2\/media\/3601"}],"wp:attachment":[{"href":"https:\/\/www.hediyepazar.com\/index.php?rest_route=%2Fwp%2Fv2%2Fmedia&parent=3600"}],"wp:term":[{"taxonomy":"product_brand","embeddable":true,"href":"https:\/\/www.hediyepazar.com\/index.php?rest_route=%2Fwp%2Fv2%2Fproduct_brand&post=3600"},{"taxonomy":"product_cat","embeddable":true,"href":"https:\/\/www.hediyepazar.com\/index.php?rest_route=%2Fwp%2Fv2%2Fproduct_cat&post=3600"},{"taxonomy":"product_tag","embeddable":true,"href":"https:\/\/www.hediyepazar.com\/index.php?rest_route=%2Fwp%2Fv2%2Fproduct_tag&post=3600"}],"curies":[{"name":"wp","href":"https:\/\/api.w.org\/{rel}","templated":true}]}}