{"id":3712,"date":"2026-04-26T06:48:50","date_gmt":"2026-04-26T09:48:50","guid":{"rendered":"https:\/\/www.hediyepazar.com\/?product=pioneer-gm-a3702-500-watt-koprulu-2-kanalli-amfi"},"modified":"2026-04-26T06:48:53","modified_gmt":"2026-04-26T09:48:53","slug":"pioneer-gm-a3702-500-watt-koprulu-2-kanalli-amfi","status":"publish","type":"product","link":"https:\/\/www.hediyepazar.com\/?product=pioneer-gm-a3702-500-watt-koprulu-2-kanalli-amfi","title":{"rendered":"Pioneer Gm-a3702 500 Watt K\u00f6pr\u00fcl\u00fc 2 Kanall\u0131 Amfi"},"content":{"rendered":"<p>Pioneer Gm-a3702 500 Watt K\u00f6pr\u00fcl\u00fc 2 Kanall\u0131 Amfi<\/p>\n","protected":false},"excerpt":{"rendered":"<p>Pioneer Gm-a3702 500 Watt K\u00f6pr\u00fcl\u00fc 2 Kanall\u0131 Amfi<\/p>\n","protected":false},"featured_media":3713,"comment_status":"closed","ping_status":"open","template":"","meta":{"_kad_post_transparent":"","_kad_post_title":"","_kad_post_layout":"","_kad_post_sidebar_id":"","_kad_post_content_style":"","_kad_post_vertical_padding":"","_kad_post_feature":"","_kad_post_feature_position":"","_kad_post_header":false,"_kad_post_footer":false,"_kad_post_classname":""},"product_brand":[],"product_cat":[248],"product_tag":[],"class_list":{"0":"post-3712","1":"product","2":"type-product","3":"status-publish","4":"has-post-thumbnail","6":"product_cat-oto-ses-ve-goruntu-sistemleri-oto-seslendirme-oto-amfiler","8":"first","9":"instock","10":"purchasable","11":"product-type-simple","12":"entry","13":"content-bg","14":"loop-entry"},"_links":{"self":[{"href":"https:\/\/www.hediyepazar.com\/index.php?rest_route=\/wp\/v2\/product\/3712","targetHints":{"allow":["GET"]}}],"collection":[{"href":"https:\/\/www.hediyepazar.com\/index.php?rest_route=\/wp\/v2\/product"}],"about":[{"href":"https:\/\/www.hediyepazar.com\/index.php?rest_route=\/wp\/v2\/types\/product"}],"replies":[{"embeddable":true,"href":"https:\/\/www.hediyepazar.com\/index.php?rest_route=%2Fwp%2Fv2%2Fcomments&post=3712"}],"wp:featuredmedia":[{"embeddable":true,"href":"https:\/\/www.hediyepazar.com\/index.php?rest_route=\/wp\/v2\/media\/3713"}],"wp:attachment":[{"href":"https:\/\/www.hediyepazar.com\/index.php?rest_route=%2Fwp%2Fv2%2Fmedia&parent=3712"}],"wp:term":[{"taxonomy":"product_brand","embeddable":true,"href":"https:\/\/www.hediyepazar.com\/index.php?rest_route=%2Fwp%2Fv2%2Fproduct_brand&post=3712"},{"taxonomy":"product_cat","embeddable":true,"href":"https:\/\/www.hediyepazar.com\/index.php?rest_route=%2Fwp%2Fv2%2Fproduct_cat&post=3712"},{"taxonomy":"product_tag","embeddable":true,"href":"https:\/\/www.hediyepazar.com\/index.php?rest_route=%2Fwp%2Fv2%2Fproduct_tag&post=3712"}],"curies":[{"name":"wp","href":"https:\/\/api.w.org\/{rel}","templated":true}]}}