{"id":3902,"date":"2026-04-26T06:49:55","date_gmt":"2026-04-26T09:49:55","guid":{"rendered":"https:\/\/www.hediyepazar.com\/?product=artar-2x1-5-mm-liycy-100-metre-bakir-hoparlor-kablosu"},"modified":"2026-04-26T06:49:56","modified_gmt":"2026-04-26T09:49:56","slug":"artar-2x1-5-mm-liycy-100-metre-bakir-hoparlor-kablosu","status":"publish","type":"product","link":"https:\/\/www.hediyepazar.com\/?product=artar-2x1-5-mm-liycy-100-metre-bakir-hoparlor-kablosu","title":{"rendered":"Artar 2&#215;1.5 Mm Liycy 100 Metre Bak\u0131r Hoparl\u00f6r Kablosu"},"content":{"rendered":"<p>Artar 2&#215;1.5 Mm Liycy 100 Metre Bak\u0131r Hoparl\u00f6r Kablosu<\/p>\n","protected":false},"excerpt":{"rendered":"<p>Artar 2&#215;1.5 Mm Liycy 100 Metre Bak\u0131r Hoparl\u00f6r Kablosu<\/p>\n","protected":false},"featured_media":3903,"comment_status":"closed","ping_status":"open","template":"","meta":{"_kad_post_transparent":"","_kad_post_title":"","_kad_post_layout":"","_kad_post_sidebar_id":"","_kad_post_content_style":"","_kad_post_vertical_padding":"","_kad_post_feature":"","_kad_post_feature_position":"","_kad_post_header":false,"_kad_post_footer":false,"_kad_post_classname":""},"product_brand":[],"product_cat":[320],"product_tag":[],"class_list":{"0":"post-3902","1":"product","2":"type-product","3":"status-publish","4":"has-post-thumbnail","6":"product_cat-kablo-cesitleri-ses-kablolari-hoparlor-kablosu","8":"first","9":"instock","10":"purchasable","11":"product-type-simple","12":"entry","13":"content-bg","14":"loop-entry"},"_links":{"self":[{"href":"https:\/\/www.hediyepazar.com\/index.php?rest_route=\/wp\/v2\/product\/3902","targetHints":{"allow":["GET"]}}],"collection":[{"href":"https:\/\/www.hediyepazar.com\/index.php?rest_route=\/wp\/v2\/product"}],"about":[{"href":"https:\/\/www.hediyepazar.com\/index.php?rest_route=\/wp\/v2\/types\/product"}],"replies":[{"embeddable":true,"href":"https:\/\/www.hediyepazar.com\/index.php?rest_route=%2Fwp%2Fv2%2Fcomments&post=3902"}],"wp:featuredmedia":[{"embeddable":true,"href":"https:\/\/www.hediyepazar.com\/index.php?rest_route=\/wp\/v2\/media\/3903"}],"wp:attachment":[{"href":"https:\/\/www.hediyepazar.com\/index.php?rest_route=%2Fwp%2Fv2%2Fmedia&parent=3902"}],"wp:term":[{"taxonomy":"product_brand","embeddable":true,"href":"https:\/\/www.hediyepazar.com\/index.php?rest_route=%2Fwp%2Fv2%2Fproduct_brand&post=3902"},{"taxonomy":"product_cat","embeddable":true,"href":"https:\/\/www.hediyepazar.com\/index.php?rest_route=%2Fwp%2Fv2%2Fproduct_cat&post=3902"},{"taxonomy":"product_tag","embeddable":true,"href":"https:\/\/www.hediyepazar.com\/index.php?rest_route=%2Fwp%2Fv2%2Fproduct_tag&post=3902"}],"curies":[{"name":"wp","href":"https:\/\/api.w.org\/{rel}","templated":true}]}}