{"id":4110,"date":"2026-04-26T06:51:02","date_gmt":"2026-04-26T09:51:02","guid":{"rendered":"https:\/\/www.hediyepazar.com\/?product=narita-nrt-52c-5v-2a-orta-uclu-tablet-pc-adaptoru"},"modified":"2026-04-26T06:51:05","modified_gmt":"2026-04-26T09:51:05","slug":"narita-nrt-52c-5v-2a-orta-uclu-tablet-pc-adaptoru","status":"publish","type":"product","link":"https:\/\/www.hediyepazar.com\/?product=narita-nrt-52c-5v-2a-orta-uclu-tablet-pc-adaptoru","title":{"rendered":"Narita Nrt-52c 5v 2a Orta U\u00e7lu Tablet Pc Adapt\u00f6r\u00fc"},"content":{"rendered":"<p>Narita Nrt-52c 5v 2a Orta U\u00e7lu Tablet Pc Adapt\u00f6r\u00fc<\/p>\n","protected":false},"excerpt":{"rendered":"<p>Narita Nrt-52c 5v 2a Orta U\u00e7lu Tablet Pc Adapt\u00f6r\u00fc<\/p>\n","protected":false},"featured_media":4111,"comment_status":"closed","ping_status":"open","template":"","meta":{"_kad_post_transparent":"","_kad_post_title":"","_kad_post_layout":"","_kad_post_sidebar_id":"","_kad_post_content_style":"","_kad_post_vertical_padding":"","_kad_post_feature":"","_kad_post_feature_position":"","_kad_post_header":false,"_kad_post_footer":false,"_kad_post_classname":""},"product_brand":[],"product_cat":[239],"product_tag":[],"class_list":{"0":"post-4110","1":"product","2":"type-product","3":"status-publish","4":"has-post-thumbnail","6":"product_cat-adaptor-aku-pil-adaptorler","8":"first","9":"instock","10":"purchasable","11":"product-type-simple","12":"entry","13":"content-bg","14":"loop-entry"},"_links":{"self":[{"href":"https:\/\/www.hediyepazar.com\/index.php?rest_route=\/wp\/v2\/product\/4110","targetHints":{"allow":["GET"]}}],"collection":[{"href":"https:\/\/www.hediyepazar.com\/index.php?rest_route=\/wp\/v2\/product"}],"about":[{"href":"https:\/\/www.hediyepazar.com\/index.php?rest_route=\/wp\/v2\/types\/product"}],"replies":[{"embeddable":true,"href":"https:\/\/www.hediyepazar.com\/index.php?rest_route=%2Fwp%2Fv2%2Fcomments&post=4110"}],"wp:featuredmedia":[{"embeddable":true,"href":"https:\/\/www.hediyepazar.com\/index.php?rest_route=\/wp\/v2\/media\/4111"}],"wp:attachment":[{"href":"https:\/\/www.hediyepazar.com\/index.php?rest_route=%2Fwp%2Fv2%2Fmedia&parent=4110"}],"wp:term":[{"taxonomy":"product_brand","embeddable":true,"href":"https:\/\/www.hediyepazar.com\/index.php?rest_route=%2Fwp%2Fv2%2Fproduct_brand&post=4110"},{"taxonomy":"product_cat","embeddable":true,"href":"https:\/\/www.hediyepazar.com\/index.php?rest_route=%2Fwp%2Fv2%2Fproduct_cat&post=4110"},{"taxonomy":"product_tag","embeddable":true,"href":"https:\/\/www.hediyepazar.com\/index.php?rest_route=%2Fwp%2Fv2%2Fproduct_tag&post=4110"}],"curies":[{"name":"wp","href":"https:\/\/api.w.org\/{rel}","templated":true}]}}