{"id":4127,"date":"2026-04-26T06:51:10","date_gmt":"2026-04-26T09:51:10","guid":{"rendered":"https:\/\/www.hediyepazar.com\/?product=notebook-adaptor-kablosu-jackli-6-3x3-0-uc"},"modified":"2026-04-26T06:51:12","modified_gmt":"2026-04-26T09:51:12","slug":"notebook-adaptor-kablosu-jackli-6-3x3-0-uc","status":"publish","type":"product","link":"https:\/\/www.hediyepazar.com\/?product=notebook-adaptor-kablosu-jackli-6-3x3-0-uc","title":{"rendered":"Notebook Adapt\u00f6r Kablosu Jackl\u0131 6.3&#215;3.0 U\u00e7"},"content":{"rendered":"<p>Notebook Adapt\u00f6r Kablosu Jackl\u0131 6.3&#215;3.0 U\u00e7<\/p>\n","protected":false},"excerpt":{"rendered":"<p>Notebook Adapt\u00f6r Kablosu Jackl\u0131 6.3&#215;3.0 U\u00e7<\/p>\n","protected":false},"featured_media":4128,"comment_status":"closed","ping_status":"open","template":"","meta":{"_kad_post_transparent":"","_kad_post_title":"","_kad_post_layout":"","_kad_post_sidebar_id":"","_kad_post_content_style":"","_kad_post_vertical_padding":"","_kad_post_feature":"","_kad_post_feature_position":"","_kad_post_header":false,"_kad_post_footer":false,"_kad_post_classname":""},"product_brand":[],"product_cat":[305],"product_tag":[],"class_list":{"0":"post-4127","1":"product","2":"type-product","3":"status-publish","4":"has-post-thumbnail","6":"product_cat-kablo-cesitleri-bilgisayar-kablolari-laptop-adaptor-kablolari","8":"first","9":"instock","10":"purchasable","11":"product-type-simple","12":"entry","13":"content-bg","14":"loop-entry"},"_links":{"self":[{"href":"https:\/\/www.hediyepazar.com\/index.php?rest_route=\/wp\/v2\/product\/4127","targetHints":{"allow":["GET"]}}],"collection":[{"href":"https:\/\/www.hediyepazar.com\/index.php?rest_route=\/wp\/v2\/product"}],"about":[{"href":"https:\/\/www.hediyepazar.com\/index.php?rest_route=\/wp\/v2\/types\/product"}],"replies":[{"embeddable":true,"href":"https:\/\/www.hediyepazar.com\/index.php?rest_route=%2Fwp%2Fv2%2Fcomments&post=4127"}],"wp:featuredmedia":[{"embeddable":true,"href":"https:\/\/www.hediyepazar.com\/index.php?rest_route=\/wp\/v2\/media\/4128"}],"wp:attachment":[{"href":"https:\/\/www.hediyepazar.com\/index.php?rest_route=%2Fwp%2Fv2%2Fmedia&parent=4127"}],"wp:term":[{"taxonomy":"product_brand","embeddable":true,"href":"https:\/\/www.hediyepazar.com\/index.php?rest_route=%2Fwp%2Fv2%2Fproduct_brand&post=4127"},{"taxonomy":"product_cat","embeddable":true,"href":"https:\/\/www.hediyepazar.com\/index.php?rest_route=%2Fwp%2Fv2%2Fproduct_cat&post=4127"},{"taxonomy":"product_tag","embeddable":true,"href":"https:\/\/www.hediyepazar.com\/index.php?rest_route=%2Fwp%2Fv2%2Fproduct_tag&post=4127"}],"curies":[{"name":"wp","href":"https:\/\/api.w.org\/{rel}","templated":true}]}}