{"id":44459,"date":"2026-04-27T00:22:03","date_gmt":"2026-04-27T03:22:03","guid":{"rendered":"https:\/\/www.hediyepazar.com\/?product=newface-apple-iphone-17-regal-magsafe-standli-kapak-yesil"},"modified":"2026-04-27T00:22:03","modified_gmt":"2026-04-27T03:22:03","slug":"newface-apple-iphone-17-regal-magsafe-standli-kapak-yesil","status":"publish","type":"product","link":"https:\/\/www.hediyepazar.com\/?product=newface-apple-iphone-17-regal-magsafe-standli-kapak-yesil","title":{"rendered":"Newface Apple \u0130phone 17 Regal Magsafe Standl\u0131 Kapak &#8211; Ye\u015fil"},"content":{"rendered":"","protected":false},"excerpt":{"rendered":"<p>Newface Apple iPhone 17 Regal Magsafe Standl\u0131 Kapak &#8211; Ye\u015fil<\/p>\n","protected":false},"featured_media":44458,"comment_status":"open","ping_status":"closed","template":"","meta":{"_kad_post_transparent":"","_kad_post_title":"","_kad_post_layout":"","_kad_post_sidebar_id":"","_kad_post_content_style":"","_kad_post_vertical_padding":"","_kad_post_feature":"","_kad_post_feature_position":"","_kad_post_header":false,"_kad_post_footer":false,"_kad_post_classname":""},"product_brand":[],"product_cat":[23],"product_tag":[],"class_list":{"0":"post-44459","1":"product","2":"type-product","3":"status-publish","4":"has-post-thumbnail","6":"product_cat-genel","8":"first","9":"instock","10":"purchasable","11":"product-type-simple","12":"entry","13":"content-bg","14":"loop-entry"},"_links":{"self":[{"href":"https:\/\/www.hediyepazar.com\/index.php?rest_route=\/wp\/v2\/product\/44459","targetHints":{"allow":["GET"]}}],"collection":[{"href":"https:\/\/www.hediyepazar.com\/index.php?rest_route=\/wp\/v2\/product"}],"about":[{"href":"https:\/\/www.hediyepazar.com\/index.php?rest_route=\/wp\/v2\/types\/product"}],"replies":[{"embeddable":true,"href":"https:\/\/www.hediyepazar.com\/index.php?rest_route=%2Fwp%2Fv2%2Fcomments&post=44459"}],"wp:featuredmedia":[{"embeddable":true,"href":"https:\/\/www.hediyepazar.com\/index.php?rest_route=\/wp\/v2\/media\/44458"}],"wp:attachment":[{"href":"https:\/\/www.hediyepazar.com\/index.php?rest_route=%2Fwp%2Fv2%2Fmedia&parent=44459"}],"wp:term":[{"taxonomy":"product_brand","embeddable":true,"href":"https:\/\/www.hediyepazar.com\/index.php?rest_route=%2Fwp%2Fv2%2Fproduct_brand&post=44459"},{"taxonomy":"product_cat","embeddable":true,"href":"https:\/\/www.hediyepazar.com\/index.php?rest_route=%2Fwp%2Fv2%2Fproduct_cat&post=44459"},{"taxonomy":"product_tag","embeddable":true,"href":"https:\/\/www.hediyepazar.com\/index.php?rest_route=%2Fwp%2Fv2%2Fproduct_tag&post=44459"}],"curies":[{"name":"wp","href":"https:\/\/api.w.org\/{rel}","templated":true}]}}