{"id":4562,"date":"2026-04-26T06:53:35","date_gmt":"2026-04-26T09:53:35","guid":{"rendered":"https:\/\/www.hediyepazar.com\/?product=cift-tarafli-kopuk-bant-25-mm-x-2-metre"},"modified":"2026-04-26T06:53:35","modified_gmt":"2026-04-26T09:53:35","slug":"cift-tarafli-kopuk-bant-25-mm-x-2-metre","status":"publish","type":"product","link":"https:\/\/www.hediyepazar.com\/?product=cift-tarafli-kopuk-bant-25-mm-x-2-metre","title":{"rendered":"\u00c7ift Tarafl\u0131 K\u00f6p\u00fck Bant 25 Mm X 2 Metre"},"content":{"rendered":"<p>\u00c7ift Tarafl\u0131 K\u00f6p\u00fck Bant 25 Mm X 2 Metre<\/p>\n","protected":false},"excerpt":{"rendered":"<p>\u00c7ift Tarafl\u0131 K\u00f6p\u00fck Bant 25 Mm X 2 Metre<\/p>\n","protected":false},"featured_media":4563,"comment_status":"closed","ping_status":"open","template":"","meta":{"_kad_post_transparent":"","_kad_post_title":"","_kad_post_layout":"","_kad_post_sidebar_id":"","_kad_post_content_style":"","_kad_post_vertical_padding":"","_kad_post_feature":"","_kad_post_feature_position":"","_kad_post_header":false,"_kad_post_footer":false,"_kad_post_classname":""},"product_brand":[],"product_cat":[207],"product_tag":[],"class_list":{"0":"post-4562","1":"product","2":"type-product","3":"status-publish","4":"has-post-thumbnail","6":"product_cat-hirdavat-malzemeleri-hirdavat-tamir-malzemeleri-hirdavat-ekipmanlari-diger","8":"first","9":"instock","10":"purchasable","11":"product-type-simple","12":"entry","13":"content-bg","14":"loop-entry"},"_links":{"self":[{"href":"https:\/\/www.hediyepazar.com\/index.php?rest_route=\/wp\/v2\/product\/4562","targetHints":{"allow":["GET"]}}],"collection":[{"href":"https:\/\/www.hediyepazar.com\/index.php?rest_route=\/wp\/v2\/product"}],"about":[{"href":"https:\/\/www.hediyepazar.com\/index.php?rest_route=\/wp\/v2\/types\/product"}],"replies":[{"embeddable":true,"href":"https:\/\/www.hediyepazar.com\/index.php?rest_route=%2Fwp%2Fv2%2Fcomments&post=4562"}],"wp:featuredmedia":[{"embeddable":true,"href":"https:\/\/www.hediyepazar.com\/index.php?rest_route=\/wp\/v2\/media\/4563"}],"wp:attachment":[{"href":"https:\/\/www.hediyepazar.com\/index.php?rest_route=%2Fwp%2Fv2%2Fmedia&parent=4562"}],"wp:term":[{"taxonomy":"product_brand","embeddable":true,"href":"https:\/\/www.hediyepazar.com\/index.php?rest_route=%2Fwp%2Fv2%2Fproduct_brand&post=4562"},{"taxonomy":"product_cat","embeddable":true,"href":"https:\/\/www.hediyepazar.com\/index.php?rest_route=%2Fwp%2Fv2%2Fproduct_cat&post=4562"},{"taxonomy":"product_tag","embeddable":true,"href":"https:\/\/www.hediyepazar.com\/index.php?rest_route=%2Fwp%2Fv2%2Fproduct_tag&post=4562"}],"curies":[{"name":"wp","href":"https:\/\/api.w.org\/{rel}","templated":true}]}}