{"id":4666,"date":"2026-04-26T06:54:10","date_gmt":"2026-04-26T09:54:10","guid":{"rendered":"https:\/\/www.hediyepazar.com\/?product=powermaster-24-volt-1-5-watt-sari-2835-modul-led"},"modified":"2026-04-26T06:54:11","modified_gmt":"2026-04-26T09:54:11","slug":"powermaster-24-volt-1-5-watt-sari-2835-modul-led","status":"publish","type":"product","link":"https:\/\/www.hediyepazar.com\/?product=powermaster-24-volt-1-5-watt-sari-2835-modul-led","title":{"rendered":"Powermaster 24 Volt 1.5 Watt Sar\u0131 2835 Mod\u00fcl Led"},"content":{"rendered":"<p>Powermaster 24 Volt 1.5 Watt Sar\u0131 2835 Mod\u00fcl Led<\/p>\n","protected":false},"excerpt":{"rendered":"<p>Powermaster 24 Volt 1.5 Watt Sar\u0131 2835 Mod\u00fcl Led<\/p>\n","protected":false},"featured_media":4667,"comment_status":"closed","ping_status":"open","template":"","meta":{"_kad_post_transparent":"","_kad_post_title":"","_kad_post_layout":"","_kad_post_sidebar_id":"","_kad_post_content_style":"","_kad_post_vertical_padding":"","_kad_post_feature":"","_kad_post_feature_position":"","_kad_post_header":false,"_kad_post_footer":false,"_kad_post_classname":""},"product_brand":[],"product_cat":[208],"product_tag":[],"class_list":{"0":"post-4666","1":"product","2":"type-product","3":"status-publish","4":"has-post-thumbnail","6":"product_cat-led-ve-aydinlatma-ozel-aydinlatma-cozum-modul-led","8":"first","9":"instock","10":"purchasable","11":"product-type-simple","12":"entry","13":"content-bg","14":"loop-entry"},"_links":{"self":[{"href":"https:\/\/www.hediyepazar.com\/index.php?rest_route=\/wp\/v2\/product\/4666","targetHints":{"allow":["GET"]}}],"collection":[{"href":"https:\/\/www.hediyepazar.com\/index.php?rest_route=\/wp\/v2\/product"}],"about":[{"href":"https:\/\/www.hediyepazar.com\/index.php?rest_route=\/wp\/v2\/types\/product"}],"replies":[{"embeddable":true,"href":"https:\/\/www.hediyepazar.com\/index.php?rest_route=%2Fwp%2Fv2%2Fcomments&post=4666"}],"wp:featuredmedia":[{"embeddable":true,"href":"https:\/\/www.hediyepazar.com\/index.php?rest_route=\/wp\/v2\/media\/4667"}],"wp:attachment":[{"href":"https:\/\/www.hediyepazar.com\/index.php?rest_route=%2Fwp%2Fv2%2Fmedia&parent=4666"}],"wp:term":[{"taxonomy":"product_brand","embeddable":true,"href":"https:\/\/www.hediyepazar.com\/index.php?rest_route=%2Fwp%2Fv2%2Fproduct_brand&post=4666"},{"taxonomy":"product_cat","embeddable":true,"href":"https:\/\/www.hediyepazar.com\/index.php?rest_route=%2Fwp%2Fv2%2Fproduct_cat&post=4666"},{"taxonomy":"product_tag","embeddable":true,"href":"https:\/\/www.hediyepazar.com\/index.php?rest_route=%2Fwp%2Fv2%2Fproduct_tag&post=4666"}],"curies":[{"name":"wp","href":"https:\/\/api.w.org\/{rel}","templated":true}]}}