{"id":47197,"date":"2026-04-27T01:06:25","date_gmt":"2026-04-27T04:06:25","guid":{"rendered":"https:\/\/www.hediyepazar.com\/?product=67-watt-guclu-sarj-aleti-samsung-s23-ultra-s24-uyumlu"},"modified":"2026-04-27T01:06:25","modified_gmt":"2026-04-27T04:06:25","slug":"67-watt-guclu-sarj-aleti-samsung-s23-ultra-s24-uyumlu","status":"publish","type":"product","link":"https:\/\/www.hediyepazar.com\/?product=67-watt-guclu-sarj-aleti-samsung-s23-ultra-s24-uyumlu","title":{"rendered":"67 Watt G\u00fc\u00e7l\u00fc \u015earj Aleti Samsung S23 Ultra S24 Uyumlu"},"content":{"rendered":"","protected":false},"excerpt":{"rendered":"<p>Bu 67 Watt h\u0131zl\u0131 \u015farj cihaz\u0131, g\u00fc\u00e7l\u00fc ve g\u00fcvenilir \u015farj performans\u0131 sunan, modern cihazlarla tam uyumlu bir \u00fcr\u00fcnd\u00fcr. \u00c7ift turbo \u00e7\u0131k\u0131\u015f teknolojisi, y\u00fcksek kapasiteli bataryalar\u0131 bile h\u0131zl\u0131ca doldurmay\u0131 m\u00fcmk\u00fcn k\u0131lar. Ak\u0131ll\u0131 tan\u0131ma \u00e7ipi, ba\u011flanan cihaz\u0131n pil yap\u0131s\u0131na g\u00f6re g\u00fc\u00e7 \u00e7\u0131k\u0131\u015f\u0131n\u0131 ayarlayarak daha g\u00fcvenli bir deneyim sunar. Paket i\u00e7eri\u011findeki 1 metre Type-C Lightning kablo, veri aktar\u0131m\u0131 s\u0131ras\u0131nda y\u00fcksek h\u0131z sa\u011flar. Kal\u0131n d\u0131\u015f kaplamas\u0131, uzun \u00f6m\u00fcrl\u00fc bir kullan\u0131m vadeder. Qualcomm Quick Charge 5.0 deste\u011fi sayesinde turbo \u015farj h\u0131zlar\u0131 ile cihaz\u0131n\u0131z\u0131 \u00e7ok daha k\u0131sa s\u00fcrede \u015farj edebilirsiniz. Adapt\u00f6r y\u00fcksek s\u0131cakl\u0131\u011fa dayan\u0131kl\u0131 malzemeden \u00fcretilmi\u015ftir. Ak\u0131m koruma teknolojisi, ani voltaj de\u011fi\u015fikliklerine ve a\u015f\u0131r\u0131 \u0131s\u0131ya kar\u015f\u0131 g\u00fcvenlik sa\u011flar. Kompakt tasar\u0131m\u0131 ile \u00e7antada kolay ta\u015f\u0131nabilir. Hem evde hem i\u015fte h\u0131zl\u0131 \u015farj ihtiyac\u0131n\u0131 kar\u015f\u0131lamak i\u00e7in ideal bir \u00e7\u00f6z\u00fcmd\u00fcr.<\/p>\n","protected":false},"featured_media":47196,"comment_status":"open","ping_status":"closed","template":"","meta":{"_kad_post_transparent":"","_kad_post_title":"","_kad_post_layout":"","_kad_post_sidebar_id":"","_kad_post_content_style":"","_kad_post_vertical_padding":"","_kad_post_feature":"","_kad_post_feature_position":"","_kad_post_header":false,"_kad_post_footer":false,"_kad_post_classname":""},"product_brand":[],"product_cat":[23],"product_tag":[],"class_list":{"0":"post-47197","1":"product","2":"type-product","3":"status-publish","4":"has-post-thumbnail","6":"product_cat-genel","8":"first","9":"instock","10":"purchasable","11":"product-type-simple","12":"entry","13":"content-bg","14":"loop-entry"},"_links":{"self":[{"href":"https:\/\/www.hediyepazar.com\/index.php?rest_route=\/wp\/v2\/product\/47197","targetHints":{"allow":["GET"]}}],"collection":[{"href":"https:\/\/www.hediyepazar.com\/index.php?rest_route=\/wp\/v2\/product"}],"about":[{"href":"https:\/\/www.hediyepazar.com\/index.php?rest_route=\/wp\/v2\/types\/product"}],"replies":[{"embeddable":true,"href":"https:\/\/www.hediyepazar.com\/index.php?rest_route=%2Fwp%2Fv2%2Fcomments&post=47197"}],"wp:featuredmedia":[{"embeddable":true,"href":"https:\/\/www.hediyepazar.com\/index.php?rest_route=\/wp\/v2\/media\/47196"}],"wp:attachment":[{"href":"https:\/\/www.hediyepazar.com\/index.php?rest_route=%2Fwp%2Fv2%2Fmedia&parent=47197"}],"wp:term":[{"taxonomy":"product_brand","embeddable":true,"href":"https:\/\/www.hediyepazar.com\/index.php?rest_route=%2Fwp%2Fv2%2Fproduct_brand&post=47197"},{"taxonomy":"product_cat","embeddable":true,"href":"https:\/\/www.hediyepazar.com\/index.php?rest_route=%2Fwp%2Fv2%2Fproduct_cat&post=47197"},{"taxonomy":"product_tag","embeddable":true,"href":"https:\/\/www.hediyepazar.com\/index.php?rest_route=%2Fwp%2Fv2%2Fproduct_tag&post=47197"}],"curies":[{"name":"wp","href":"https:\/\/api.w.org\/{rel}","templated":true}]}}