{"id":47221,"date":"2026-04-27T01:07:14","date_gmt":"2026-04-27T04:07:14","guid":{"rendered":"https:\/\/www.hediyepazar.com\/?product=3-nesil-kulaklik"},"modified":"2026-04-27T01:07:14","modified_gmt":"2026-04-27T04:07:14","slug":"3-nesil-kulaklik","status":"publish","type":"product","link":"https:\/\/www.hediyepazar.com\/?product=3-nesil-kulaklik","title":{"rendered":"3.nesil Kulakl\u0131k"},"content":{"rendered":"","protected":false},"excerpt":{"rendered":"<p>Suya ve tere kar\u015f\u0131 dayan\u0131kl\u0131 yap\u0131s\u0131 sayesinde spor aktivitelerinizde veya ya\u011fmurlu havalarda dahi m\u00fczi\u011fin keyfini kesintisiz s\u00fcrd\u00fcrebilirsiniz Dahili mikrofonu ile net aramalar yapabilir ve eller serbest deneyimin tad\u0131n\u0131 \u00e7\u0131karabilirsiniz Aktif G\u00fcr\u00fclt\u00fc \u00d6nleme (ANC) \u00f6zelli\u011fi ile d\u0131\u015f d\u00fcnyan\u0131n g\u00fcr\u00fclt\u00fcs\u00fcn\u00fc engelleyerek, m\u00fczi\u011finize odaklanman\u0131z\u0131 sa\u011flar iOS ve Android cihazlarla tam uyumlu Bluetooth ba\u011flant\u0131s\u0131, geni\u015f bir cihaz yelpazesiyle kolayca e\u015fle\u015ftirme imkan\u0131 sunar<\/p>\n","protected":false},"featured_media":47220,"comment_status":"open","ping_status":"closed","template":"","meta":{"_kad_post_transparent":"","_kad_post_title":"","_kad_post_layout":"","_kad_post_sidebar_id":"","_kad_post_content_style":"","_kad_post_vertical_padding":"","_kad_post_feature":"","_kad_post_feature_position":"","_kad_post_header":false,"_kad_post_footer":false,"_kad_post_classname":""},"product_brand":[],"product_cat":[23],"product_tag":[],"class_list":{"0":"post-47221","1":"product","2":"type-product","3":"status-publish","4":"has-post-thumbnail","6":"product_cat-genel","8":"first","9":"instock","10":"purchasable","11":"product-type-simple","12":"entry","13":"content-bg","14":"loop-entry"},"_links":{"self":[{"href":"https:\/\/www.hediyepazar.com\/index.php?rest_route=\/wp\/v2\/product\/47221","targetHints":{"allow":["GET"]}}],"collection":[{"href":"https:\/\/www.hediyepazar.com\/index.php?rest_route=\/wp\/v2\/product"}],"about":[{"href":"https:\/\/www.hediyepazar.com\/index.php?rest_route=\/wp\/v2\/types\/product"}],"replies":[{"embeddable":true,"href":"https:\/\/www.hediyepazar.com\/index.php?rest_route=%2Fwp%2Fv2%2Fcomments&post=47221"}],"wp:featuredmedia":[{"embeddable":true,"href":"https:\/\/www.hediyepazar.com\/index.php?rest_route=\/wp\/v2\/media\/47220"}],"wp:attachment":[{"href":"https:\/\/www.hediyepazar.com\/index.php?rest_route=%2Fwp%2Fv2%2Fmedia&parent=47221"}],"wp:term":[{"taxonomy":"product_brand","embeddable":true,"href":"https:\/\/www.hediyepazar.com\/index.php?rest_route=%2Fwp%2Fv2%2Fproduct_brand&post=47221"},{"taxonomy":"product_cat","embeddable":true,"href":"https:\/\/www.hediyepazar.com\/index.php?rest_route=%2Fwp%2Fv2%2Fproduct_cat&post=47221"},{"taxonomy":"product_tag","embeddable":true,"href":"https:\/\/www.hediyepazar.com\/index.php?rest_route=%2Fwp%2Fv2%2Fproduct_tag&post=47221"}],"curies":[{"name":"wp","href":"https:\/\/api.w.org\/{rel}","templated":true}]}}