{"id":47227,"date":"2026-04-27T01:07:25","date_gmt":"2026-04-27T04:07:25","guid":{"rendered":"https:\/\/www.hediyepazar.com\/?product=powerbank-ozellikli-bluetooth-kulaklik-ergonomik-suya-dayanikli"},"modified":"2026-04-27T01:07:25","modified_gmt":"2026-04-27T04:07:25","slug":"powerbank-ozellikli-bluetooth-kulaklik-ergonomik-suya-dayanikli","status":"publish","type":"product","link":"https:\/\/www.hediyepazar.com\/?product=powerbank-ozellikli-bluetooth-kulaklik-ergonomik-suya-dayanikli","title":{"rendered":"Powerbank \u00d6zellikli Bluetooth Kulakl\u0131k \u2013 Ergonomik, Suya Dayan\u0131kl\u0131"},"content":{"rendered":"","protected":false},"excerpt":{"rendered":"<p>Konfor ve performans\u0131 bir araya getiren kablosuz Bluetooth kulakl\u0131k, \u00fcst\u00fcn ses kalitesiyle g\u00fcnl\u00fck hayat\u0131n her an\u0131nda yan\u0131n\u0131zda. IPX5 su ge\u00e7irmez sertifikas\u0131 sayesinde ya\u011fmurlu havalarda, spor s\u0131ras\u0131nda veya yo\u011fun aktivitelerde g\u00fcvenle kullanabilirsiniz. Ergonomik tasar\u0131m ve farkl\u0131 boyutlardaki kulak t\u0131ka\u00e7lar\u0131, kulak yap\u0131n\u0131za tam uyum sa\u011flayarak uzun s\u00fcreli kullan\u0131mlarda bile rahatl\u0131k sunar. Terlemeye dayan\u0131kl\u0131 silikon y\u00fczey, spor aktivitelerinde stabil duru\u015f sa\u011flar. 6mm dinamik ses s\u00fcr\u00fcc\u00fcs\u00fc, derin baslar ve net tizler \u00fcreterek m\u00fczi\u011fi en do\u011fal haliyle duyman\u0131z\u0131 sa\u011flar. 20Hz\u201320kHz geni\u015f frekans aral\u0131\u011f\u0131, ses detaylar\u0131n\u0131 kay\u0131ps\u0131z iletir. Ayr\u0131ca, geli\u015fmi\u015f mikrofon teknolojisi sayesinde telefon g\u00f6r\u00fc\u015fmeleri ve online toplant\u0131lar s\u0131ras\u0131nda net, kesintisiz. Powerbank \u00f6zelli\u011fine sahip \u015farj kutusu, kulakl\u0131klar\u0131n\u0131z\u0131 45 dakikada tam \u015farj ederken, kendi enerjisini 1\u20132 saat i\u00e7inde doldurur. Uzun pil \u00f6mr\u00fc, g\u00fcn boyu m\u00fczik, oyun veya \u00e7a\u011fr\u0131 deneyimini kesintisiz hale getirir. Kompakt boyutu sayesinde cebinizde veya \u00e7antan\u0131zda rahat\u00e7a ta\u015f\u0131yabilirsiniz. Modern ya\u015fam\u0131n h\u0131z\u0131na uyum sa\u011flayan bu kulakl\u0131k, hem tarz hem i\u015flevsellik a\u00e7\u0131s\u0131ndan m\u00fckemmel bir teknolojik aksesuard\u0131r.<\/p>\n","protected":false},"featured_media":47226,"comment_status":"open","ping_status":"closed","template":"","meta":{"_kad_post_transparent":"","_kad_post_title":"","_kad_post_layout":"","_kad_post_sidebar_id":"","_kad_post_content_style":"","_kad_post_vertical_padding":"","_kad_post_feature":"","_kad_post_feature_position":"","_kad_post_header":false,"_kad_post_footer":false,"_kad_post_classname":""},"product_brand":[],"product_cat":[23],"product_tag":[],"class_list":{"0":"post-47227","1":"product","2":"type-product","3":"status-publish","4":"has-post-thumbnail","6":"product_cat-genel","8":"first","9":"instock","10":"purchasable","11":"product-type-simple","12":"entry","13":"content-bg","14":"loop-entry"},"_links":{"self":[{"href":"https:\/\/www.hediyepazar.com\/index.php?rest_route=\/wp\/v2\/product\/47227","targetHints":{"allow":["GET"]}}],"collection":[{"href":"https:\/\/www.hediyepazar.com\/index.php?rest_route=\/wp\/v2\/product"}],"about":[{"href":"https:\/\/www.hediyepazar.com\/index.php?rest_route=\/wp\/v2\/types\/product"}],"replies":[{"embeddable":true,"href":"https:\/\/www.hediyepazar.com\/index.php?rest_route=%2Fwp%2Fv2%2Fcomments&post=47227"}],"wp:featuredmedia":[{"embeddable":true,"href":"https:\/\/www.hediyepazar.com\/index.php?rest_route=\/wp\/v2\/media\/47226"}],"wp:attachment":[{"href":"https:\/\/www.hediyepazar.com\/index.php?rest_route=%2Fwp%2Fv2%2Fmedia&parent=47227"}],"wp:term":[{"taxonomy":"product_brand","embeddable":true,"href":"https:\/\/www.hediyepazar.com\/index.php?rest_route=%2Fwp%2Fv2%2Fproduct_brand&post=47227"},{"taxonomy":"product_cat","embeddable":true,"href":"https:\/\/www.hediyepazar.com\/index.php?rest_route=%2Fwp%2Fv2%2Fproduct_cat&post=47227"},{"taxonomy":"product_tag","embeddable":true,"href":"https:\/\/www.hediyepazar.com\/index.php?rest_route=%2Fwp%2Fv2%2Fproduct_tag&post=47227"}],"curies":[{"name":"wp","href":"https:\/\/api.w.org\/{rel}","templated":true}]}}