{"id":47239,"date":"2026-04-27T01:07:40","date_gmt":"2026-04-27T04:07:40","guid":{"rendered":"https:\/\/www.hediyepazar.com\/?product=coklu-kablo-cikisli-tasinabilir-powerbank-kompakt-tasarim"},"modified":"2026-04-27T01:07:40","modified_gmt":"2026-04-27T04:07:40","slug":"coklu-kablo-cikisli-tasinabilir-powerbank-kompakt-tasarim","status":"publish","type":"product","link":"https:\/\/www.hediyepazar.com\/?product=coklu-kablo-cikisli-tasinabilir-powerbank-kompakt-tasarim","title":{"rendered":"\u00c7oklu Kablo \u00c7\u0131k\u0131\u015fl\u0131 Ta\u015f\u0131nabilir Powerbank Kompakt Tasar\u0131m"},"content":{"rendered":"","protected":false},"excerpt":{"rendered":"<p>Bu \u00e7ok y\u00f6nl\u00fc ta\u015f\u0131nabilir powerbank, kablosuz \u015farj rahatl\u0131\u011f\u0131n\u0131 kablolu \u015farj g\u00fcc\u00fcyle bir araya getirir. Manyetik tasar\u0131m\u0131 sayesinde uyumlu cihazlara g\u00fc\u00e7l\u00fc \u015fekilde tutunur ve stabil \u015farj sa\u011flar. H\u0131zl\u0131 \u015farj deste\u011fi, LCD ekran ve \u00e7oklu ba\u011flant\u0131 se\u00e7enekleri ile kullan\u0131c\u0131 dostu bir deneyim sunar. Dahili kablolar, ekstra aksesuar ta\u015f\u0131ma ihtiyac\u0131n\u0131 ortadan kald\u0131r\u0131r. G\u00fcnl\u00fck ya\u015famda, seyahatlerde ve i\u015f ortamlar\u0131nda pratik bir \u00e7\u00f6z\u00fcm sunar.<\/p>\n","protected":false},"featured_media":47238,"comment_status":"open","ping_status":"closed","template":"","meta":{"_kad_post_transparent":"","_kad_post_title":"","_kad_post_layout":"","_kad_post_sidebar_id":"","_kad_post_content_style":"","_kad_post_vertical_padding":"","_kad_post_feature":"","_kad_post_feature_position":"","_kad_post_header":false,"_kad_post_footer":false,"_kad_post_classname":""},"product_brand":[],"product_cat":[23],"product_tag":[],"class_list":{"0":"post-47239","1":"product","2":"type-product","3":"status-publish","4":"has-post-thumbnail","6":"product_cat-genel","8":"first","9":"instock","10":"purchasable","11":"product-type-simple","12":"entry","13":"content-bg","14":"loop-entry"},"_links":{"self":[{"href":"https:\/\/www.hediyepazar.com\/index.php?rest_route=\/wp\/v2\/product\/47239","targetHints":{"allow":["GET"]}}],"collection":[{"href":"https:\/\/www.hediyepazar.com\/index.php?rest_route=\/wp\/v2\/product"}],"about":[{"href":"https:\/\/www.hediyepazar.com\/index.php?rest_route=\/wp\/v2\/types\/product"}],"replies":[{"embeddable":true,"href":"https:\/\/www.hediyepazar.com\/index.php?rest_route=%2Fwp%2Fv2%2Fcomments&post=47239"}],"wp:featuredmedia":[{"embeddable":true,"href":"https:\/\/www.hediyepazar.com\/index.php?rest_route=\/wp\/v2\/media\/47238"}],"wp:attachment":[{"href":"https:\/\/www.hediyepazar.com\/index.php?rest_route=%2Fwp%2Fv2%2Fmedia&parent=47239"}],"wp:term":[{"taxonomy":"product_brand","embeddable":true,"href":"https:\/\/www.hediyepazar.com\/index.php?rest_route=%2Fwp%2Fv2%2Fproduct_brand&post=47239"},{"taxonomy":"product_cat","embeddable":true,"href":"https:\/\/www.hediyepazar.com\/index.php?rest_route=%2Fwp%2Fv2%2Fproduct_cat&post=47239"},{"taxonomy":"product_tag","embeddable":true,"href":"https:\/\/www.hediyepazar.com\/index.php?rest_route=%2Fwp%2Fv2%2Fproduct_tag&post=47239"}],"curies":[{"name":"wp","href":"https:\/\/api.w.org\/{rel}","templated":true}]}}