{"id":4724,"date":"2026-04-26T06:54:29","date_gmt":"2026-04-26T09:54:29","guid":{"rendered":"https:\/\/www.hediyepazar.com\/?product=powermaster-24-volt-2-8-watt-sari-cob-modul-led"},"modified":"2026-04-26T06:54:31","modified_gmt":"2026-04-26T09:54:31","slug":"powermaster-24-volt-2-8-watt-sari-cob-modul-led","status":"publish","type":"product","link":"https:\/\/www.hediyepazar.com\/?product=powermaster-24-volt-2-8-watt-sari-cob-modul-led","title":{"rendered":"Powermaster 24 Volt 2.8 Watt Sar\u0131 Cob Mod\u00fcl Led"},"content":{"rendered":"<p>Powermaster 24 Volt 2.8 Watt Sar\u0131 Cob Mod\u00fcl Led<\/p>\n","protected":false},"excerpt":{"rendered":"<p>Powermaster 24 Volt 2.8 Watt Sar\u0131 Cob Mod\u00fcl Led<\/p>\n","protected":false},"featured_media":4725,"comment_status":"closed","ping_status":"open","template":"","meta":{"_kad_post_transparent":"","_kad_post_title":"","_kad_post_layout":"","_kad_post_sidebar_id":"","_kad_post_content_style":"","_kad_post_vertical_padding":"","_kad_post_feature":"","_kad_post_feature_position":"","_kad_post_header":false,"_kad_post_footer":false,"_kad_post_classname":""},"product_brand":[],"product_cat":[208],"product_tag":[],"class_list":{"0":"post-4724","1":"product","2":"type-product","3":"status-publish","4":"has-post-thumbnail","6":"product_cat-led-ve-aydinlatma-ozel-aydinlatma-cozum-modul-led","8":"first","9":"instock","10":"purchasable","11":"product-type-simple","12":"entry","13":"content-bg","14":"loop-entry"},"_links":{"self":[{"href":"https:\/\/www.hediyepazar.com\/index.php?rest_route=\/wp\/v2\/product\/4724","targetHints":{"allow":["GET"]}}],"collection":[{"href":"https:\/\/www.hediyepazar.com\/index.php?rest_route=\/wp\/v2\/product"}],"about":[{"href":"https:\/\/www.hediyepazar.com\/index.php?rest_route=\/wp\/v2\/types\/product"}],"replies":[{"embeddable":true,"href":"https:\/\/www.hediyepazar.com\/index.php?rest_route=%2Fwp%2Fv2%2Fcomments&post=4724"}],"wp:featuredmedia":[{"embeddable":true,"href":"https:\/\/www.hediyepazar.com\/index.php?rest_route=\/wp\/v2\/media\/4725"}],"wp:attachment":[{"href":"https:\/\/www.hediyepazar.com\/index.php?rest_route=%2Fwp%2Fv2%2Fmedia&parent=4724"}],"wp:term":[{"taxonomy":"product_brand","embeddable":true,"href":"https:\/\/www.hediyepazar.com\/index.php?rest_route=%2Fwp%2Fv2%2Fproduct_brand&post=4724"},{"taxonomy":"product_cat","embeddable":true,"href":"https:\/\/www.hediyepazar.com\/index.php?rest_route=%2Fwp%2Fv2%2Fproduct_cat&post=4724"},{"taxonomy":"product_tag","embeddable":true,"href":"https:\/\/www.hediyepazar.com\/index.php?rest_route=%2Fwp%2Fv2%2Fproduct_tag&post=4724"}],"curies":[{"name":"wp","href":"https:\/\/api.w.org\/{rel}","templated":true}]}}