{"id":47241,"date":"2026-04-27T01:07:43","date_gmt":"2026-04-27T04:07:43","guid":{"rendered":"https:\/\/www.hediyepazar.com\/?product=magsafe-uyumlu-kablosuz-powerbank-hizli-sarj-ozellikli"},"modified":"2026-04-27T01:07:43","modified_gmt":"2026-04-27T04:07:43","slug":"magsafe-uyumlu-kablosuz-powerbank-hizli-sarj-ozellikli","status":"publish","type":"product","link":"https:\/\/www.hediyepazar.com\/?product=magsafe-uyumlu-kablosuz-powerbank-hizli-sarj-ozellikli","title":{"rendered":"Magsafe Uyumlu Kablosuz Powerbank H\u0131zl\u0131 \u015earj \u00d6zellikli"},"content":{"rendered":"","protected":false},"excerpt":{"rendered":"<p>Manyetik kablosuz \u015farj destekli bu h\u0131zl\u0131 \u015farj powerbank, modern tasar\u0131m\u0131 ve g\u00fc\u00e7l\u00fc performans\u0131yla \u00f6ne \u00e7\u0131kar. Uyumlu cihazlara otomatik hizalanarak kablosuz \u015farj\u0131 ba\u015flat\u0131r ve pratik bir kullan\u0131m sunar. Kablolu \u015farj tercih eden kullan\u0131c\u0131lar i\u00e7in Type-C ve USB ba\u011flant\u0131lar\u0131 mevcuttur. Bu sayede farkl\u0131 cihazlar ayn\u0131 anda \u015farj edilebilir. LCD ekran, pil seviyesini net \u015fekilde g\u00f6stererek s\u00fcrpriz kapanmalar\u0131n \u00f6n\u00fcne ge\u00e7er. Kompakt yap\u0131s\u0131 sayesinde \u00e7anta veya cepte kolayca ta\u015f\u0131nabilir. G\u00fcnl\u00fck kullan\u0131m i\u00e7in ideal bir enerji kayna\u011f\u0131d\u0131r.<\/p>\n","protected":false},"featured_media":47240,"comment_status":"open","ping_status":"closed","template":"","meta":{"_kad_post_transparent":"","_kad_post_title":"","_kad_post_layout":"","_kad_post_sidebar_id":"","_kad_post_content_style":"","_kad_post_vertical_padding":"","_kad_post_feature":"","_kad_post_feature_position":"","_kad_post_header":false,"_kad_post_footer":false,"_kad_post_classname":""},"product_brand":[],"product_cat":[23],"product_tag":[],"class_list":{"0":"post-47241","1":"product","2":"type-product","3":"status-publish","4":"has-post-thumbnail","6":"product_cat-genel","8":"first","9":"instock","10":"purchasable","11":"product-type-simple","12":"entry","13":"content-bg","14":"loop-entry"},"_links":{"self":[{"href":"https:\/\/www.hediyepazar.com\/index.php?rest_route=\/wp\/v2\/product\/47241","targetHints":{"allow":["GET"]}}],"collection":[{"href":"https:\/\/www.hediyepazar.com\/index.php?rest_route=\/wp\/v2\/product"}],"about":[{"href":"https:\/\/www.hediyepazar.com\/index.php?rest_route=\/wp\/v2\/types\/product"}],"replies":[{"embeddable":true,"href":"https:\/\/www.hediyepazar.com\/index.php?rest_route=%2Fwp%2Fv2%2Fcomments&post=47241"}],"wp:featuredmedia":[{"embeddable":true,"href":"https:\/\/www.hediyepazar.com\/index.php?rest_route=\/wp\/v2\/media\/47240"}],"wp:attachment":[{"href":"https:\/\/www.hediyepazar.com\/index.php?rest_route=%2Fwp%2Fv2%2Fmedia&parent=47241"}],"wp:term":[{"taxonomy":"product_brand","embeddable":true,"href":"https:\/\/www.hediyepazar.com\/index.php?rest_route=%2Fwp%2Fv2%2Fproduct_brand&post=47241"},{"taxonomy":"product_cat","embeddable":true,"href":"https:\/\/www.hediyepazar.com\/index.php?rest_route=%2Fwp%2Fv2%2Fproduct_cat&post=47241"},{"taxonomy":"product_tag","embeddable":true,"href":"https:\/\/www.hediyepazar.com\/index.php?rest_route=%2Fwp%2Fv2%2Fproduct_tag&post=47241"}],"curies":[{"name":"wp","href":"https:\/\/api.w.org\/{rel}","templated":true}]}}