{"id":47251,"date":"2026-04-27T01:07:57","date_gmt":"2026-04-27T04:07:57","guid":{"rendered":"https:\/\/www.hediyepazar.com\/?product=22-5w-hizli-sarj-destekli-manyetik-powerbank-kompakt-tasarim"},"modified":"2026-04-27T01:07:57","modified_gmt":"2026-04-27T04:07:57","slug":"22-5w-hizli-sarj-destekli-manyetik-powerbank-kompakt-tasarim","status":"publish","type":"product","link":"https:\/\/www.hediyepazar.com\/?product=22-5w-hizli-sarj-destekli-manyetik-powerbank-kompakt-tasarim","title":{"rendered":"22.5w H\u0131zl\u0131 \u015earj Destekli Manyetik Powerbank Kompakt Tasar\u0131m"},"content":{"rendered":"","protected":false},"excerpt":{"rendered":"<p>Manyetik kablosuz \u015farj destekli bu h\u0131zl\u0131 \u015farj powerbank, modern tasar\u0131m\u0131 ve g\u00fc\u00e7l\u00fc performans\u0131 ile \u00f6ne \u00e7\u0131kar. Cihaz\u0131n\u0131za otomatik olarak hizalanarak kablosuz \u015farj\u0131 ba\u015flat\u0131r ve konforlu bir kullan\u0131m sunar. H\u0131zl\u0131 \u015farj \u00f6zelli\u011fi sayesinde k\u0131sa s\u00fcrede y\u00fcksek verim elde edilir. Ayn\u0131 anda birden fazla cihaz\u0131 \u015farj edebilme imk\u00e2n\u0131 sunarak g\u00fcnl\u00fck ihtiya\u00e7lara pratik \u00e7\u00f6z\u00fcmler \u00fcretir. LCD ekran, kalan enerjiyi takip etmeyi kolayla\u015ft\u0131r\u0131r. Minimalist ve kompakt yap\u0131s\u0131 sayesinde her ortamda rahatl\u0131kla kullan\u0131labilir.<\/p>\n","protected":false},"featured_media":47250,"comment_status":"open","ping_status":"closed","template":"","meta":{"_kad_post_transparent":"","_kad_post_title":"","_kad_post_layout":"","_kad_post_sidebar_id":"","_kad_post_content_style":"","_kad_post_vertical_padding":"","_kad_post_feature":"","_kad_post_feature_position":"","_kad_post_header":false,"_kad_post_footer":false,"_kad_post_classname":""},"product_brand":[],"product_cat":[23],"product_tag":[],"class_list":{"0":"post-47251","1":"product","2":"type-product","3":"status-publish","4":"has-post-thumbnail","6":"product_cat-genel","8":"first","9":"instock","10":"purchasable","11":"product-type-simple","12":"entry","13":"content-bg","14":"loop-entry"},"_links":{"self":[{"href":"https:\/\/www.hediyepazar.com\/index.php?rest_route=\/wp\/v2\/product\/47251","targetHints":{"allow":["GET"]}}],"collection":[{"href":"https:\/\/www.hediyepazar.com\/index.php?rest_route=\/wp\/v2\/product"}],"about":[{"href":"https:\/\/www.hediyepazar.com\/index.php?rest_route=\/wp\/v2\/types\/product"}],"replies":[{"embeddable":true,"href":"https:\/\/www.hediyepazar.com\/index.php?rest_route=%2Fwp%2Fv2%2Fcomments&post=47251"}],"wp:featuredmedia":[{"embeddable":true,"href":"https:\/\/www.hediyepazar.com\/index.php?rest_route=\/wp\/v2\/media\/47250"}],"wp:attachment":[{"href":"https:\/\/www.hediyepazar.com\/index.php?rest_route=%2Fwp%2Fv2%2Fmedia&parent=47251"}],"wp:term":[{"taxonomy":"product_brand","embeddable":true,"href":"https:\/\/www.hediyepazar.com\/index.php?rest_route=%2Fwp%2Fv2%2Fproduct_brand&post=47251"},{"taxonomy":"product_cat","embeddable":true,"href":"https:\/\/www.hediyepazar.com\/index.php?rest_route=%2Fwp%2Fv2%2Fproduct_cat&post=47251"},{"taxonomy":"product_tag","embeddable":true,"href":"https:\/\/www.hediyepazar.com\/index.php?rest_route=%2Fwp%2Fv2%2Fproduct_tag&post=47251"}],"curies":[{"name":"wp","href":"https:\/\/api.w.org\/{rel}","templated":true}]}}