{"id":47259,"date":"2026-04-27T01:08:08","date_gmt":"2026-04-27T04:08:08","guid":{"rendered":"https:\/\/www.hediyepazar.com\/?product=cok-dilli-iletisim-destekli-kablosuz-kulaklik-oyun-ve-muzik-modlu"},"modified":"2026-04-27T01:08:08","modified_gmt":"2026-04-27T04:08:08","slug":"cok-dilli-iletisim-destekli-kablosuz-kulaklik-oyun-ve-muzik-modlu","status":"publish","type":"product","link":"https:\/\/www.hediyepazar.com\/?product=cok-dilli-iletisim-destekli-kablosuz-kulaklik-oyun-ve-muzik-modlu","title":{"rendered":"\u00c7ok Dilli \u0130leti\u015fim Destekli Kablosuz Kulakl\u0131k Oyun Ve M\u00fczik Modlu"},"content":{"rendered":"","protected":false},"excerpt":{"rendered":"<p>Bu \u00e7ok dilli \u00e7eviri destekli kablosuz kulakl\u0131k, ileti\u015fim ihtiya\u00e7lar\u0131n\u0131 modern teknolojiyle birle\u015ftirir. Anl\u0131k \u00e7eviri \u00f6zelli\u011fi sayesinde farkl\u0131 dillerdeki konu\u015fmalar kolayca anla\u015f\u0131l\u0131r hale gelir. Suya dayan\u0131kl\u0131 yap\u0131s\u0131 ve ergonomik tasar\u0131m\u0131, \u00fcr\u00fcn\u00fc g\u00fcnl\u00fck kullan\u0131ma uygun hale getirir. Uzun pil performans\u0131 sayesinde g\u00fcn boyu kesintisiz kullan\u0131m sunar. Seyahat, spor ve i\u015f hayat\u0131nda pratik \u00e7\u00f6z\u00fcmler \u00fcretir.<\/p>\n","protected":false},"featured_media":47258,"comment_status":"open","ping_status":"closed","template":"","meta":{"_kad_post_transparent":"","_kad_post_title":"","_kad_post_layout":"","_kad_post_sidebar_id":"","_kad_post_content_style":"","_kad_post_vertical_padding":"","_kad_post_feature":"","_kad_post_feature_position":"","_kad_post_header":false,"_kad_post_footer":false,"_kad_post_classname":""},"product_brand":[],"product_cat":[23],"product_tag":[],"class_list":{"0":"post-47259","1":"product","2":"type-product","3":"status-publish","4":"has-post-thumbnail","6":"product_cat-genel","8":"first","9":"instock","10":"purchasable","11":"product-type-simple","12":"entry","13":"content-bg","14":"loop-entry"},"_links":{"self":[{"href":"https:\/\/www.hediyepazar.com\/index.php?rest_route=\/wp\/v2\/product\/47259","targetHints":{"allow":["GET"]}}],"collection":[{"href":"https:\/\/www.hediyepazar.com\/index.php?rest_route=\/wp\/v2\/product"}],"about":[{"href":"https:\/\/www.hediyepazar.com\/index.php?rest_route=\/wp\/v2\/types\/product"}],"replies":[{"embeddable":true,"href":"https:\/\/www.hediyepazar.com\/index.php?rest_route=%2Fwp%2Fv2%2Fcomments&post=47259"}],"wp:featuredmedia":[{"embeddable":true,"href":"https:\/\/www.hediyepazar.com\/index.php?rest_route=\/wp\/v2\/media\/47258"}],"wp:attachment":[{"href":"https:\/\/www.hediyepazar.com\/index.php?rest_route=%2Fwp%2Fv2%2Fmedia&parent=47259"}],"wp:term":[{"taxonomy":"product_brand","embeddable":true,"href":"https:\/\/www.hediyepazar.com\/index.php?rest_route=%2Fwp%2Fv2%2Fproduct_brand&post=47259"},{"taxonomy":"product_cat","embeddable":true,"href":"https:\/\/www.hediyepazar.com\/index.php?rest_route=%2Fwp%2Fv2%2Fproduct_cat&post=47259"},{"taxonomy":"product_tag","embeddable":true,"href":"https:\/\/www.hediyepazar.com\/index.php?rest_route=%2Fwp%2Fv2%2Fproduct_tag&post=47259"}],"curies":[{"name":"wp","href":"https:\/\/api.w.org\/{rel}","templated":true}]}}