{"id":47265,"date":"2026-04-27T01:08:16","date_gmt":"2026-04-27T04:08:16","guid":{"rendered":"https:\/\/www.hediyepazar.com\/?product=gercek-zamanli-ceviri-ozellikli-kablosuz-kulaklik-profesyonel-kullanim"},"modified":"2026-04-27T01:08:16","modified_gmt":"2026-04-27T04:08:16","slug":"gercek-zamanli-ceviri-ozellikli-kablosuz-kulaklik-profesyonel-kullanim","status":"publish","type":"product","link":"https:\/\/www.hediyepazar.com\/?product=gercek-zamanli-ceviri-ozellikli-kablosuz-kulaklik-profesyonel-kullanim","title":{"rendered":"Ger\u00e7ek Zamanl\u0131 \u00c7eviri \u00d6zellikli Kablosuz Kulakl\u0131k Profesyonel Kullan\u0131m"},"content":{"rendered":"","protected":false},"excerpt":{"rendered":"<p>Ger\u00e7ek zamanl\u0131 \u00e7eviri yapabilen bu kablosuz kulakl\u0131k, klasik kulakl\u0131k anlay\u0131\u015f\u0131n\u0131n \u00f6tesine ge\u00e7erek ileti\u015fim odakl\u0131 bir deneyim sunar. Konu\u015fmalar\u0131 an\u0131nda analiz eden ak\u0131ll\u0131 sistem, farkl\u0131 diller aras\u0131nda h\u0131zl\u0131 ve do\u011fru \u00e7eviri yap\u0131lmas\u0131na olanak tan\u0131r. Mobil uygulama deste\u011fi sayesinde \u00e7eviri s\u00fcreci kolayca y\u00f6netilir. Kar\u015f\u0131 taraf\u0131n konu\u015fmalar\u0131 an\u0131nda alg\u0131lan\u0131r ve kullan\u0131c\u0131ya kendi dilinde aktar\u0131l\u0131r. Bu \u00f6zellik, y\u00fcz y\u00fcze g\u00f6r\u00fc\u015fmelerden \u00e7evrim i\u00e7i toplant\u0131lara kadar pek \u00e7ok alanda kullan\u0131labilir. Net ses iletimi sa\u011flayan mikrofon yap\u0131s\u0131 ve g\u00fcr\u00fclt\u00fc azaltma teknolojileri, ortam seslerini minimuma indirir. B\u00f6ylece ileti\u015fim daha net ve kesintisiz hale gelir. Modern tasar\u0131m\u0131 ve ta\u015f\u0131nabilir yap\u0131s\u0131 ile hem g\u00fcnl\u00fck kullan\u0131m hem de profesyonel ortamlar i\u00e7in uygundur.<\/p>\n","protected":false},"featured_media":47264,"comment_status":"open","ping_status":"closed","template":"","meta":{"_kad_post_transparent":"","_kad_post_title":"","_kad_post_layout":"","_kad_post_sidebar_id":"","_kad_post_content_style":"","_kad_post_vertical_padding":"","_kad_post_feature":"","_kad_post_feature_position":"","_kad_post_header":false,"_kad_post_footer":false,"_kad_post_classname":""},"product_brand":[],"product_cat":[23],"product_tag":[],"class_list":{"0":"post-47265","1":"product","2":"type-product","3":"status-publish","4":"has-post-thumbnail","6":"product_cat-genel","8":"first","9":"instock","10":"purchasable","11":"product-type-simple","12":"entry","13":"content-bg","14":"loop-entry"},"_links":{"self":[{"href":"https:\/\/www.hediyepazar.com\/index.php?rest_route=\/wp\/v2\/product\/47265","targetHints":{"allow":["GET"]}}],"collection":[{"href":"https:\/\/www.hediyepazar.com\/index.php?rest_route=\/wp\/v2\/product"}],"about":[{"href":"https:\/\/www.hediyepazar.com\/index.php?rest_route=\/wp\/v2\/types\/product"}],"replies":[{"embeddable":true,"href":"https:\/\/www.hediyepazar.com\/index.php?rest_route=%2Fwp%2Fv2%2Fcomments&post=47265"}],"wp:featuredmedia":[{"embeddable":true,"href":"https:\/\/www.hediyepazar.com\/index.php?rest_route=\/wp\/v2\/media\/47264"}],"wp:attachment":[{"href":"https:\/\/www.hediyepazar.com\/index.php?rest_route=%2Fwp%2Fv2%2Fmedia&parent=47265"}],"wp:term":[{"taxonomy":"product_brand","embeddable":true,"href":"https:\/\/www.hediyepazar.com\/index.php?rest_route=%2Fwp%2Fv2%2Fproduct_brand&post=47265"},{"taxonomy":"product_cat","embeddable":true,"href":"https:\/\/www.hediyepazar.com\/index.php?rest_route=%2Fwp%2Fv2%2Fproduct_cat&post=47265"},{"taxonomy":"product_tag","embeddable":true,"href":"https:\/\/www.hediyepazar.com\/index.php?rest_route=%2Fwp%2Fv2%2Fproduct_tag&post=47265"}],"curies":[{"name":"wp","href":"https:\/\/api.w.org\/{rel}","templated":true}]}}