{"id":47269,"date":"2026-04-27T01:08:24","date_gmt":"2026-04-27T04:08:24","guid":{"rendered":"https:\/\/www.hediyepazar.com\/?product=gurultu-engelleyici-tws-kulaklik-uzun-pil-omurlu-ve-suya-dayanikli"},"modified":"2026-04-27T01:08:24","modified_gmt":"2026-04-27T04:08:24","slug":"gurultu-engelleyici-tws-kulaklik-uzun-pil-omurlu-ve-suya-dayanikli","status":"publish","type":"product","link":"https:\/\/www.hediyepazar.com\/?product=gurultu-engelleyici-tws-kulaklik-uzun-pil-omurlu-ve-suya-dayanikli","title":{"rendered":"G\u00fcr\u00fclt\u00fc Engelleyici Tws Kulakl\u0131k Uzun Pil \u00d6m\u00fcrl\u00fc Ve Suya Dayan\u0131kl\u0131"},"content":{"rendered":"","protected":false},"excerpt":{"rendered":"<p>Bu g\u00fcr\u00fclt\u00fc engelleyici kablosuz kulakl\u0131k, hem profesyonel hem g\u00fcnl\u00fck kullan\u0131m i\u00e7in idealdir. An\u0131nda \u00e7eviri \u00f6zelli\u011fi ile farkl\u0131 dillerde ileti\u015fim kurulabilirken, m\u00fczik ve oyun performans\u0131 da \u00fcst seviyededir. Suya dayan\u0131kl\u0131 yap\u0131s\u0131 sayesinde spor ve a\u00e7\u0131k hava aktivitelerinde g\u00fcvenle kullan\u0131labilir.<\/p>\n","protected":false},"featured_media":47268,"comment_status":"open","ping_status":"closed","template":"","meta":{"_kad_post_transparent":"","_kad_post_title":"","_kad_post_layout":"","_kad_post_sidebar_id":"","_kad_post_content_style":"","_kad_post_vertical_padding":"","_kad_post_feature":"","_kad_post_feature_position":"","_kad_post_header":false,"_kad_post_footer":false,"_kad_post_classname":""},"product_brand":[],"product_cat":[23],"product_tag":[],"class_list":{"0":"post-47269","1":"product","2":"type-product","3":"status-publish","4":"has-post-thumbnail","6":"product_cat-genel","8":"first","9":"instock","10":"purchasable","11":"product-type-simple","12":"entry","13":"content-bg","14":"loop-entry"},"_links":{"self":[{"href":"https:\/\/www.hediyepazar.com\/index.php?rest_route=\/wp\/v2\/product\/47269","targetHints":{"allow":["GET"]}}],"collection":[{"href":"https:\/\/www.hediyepazar.com\/index.php?rest_route=\/wp\/v2\/product"}],"about":[{"href":"https:\/\/www.hediyepazar.com\/index.php?rest_route=\/wp\/v2\/types\/product"}],"replies":[{"embeddable":true,"href":"https:\/\/www.hediyepazar.com\/index.php?rest_route=%2Fwp%2Fv2%2Fcomments&post=47269"}],"wp:featuredmedia":[{"embeddable":true,"href":"https:\/\/www.hediyepazar.com\/index.php?rest_route=\/wp\/v2\/media\/47268"}],"wp:attachment":[{"href":"https:\/\/www.hediyepazar.com\/index.php?rest_route=%2Fwp%2Fv2%2Fmedia&parent=47269"}],"wp:term":[{"taxonomy":"product_brand","embeddable":true,"href":"https:\/\/www.hediyepazar.com\/index.php?rest_route=%2Fwp%2Fv2%2Fproduct_brand&post=47269"},{"taxonomy":"product_cat","embeddable":true,"href":"https:\/\/www.hediyepazar.com\/index.php?rest_route=%2Fwp%2Fv2%2Fproduct_cat&post=47269"},{"taxonomy":"product_tag","embeddable":true,"href":"https:\/\/www.hediyepazar.com\/index.php?rest_route=%2Fwp%2Fv2%2Fproduct_tag&post=47269"}],"curies":[{"name":"wp","href":"https:\/\/api.w.org\/{rel}","templated":true}]}}