{"id":47271,"date":"2026-04-27T01:08:27","date_gmt":"2026-04-27T04:08:27","guid":{"rendered":"https:\/\/www.hediyepazar.com\/?product=akilli-ceviri-destekli-bluetooth-kulaklik-profesyonel-ses-deneyimi"},"modified":"2026-04-27T01:08:27","modified_gmt":"2026-04-27T04:08:27","slug":"akilli-ceviri-destekli-bluetooth-kulaklik-profesyonel-ses-deneyimi","status":"publish","type":"product","link":"https:\/\/www.hediyepazar.com\/?product=akilli-ceviri-destekli-bluetooth-kulaklik-profesyonel-ses-deneyimi","title":{"rendered":"Ak\u0131ll\u0131 \u00c7eviri Destekli Bluetooth Kulakl\u0131k Profesyonel Ses Deneyimi"},"content":{"rendered":"","protected":false},"excerpt":{"rendered":"<p>Yapay zeka \u00e7eviri teknolojisiyle donat\u0131lm\u0131\u015f bu TWS Bluetooth kulakl\u0131k, i\u015f ve sosyal ya\u015famda ileti\u015fimi g\u00fc\u00e7lendirir. \u00c7ok dilli \u00e7eviri deste\u011fi sayesinde yabanc\u0131 dil bilmeden de ileti\u015fim kurulabilir. ANC ve ENC teknolojileri, d\u0131\u015f ortam g\u00fcr\u00fclt\u00fcs\u00fcn\u00fc azaltarak net ses sunar. Uzun s\u00fcreli kullan\u0131m i\u00e7in ergonomik olarak tasarlanm\u0131\u015ft\u0131r.<\/p>\n","protected":false},"featured_media":47270,"comment_status":"open","ping_status":"closed","template":"","meta":{"_kad_post_transparent":"","_kad_post_title":"","_kad_post_layout":"","_kad_post_sidebar_id":"","_kad_post_content_style":"","_kad_post_vertical_padding":"","_kad_post_feature":"","_kad_post_feature_position":"","_kad_post_header":false,"_kad_post_footer":false,"_kad_post_classname":""},"product_brand":[],"product_cat":[23],"product_tag":[],"class_list":{"0":"post-47271","1":"product","2":"type-product","3":"status-publish","4":"has-post-thumbnail","6":"product_cat-genel","8":"first","9":"instock","10":"purchasable","11":"product-type-simple","12":"entry","13":"content-bg","14":"loop-entry"},"_links":{"self":[{"href":"https:\/\/www.hediyepazar.com\/index.php?rest_route=\/wp\/v2\/product\/47271","targetHints":{"allow":["GET"]}}],"collection":[{"href":"https:\/\/www.hediyepazar.com\/index.php?rest_route=\/wp\/v2\/product"}],"about":[{"href":"https:\/\/www.hediyepazar.com\/index.php?rest_route=\/wp\/v2\/types\/product"}],"replies":[{"embeddable":true,"href":"https:\/\/www.hediyepazar.com\/index.php?rest_route=%2Fwp%2Fv2%2Fcomments&post=47271"}],"wp:featuredmedia":[{"embeddable":true,"href":"https:\/\/www.hediyepazar.com\/index.php?rest_route=\/wp\/v2\/media\/47270"}],"wp:attachment":[{"href":"https:\/\/www.hediyepazar.com\/index.php?rest_route=%2Fwp%2Fv2%2Fmedia&parent=47271"}],"wp:term":[{"taxonomy":"product_brand","embeddable":true,"href":"https:\/\/www.hediyepazar.com\/index.php?rest_route=%2Fwp%2Fv2%2Fproduct_brand&post=47271"},{"taxonomy":"product_cat","embeddable":true,"href":"https:\/\/www.hediyepazar.com\/index.php?rest_route=%2Fwp%2Fv2%2Fproduct_cat&post=47271"},{"taxonomy":"product_tag","embeddable":true,"href":"https:\/\/www.hediyepazar.com\/index.php?rest_route=%2Fwp%2Fv2%2Fproduct_tag&post=47271"}],"curies":[{"name":"wp","href":"https:\/\/api.w.org\/{rel}","templated":true}]}}