{"id":47275,"date":"2026-04-27T01:08:33","date_gmt":"2026-04-27T04:08:33","guid":{"rendered":"https:\/\/www.hediyepazar.com\/?product=135-dilde-gercek-zamanli-ceviri-ozellikli-tws-bluetooth-kulaklik"},"modified":"2026-04-27T01:08:33","modified_gmt":"2026-04-27T04:08:33","slug":"135-dilde-gercek-zamanli-ceviri-ozellikli-tws-bluetooth-kulaklik","status":"publish","type":"product","link":"https:\/\/www.hediyepazar.com\/?product=135-dilde-gercek-zamanli-ceviri-ozellikli-tws-bluetooth-kulaklik","title":{"rendered":"135 Dilde Ger\u00e7ek Zamanl\u0131 \u00c7eviri \u00d6zellikli Tws Bluetooth Kulakl\u0131k"},"content":{"rendered":"","protected":false},"excerpt":{"rendered":"<p>Ger\u00e7ek zamanl\u0131 \u00e7eviri \u00f6zelli\u011fine sahip bu kablosuz Bluetooth kulakl\u0131k, global ileti\u015fimi herkes i\u00e7in eri\u015filebilir hale getirir. Yapay zeka destekli sistemi sayesinde konu\u015fmalar\u0131 an\u0131nda \u00e7evirerek farkl\u0131 dillerde sorunsuz ileti\u015fim kurman\u0131za yard\u0131mc\u0131 olur. Geli\u015fmi\u015f mikrofon yap\u0131s\u0131, sesinizi net \u015fekilde alg\u0131larken g\u00fcr\u00fclt\u00fc engelleme teknolojileri arka plan seslerini bast\u0131r\u0131r. Bu sayede hem m\u00fczik dinlerken hem de g\u00f6r\u00fc\u015fme yaparken y\u00fcksek ses kalitesi elde edilir. Ak\u0131ll\u0131 uygulama \u00fczerinden kontrol edilebilen yap\u0131, kullan\u0131m kolayl\u0131\u011f\u0131 sa\u011flar. Spor, seyahat ve g\u00fcnl\u00fck kullan\u0131m i\u00e7in idealdir.<\/p>\n","protected":false},"featured_media":47274,"comment_status":"open","ping_status":"closed","template":"","meta":{"_kad_post_transparent":"","_kad_post_title":"","_kad_post_layout":"","_kad_post_sidebar_id":"","_kad_post_content_style":"","_kad_post_vertical_padding":"","_kad_post_feature":"","_kad_post_feature_position":"","_kad_post_header":false,"_kad_post_footer":false,"_kad_post_classname":""},"product_brand":[],"product_cat":[23],"product_tag":[],"class_list":{"0":"post-47275","1":"product","2":"type-product","3":"status-publish","4":"has-post-thumbnail","6":"product_cat-genel","8":"first","9":"instock","10":"purchasable","11":"product-type-simple","12":"entry","13":"content-bg","14":"loop-entry"},"_links":{"self":[{"href":"https:\/\/www.hediyepazar.com\/index.php?rest_route=\/wp\/v2\/product\/47275","targetHints":{"allow":["GET"]}}],"collection":[{"href":"https:\/\/www.hediyepazar.com\/index.php?rest_route=\/wp\/v2\/product"}],"about":[{"href":"https:\/\/www.hediyepazar.com\/index.php?rest_route=\/wp\/v2\/types\/product"}],"replies":[{"embeddable":true,"href":"https:\/\/www.hediyepazar.com\/index.php?rest_route=%2Fwp%2Fv2%2Fcomments&post=47275"}],"wp:featuredmedia":[{"embeddable":true,"href":"https:\/\/www.hediyepazar.com\/index.php?rest_route=\/wp\/v2\/media\/47274"}],"wp:attachment":[{"href":"https:\/\/www.hediyepazar.com\/index.php?rest_route=%2Fwp%2Fv2%2Fmedia&parent=47275"}],"wp:term":[{"taxonomy":"product_brand","embeddable":true,"href":"https:\/\/www.hediyepazar.com\/index.php?rest_route=%2Fwp%2Fv2%2Fproduct_brand&post=47275"},{"taxonomy":"product_cat","embeddable":true,"href":"https:\/\/www.hediyepazar.com\/index.php?rest_route=%2Fwp%2Fv2%2Fproduct_cat&post=47275"},{"taxonomy":"product_tag","embeddable":true,"href":"https:\/\/www.hediyepazar.com\/index.php?rest_route=%2Fwp%2Fv2%2Fproduct_tag&post=47275"}],"curies":[{"name":"wp","href":"https:\/\/api.w.org\/{rel}","templated":true}]}}