{"id":47277,"date":"2026-04-27T01:08:37","date_gmt":"2026-04-27T04:08:37","guid":{"rendered":"https:\/\/www.hediyepazar.com\/?product=yapay-zeka-destekli-bluetooth-kulaklik-anlik-ceviri-ve-gurultu-engelleme"},"modified":"2026-04-27T01:08:37","modified_gmt":"2026-04-27T04:08:37","slug":"yapay-zeka-destekli-bluetooth-kulaklik-anlik-ceviri-ve-gurultu-engelleme","status":"publish","type":"product","link":"https:\/\/www.hediyepazar.com\/?product=yapay-zeka-destekli-bluetooth-kulaklik-anlik-ceviri-ve-gurultu-engelleme","title":{"rendered":"Yapay Zeka Destekli Bluetooth Kulakl\u0131k Anl\u0131k \u00c7eviri Ve G\u00fcr\u00fclt\u00fc Engelleme"},"content":{"rendered":"","protected":false},"excerpt":{"rendered":"<p>Bu yapay zeka destekli Bluetooth kulakl\u0131k, yaln\u0131zca m\u00fczik ve g\u00f6r\u00fc\u015fme i\u00e7in de\u011fil, ayn\u0131 zamanda farkl\u0131 diller aras\u0131nda an\u0131nda ileti\u015fim kurmak isteyen kullan\u0131c\u0131lar i\u00e7in geli\u015ftirilmi\u015f ileri teknoloji bir \u00e7\u00f6z\u00fcmd\u00fcr. Ger\u00e7ek zamanl\u0131 \u00e7eviri \u00f6zelli\u011fi sayesinde 135 farkl\u0131 dili alg\u0131layarak an\u0131nda \u00e7evirir ve dil engellerini ortadan kald\u0131r\u0131r. Seyahatlerde, i\u015f g\u00f6r\u00fc\u015fmelerinde, uluslararas\u0131 toplant\u0131larda ve g\u00fcnl\u00fck hayatta b\u00fcy\u00fck kolayl\u0131k sa\u011flar. Mobil uygulama deste\u011fi ile \u00e7al\u0131\u015fan ak\u0131ll\u0131 \u00e7eviri sistemi, kar\u015f\u0131 taraf\u0131n konu\u015fmas\u0131n\u0131 alg\u0131lar ve an\u0131nda kendi dilinizde size iletir. Yapay zeka algoritmalar\u0131 sayesinde \u00e7eviriler do\u011fal, ak\u0131c\u0131 ve y\u00fcksek do\u011fruluk oran\u0131na sahiptir. Bu sayede ileti\u015fim kesintiye u\u011framaz. \u00c7ift mikrofonlu yap\u0131s\u0131, sesinizi net \u015fekilde yakalarken Aktif G\u00fcr\u00fclt\u00fc Engelleme (ANC) ve \u00c7evresel G\u00fcr\u00fclt\u00fc Azaltma (ENC) teknolojileri sayesinde d\u0131\u015f sesler minimum seviyeye indirilir. Telefon g\u00f6r\u00fc\u015fmeleri ve online toplant\u0131larda kristal netli\u011finde ses deneyimi sunar. Oyun modu d\u00fc\u015f\u00fck gecikmeli ses aktar\u0131m\u0131 sa\u011flayarak \u00f6zellikle mobil oyunlarda avantaj yarat\u0131r. M\u00fczik modu ise g\u00fc\u00e7l\u00fc baslar ve dengeli tizlerle zengin bir dinleme deneyimi sunar. Ergonomik tasar\u0131m\u0131 sayesinde uzun s\u00fcreli kullan\u0131mlarda konfor sa\u011flar.<\/p>\n","protected":false},"featured_media":47276,"comment_status":"open","ping_status":"closed","template":"","meta":{"_kad_post_transparent":"","_kad_post_title":"","_kad_post_layout":"","_kad_post_sidebar_id":"","_kad_post_content_style":"","_kad_post_vertical_padding":"","_kad_post_feature":"","_kad_post_feature_position":"","_kad_post_header":false,"_kad_post_footer":false,"_kad_post_classname":""},"product_brand":[],"product_cat":[23],"product_tag":[],"class_list":{"0":"post-47277","1":"product","2":"type-product","3":"status-publish","4":"has-post-thumbnail","6":"product_cat-genel","8":"first","9":"instock","10":"purchasable","11":"product-type-simple","12":"entry","13":"content-bg","14":"loop-entry"},"_links":{"self":[{"href":"https:\/\/www.hediyepazar.com\/index.php?rest_route=\/wp\/v2\/product\/47277","targetHints":{"allow":["GET"]}}],"collection":[{"href":"https:\/\/www.hediyepazar.com\/index.php?rest_route=\/wp\/v2\/product"}],"about":[{"href":"https:\/\/www.hediyepazar.com\/index.php?rest_route=\/wp\/v2\/types\/product"}],"replies":[{"embeddable":true,"href":"https:\/\/www.hediyepazar.com\/index.php?rest_route=%2Fwp%2Fv2%2Fcomments&post=47277"}],"wp:featuredmedia":[{"embeddable":true,"href":"https:\/\/www.hediyepazar.com\/index.php?rest_route=\/wp\/v2\/media\/47276"}],"wp:attachment":[{"href":"https:\/\/www.hediyepazar.com\/index.php?rest_route=%2Fwp%2Fv2%2Fmedia&parent=47277"}],"wp:term":[{"taxonomy":"product_brand","embeddable":true,"href":"https:\/\/www.hediyepazar.com\/index.php?rest_route=%2Fwp%2Fv2%2Fproduct_brand&post=47277"},{"taxonomy":"product_cat","embeddable":true,"href":"https:\/\/www.hediyepazar.com\/index.php?rest_route=%2Fwp%2Fv2%2Fproduct_cat&post=47277"},{"taxonomy":"product_tag","embeddable":true,"href":"https:\/\/www.hediyepazar.com\/index.php?rest_route=%2Fwp%2Fv2%2Fproduct_tag&post=47277"}],"curies":[{"name":"wp","href":"https:\/\/api.w.org\/{rel}","templated":true}]}}