{"id":4752,"date":"2026-04-26T06:54:36","date_gmt":"2026-04-26T09:54:36","guid":{"rendered":"https:\/\/www.hediyepazar.com\/?product=winnboss-wn-1022-anahtarli-20-watt-kucuk-silikon-tabancasi"},"modified":"2026-04-26T06:54:38","modified_gmt":"2026-04-26T09:54:38","slug":"winnboss-wn-1022-anahtarli-20-watt-kucuk-silikon-tabancasi","status":"publish","type":"product","link":"https:\/\/www.hediyepazar.com\/?product=winnboss-wn-1022-anahtarli-20-watt-kucuk-silikon-tabancasi","title":{"rendered":"Winnboss Wn-1022 Anahtarl\u0131 20 Watt K\u00fc\u00e7\u00fck Silikon Tabancas\u0131"},"content":{"rendered":"<p>Winnboss Wn-1022 Anahtarl\u0131 20 Watt K\u00fc\u00e7\u00fck Silikon Tabancas\u0131<\/p>\n","protected":false},"excerpt":{"rendered":"<p>Winnboss Wn-1022 Anahtarl\u0131 20 Watt K\u00fc\u00e7\u00fck Silikon Tabancas\u0131<\/p>\n","protected":false},"featured_media":4753,"comment_status":"closed","ping_status":"open","template":"","meta":{"_kad_post_transparent":"","_kad_post_title":"","_kad_post_layout":"","_kad_post_sidebar_id":"","_kad_post_content_style":"","_kad_post_vertical_padding":"","_kad_post_feature":"","_kad_post_feature_position":"","_kad_post_header":false,"_kad_post_footer":false,"_kad_post_classname":""},"product_brand":[],"product_cat":[339],"product_tag":[],"class_list":{"0":"post-4752","1":"product","2":"type-product","3":"status-publish","4":"has-post-thumbnail","6":"product_cat-hirdavat-malzemeleri-hirdavat-tamir-malzemeleri-el-aletleri-silikon-tabancalari","8":"first","9":"instock","10":"purchasable","11":"product-type-simple","12":"entry","13":"content-bg","14":"loop-entry"},"_links":{"self":[{"href":"https:\/\/www.hediyepazar.com\/index.php?rest_route=\/wp\/v2\/product\/4752","targetHints":{"allow":["GET"]}}],"collection":[{"href":"https:\/\/www.hediyepazar.com\/index.php?rest_route=\/wp\/v2\/product"}],"about":[{"href":"https:\/\/www.hediyepazar.com\/index.php?rest_route=\/wp\/v2\/types\/product"}],"replies":[{"embeddable":true,"href":"https:\/\/www.hediyepazar.com\/index.php?rest_route=%2Fwp%2Fv2%2Fcomments&post=4752"}],"wp:featuredmedia":[{"embeddable":true,"href":"https:\/\/www.hediyepazar.com\/index.php?rest_route=\/wp\/v2\/media\/4753"}],"wp:attachment":[{"href":"https:\/\/www.hediyepazar.com\/index.php?rest_route=%2Fwp%2Fv2%2Fmedia&parent=4752"}],"wp:term":[{"taxonomy":"product_brand","embeddable":true,"href":"https:\/\/www.hediyepazar.com\/index.php?rest_route=%2Fwp%2Fv2%2Fproduct_brand&post=4752"},{"taxonomy":"product_cat","embeddable":true,"href":"https:\/\/www.hediyepazar.com\/index.php?rest_route=%2Fwp%2Fv2%2Fproduct_cat&post=4752"},{"taxonomy":"product_tag","embeddable":true,"href":"https:\/\/www.hediyepazar.com\/index.php?rest_route=%2Fwp%2Fv2%2Fproduct_tag&post=4752"}],"curies":[{"name":"wp","href":"https:\/\/api.w.org\/{rel}","templated":true}]}}