{"id":4768,"date":"2026-04-26T06:54:42","date_gmt":"2026-04-26T09:54:42","guid":{"rendered":"https:\/\/www.hediyepazar.com\/?product=mersat-royal-uydu-alici-goz-mag-10"},"modified":"2026-04-26T06:54:44","modified_gmt":"2026-04-26T09:54:44","slug":"mersat-royal-uydu-alici-goz-mag-10","status":"publish","type":"product","link":"https:\/\/www.hediyepazar.com\/?product=mersat-royal-uydu-alici-goz-mag-10","title":{"rendered":"Mersat Royal Uydu Al\u0131c\u0131 G\u00f6z Mag-10"},"content":{"rendered":"<p>Mersat Royal Uydu Al\u0131c\u0131 G\u00f6z Mag-10<\/p>\n","protected":false},"excerpt":{"rendered":"<p>Mersat Royal Uydu Al\u0131c\u0131 G\u00f6z Mag-10<\/p>\n","protected":false},"featured_media":4769,"comment_status":"closed","ping_status":"open","template":"","meta":{"_kad_post_transparent":"","_kad_post_title":"","_kad_post_layout":"","_kad_post_sidebar_id":"","_kad_post_content_style":"","_kad_post_vertical_padding":"","_kad_post_feature":"","_kad_post_feature_position":"","_kad_post_header":false,"_kad_post_footer":false,"_kad_post_classname":""},"product_brand":[],"product_cat":[261],"product_tag":[],"class_list":{"0":"post-4768","1":"product","2":"type-product","3":"status-publish","4":"has-post-thumbnail","6":"product_cat-uydu-alici-sistemleri-uydu-ekipmanlari-mini-uydu-alici-gozleri","8":"first","9":"instock","10":"purchasable","11":"product-type-simple","12":"entry","13":"content-bg","14":"loop-entry"},"_links":{"self":[{"href":"https:\/\/www.hediyepazar.com\/index.php?rest_route=\/wp\/v2\/product\/4768","targetHints":{"allow":["GET"]}}],"collection":[{"href":"https:\/\/www.hediyepazar.com\/index.php?rest_route=\/wp\/v2\/product"}],"about":[{"href":"https:\/\/www.hediyepazar.com\/index.php?rest_route=\/wp\/v2\/types\/product"}],"replies":[{"embeddable":true,"href":"https:\/\/www.hediyepazar.com\/index.php?rest_route=%2Fwp%2Fv2%2Fcomments&post=4768"}],"wp:featuredmedia":[{"embeddable":true,"href":"https:\/\/www.hediyepazar.com\/index.php?rest_route=\/wp\/v2\/media\/4769"}],"wp:attachment":[{"href":"https:\/\/www.hediyepazar.com\/index.php?rest_route=%2Fwp%2Fv2%2Fmedia&parent=4768"}],"wp:term":[{"taxonomy":"product_brand","embeddable":true,"href":"https:\/\/www.hediyepazar.com\/index.php?rest_route=%2Fwp%2Fv2%2Fproduct_brand&post=4768"},{"taxonomy":"product_cat","embeddable":true,"href":"https:\/\/www.hediyepazar.com\/index.php?rest_route=%2Fwp%2Fv2%2Fproduct_cat&post=4768"},{"taxonomy":"product_tag","embeddable":true,"href":"https:\/\/www.hediyepazar.com\/index.php?rest_route=%2Fwp%2Fv2%2Fproduct_tag&post=4768"}],"curies":[{"name":"wp","href":"https:\/\/api.w.org\/{rel}","templated":true}]}}