{"id":4788,"date":"2026-04-26T06:54:48","date_gmt":"2026-04-26T09:54:48","guid":{"rendered":"https:\/\/www.hediyepazar.com\/?product=63-mm-stereo-erkek-35-mm-stereo-disi-cevirici"},"modified":"2026-04-26T06:54:50","modified_gmt":"2026-04-26T09:54:50","slug":"63-mm-stereo-erkek-35-mm-stereo-disi-cevirici","status":"publish","type":"product","link":"https:\/\/www.hediyepazar.com\/?product=63-mm-stereo-erkek-35-mm-stereo-disi-cevirici","title":{"rendered":"6,3 Mm Stereo Erkek-3,5 Mm Stereo Di\u015fi \u00c7evirici"},"content":{"rendered":"<p>6,3 Mm Stereo Erkek-3,5 Mm Stereo Di\u015fi \u00c7evirici<\/p>\n","protected":false},"excerpt":{"rendered":"<p>6,3 Mm Stereo Erkek-3,5 Mm Stereo Di\u015fi \u00c7evirici<\/p>\n","protected":false},"featured_media":4789,"comment_status":"closed","ping_status":"open","template":"","meta":{"_kad_post_transparent":"","_kad_post_title":"","_kad_post_layout":"","_kad_post_sidebar_id":"","_kad_post_content_style":"","_kad_post_vertical_padding":"","_kad_post_feature":"","_kad_post_feature_position":"","_kad_post_header":false,"_kad_post_footer":false,"_kad_post_classname":""},"product_brand":[],"product_cat":[214],"product_tag":[],"class_list":{"0":"post-4788","1":"product","2":"type-product","3":"status-publish","4":"has-post-thumbnail","6":"product_cat-hirdavat-malzemeleri-hirdavat-tamir-malzemeleri-fis-jack-sase","8":"first","9":"instock","10":"purchasable","11":"product-type-simple","12":"entry","13":"content-bg","14":"loop-entry"},"_links":{"self":[{"href":"https:\/\/www.hediyepazar.com\/index.php?rest_route=\/wp\/v2\/product\/4788","targetHints":{"allow":["GET"]}}],"collection":[{"href":"https:\/\/www.hediyepazar.com\/index.php?rest_route=\/wp\/v2\/product"}],"about":[{"href":"https:\/\/www.hediyepazar.com\/index.php?rest_route=\/wp\/v2\/types\/product"}],"replies":[{"embeddable":true,"href":"https:\/\/www.hediyepazar.com\/index.php?rest_route=%2Fwp%2Fv2%2Fcomments&post=4788"}],"wp:featuredmedia":[{"embeddable":true,"href":"https:\/\/www.hediyepazar.com\/index.php?rest_route=\/wp\/v2\/media\/4789"}],"wp:attachment":[{"href":"https:\/\/www.hediyepazar.com\/index.php?rest_route=%2Fwp%2Fv2%2Fmedia&parent=4788"}],"wp:term":[{"taxonomy":"product_brand","embeddable":true,"href":"https:\/\/www.hediyepazar.com\/index.php?rest_route=%2Fwp%2Fv2%2Fproduct_brand&post=4788"},{"taxonomy":"product_cat","embeddable":true,"href":"https:\/\/www.hediyepazar.com\/index.php?rest_route=%2Fwp%2Fv2%2Fproduct_cat&post=4788"},{"taxonomy":"product_tag","embeddable":true,"href":"https:\/\/www.hediyepazar.com\/index.php?rest_route=%2Fwp%2Fv2%2Fproduct_tag&post=4788"}],"curies":[{"name":"wp","href":"https:\/\/api.w.org\/{rel}","templated":true}]}}