{"id":48075,"date":"2026-04-27T01:36:52","date_gmt":"2026-04-27T04:36:52","guid":{"rendered":"https:\/\/www.hediyepazar.com\/?product=dokunmatik-kontrollu-abs-malzemeli-bluetooth-kulaklik-yuksek-kapasiteli-kutu"},"modified":"2026-04-27T01:36:52","modified_gmt":"2026-04-27T04:36:52","slug":"dokunmatik-kontrollu-abs-malzemeli-bluetooth-kulaklik-yuksek-kapasiteli-kutu","status":"publish","type":"product","link":"https:\/\/www.hediyepazar.com\/?product=dokunmatik-kontrollu-abs-malzemeli-bluetooth-kulaklik-yuksek-kapasiteli-kutu","title":{"rendered":"Dokunmatik Kontroll\u00fc Abs Malzemeli Bluetooth Kulakl\u0131k + Y\u00fcksek Kapasiteli Kutu"},"content":{"rendered":"","protected":false},"excerpt":{"rendered":"<p>Bu kablosuz kulakl\u0131k sistemi, Bluetooth V5.0 teknolojisi sayesinde kesintisiz ve kararl\u0131 ses performans\u0131 sunar. 10 metreye kadar \u00e7al\u0131\u015fma menzili ile g\u00fcnl\u00fck kullan\u0131mda esnek hareket imkan\u0131 sa\u011flar. Parmak izi dokunmatik kontrol paneli, kullan\u0131m\u0131 basitle\u015ftirir. Kulakl\u0131k ba\u015f\u0131na 40 mAh pil \u00f6mr\u00fc, 3\u20134 saat m\u00fczik dinleme veya g\u00f6r\u00fc\u015fme sa\u011flar. 1800 mAh \u015farj kutusu, kulakl\u0131klar\u0131 birka\u00e7 kez \u015farj etmenin yan\u0131 s\u0131ra d\u0131\u015f cihazlar\u0131 da destekler, toplam kullan\u0131m s\u00fcresi 16\u201317 saati bulur. Kompakt ve hafif tasar\u0131m\u0131 (yakla\u015f\u0131k 115 g) sayesinde seyahat \u00e7antas\u0131nda rahatl\u0131kla ta\u015f\u0131n\u0131r. ABS g\u00f6vdesi dayan\u0131kl\u0131d\u0131r. Paket; 2 kulakl\u0131k, \u015farj kutusu, 2 \u00e7ift kulakl\u0131k ucu ve \u015farj kablosu i\u00e7erir. Android ve iOS cihazlarla uyumludur, kolay e\u015fle\u015ftirme sa\u011flar. \u00a0<\/p>\n","protected":false},"featured_media":48074,"comment_status":"open","ping_status":"closed","template":"","meta":{"_kad_post_transparent":"","_kad_post_title":"","_kad_post_layout":"","_kad_post_sidebar_id":"","_kad_post_content_style":"","_kad_post_vertical_padding":"","_kad_post_feature":"","_kad_post_feature_position":"","_kad_post_header":false,"_kad_post_footer":false,"_kad_post_classname":""},"product_brand":[],"product_cat":[23],"product_tag":[],"class_list":{"0":"post-48075","1":"product","2":"type-product","3":"status-publish","4":"has-post-thumbnail","6":"product_cat-genel","8":"first","9":"instock","10":"purchasable","11":"product-type-simple","12":"entry","13":"content-bg","14":"loop-entry"},"_links":{"self":[{"href":"https:\/\/www.hediyepazar.com\/index.php?rest_route=\/wp\/v2\/product\/48075","targetHints":{"allow":["GET"]}}],"collection":[{"href":"https:\/\/www.hediyepazar.com\/index.php?rest_route=\/wp\/v2\/product"}],"about":[{"href":"https:\/\/www.hediyepazar.com\/index.php?rest_route=\/wp\/v2\/types\/product"}],"replies":[{"embeddable":true,"href":"https:\/\/www.hediyepazar.com\/index.php?rest_route=%2Fwp%2Fv2%2Fcomments&post=48075"}],"wp:featuredmedia":[{"embeddable":true,"href":"https:\/\/www.hediyepazar.com\/index.php?rest_route=\/wp\/v2\/media\/48074"}],"wp:attachment":[{"href":"https:\/\/www.hediyepazar.com\/index.php?rest_route=%2Fwp%2Fv2%2Fmedia&parent=48075"}],"wp:term":[{"taxonomy":"product_brand","embeddable":true,"href":"https:\/\/www.hediyepazar.com\/index.php?rest_route=%2Fwp%2Fv2%2Fproduct_brand&post=48075"},{"taxonomy":"product_cat","embeddable":true,"href":"https:\/\/www.hediyepazar.com\/index.php?rest_route=%2Fwp%2Fv2%2Fproduct_cat&post=48075"},{"taxonomy":"product_tag","embeddable":true,"href":"https:\/\/www.hediyepazar.com\/index.php?rest_route=%2Fwp%2Fv2%2Fproduct_tag&post=48075"}],"curies":[{"name":"wp","href":"https:\/\/api.w.org\/{rel}","templated":true}]}}