{"id":48079,"date":"2026-04-27T01:36:55","date_gmt":"2026-04-27T04:36:55","guid":{"rendered":"https:\/\/www.hediyepazar.com\/?product=titresim-motorlu-oyun-kolu-gercekci-geri-bildirim-ve-etkilesim"},"modified":"2026-04-27T01:36:55","modified_gmt":"2026-04-27T04:36:55","slug":"titresim-motorlu-oyun-kolu-gercekci-geri-bildirim-ve-etkilesim","status":"publish","type":"product","link":"https:\/\/www.hediyepazar.com\/?product=titresim-motorlu-oyun-kolu-gercekci-geri-bildirim-ve-etkilesim","title":{"rendered":"Titre\u015fim Motorlu Oyun Kolu \u2013 Ger\u00e7ek\u00e7i Geri Bildirim Ve Etkile\u015fim"},"content":{"rendered":"","protected":false},"excerpt":{"rendered":"<p>Bu oyun kolu, i\u00e7erisinde yer alan \u00e7ift titre\u015fim motoru sayesinde kullan\u0131c\u0131ya \u00e7ok daha ger\u00e7ek\u00e7i bir oyun deneyimi sunar. Patlama, silah sesi, \u00e7arp\u0131\u015fma ya da ara sahne ge\u00e7i\u015fleri gibi anlarda titre\u015fim deste\u011fiyle fiziksel geri bildirim al\u0131n\u0131r. Bu da oyuncunun oyuna tam anlam\u0131yla odaklanmas\u0131n\u0131 sa\u011flar. Titre\u015fim seviyeleri, oyun senaryolar\u0131na g\u00f6re de\u011fi\u015fiklik g\u00f6sterecek \u015fekilde ak\u0131ll\u0131ca d\u00fczenlenmi\u015ftir. Yar\u0131\u015f oyunlar\u0131nda \u00e7ak\u0131l ta\u015f\u0131na girdi\u011finizde veya \u00e7at\u0131\u015fma oyunlar\u0131nda a\u011f\u0131r hasar ald\u0131\u011f\u0131n\u0131zda, kolun verdi\u011fi tepki size olan biteni fiziksel olarak hissettirir. Kolun ergonomik yap\u0131s\u0131, uzun s\u00fcreli kullan\u0131mlarda bile konfor sa\u011flar. Elin do\u011fal kavrama pozisyonuna uygun olarak tasarlanan yap\u0131s\u0131, \u00f6zellikle uzun s\u00fcren oturumlarda elde a\u011fr\u0131 ya da uyu\u015fma olu\u015fmas\u0131n\u0131 engeller. Bu sayede sadece k\u0131sa oyun seanslar\u0131nda de\u011fil, saatler s\u00fcren turnuvalarda da rahatl\u0131kla kullan\u0131labilir. Hassas tetikler ve analog kontrol \u00e7ubuklar\u0131, hareketlerdeki gecikmeyi en aza indirir. Anl\u0131k komutlara h\u0131zl\u0131 yan\u0131t verir, bu da oyuncuya \u00f6zellikle rekabet\u00e7i oyunlarda avantaj sa\u011flar. Titre\u015fimli yap\u0131s\u0131yla daha etkileyici ve s\u00fcr\u00fckleyici bir oyun deneyimi ya\u015famak isteyen t\u00fcm oyuncular i\u00e7in bu kol \u00fcst d\u00fczey performans sunar.<\/p>\n","protected":false},"featured_media":48078,"comment_status":"open","ping_status":"closed","template":"","meta":{"_kad_post_transparent":"","_kad_post_title":"","_kad_post_layout":"","_kad_post_sidebar_id":"","_kad_post_content_style":"","_kad_post_vertical_padding":"","_kad_post_feature":"","_kad_post_feature_position":"","_kad_post_header":false,"_kad_post_footer":false,"_kad_post_classname":""},"product_brand":[],"product_cat":[23],"product_tag":[],"class_list":{"0":"post-48079","1":"product","2":"type-product","3":"status-publish","4":"has-post-thumbnail","6":"product_cat-genel","8":"first","9":"instock","10":"purchasable","11":"product-type-simple","12":"entry","13":"content-bg","14":"loop-entry"},"_links":{"self":[{"href":"https:\/\/www.hediyepazar.com\/index.php?rest_route=\/wp\/v2\/product\/48079","targetHints":{"allow":["GET"]}}],"collection":[{"href":"https:\/\/www.hediyepazar.com\/index.php?rest_route=\/wp\/v2\/product"}],"about":[{"href":"https:\/\/www.hediyepazar.com\/index.php?rest_route=\/wp\/v2\/types\/product"}],"replies":[{"embeddable":true,"href":"https:\/\/www.hediyepazar.com\/index.php?rest_route=%2Fwp%2Fv2%2Fcomments&post=48079"}],"wp:featuredmedia":[{"embeddable":true,"href":"https:\/\/www.hediyepazar.com\/index.php?rest_route=\/wp\/v2\/media\/48078"}],"wp:attachment":[{"href":"https:\/\/www.hediyepazar.com\/index.php?rest_route=%2Fwp%2Fv2%2Fmedia&parent=48079"}],"wp:term":[{"taxonomy":"product_brand","embeddable":true,"href":"https:\/\/www.hediyepazar.com\/index.php?rest_route=%2Fwp%2Fv2%2Fproduct_brand&post=48079"},{"taxonomy":"product_cat","embeddable":true,"href":"https:\/\/www.hediyepazar.com\/index.php?rest_route=%2Fwp%2Fv2%2Fproduct_cat&post=48079"},{"taxonomy":"product_tag","embeddable":true,"href":"https:\/\/www.hediyepazar.com\/index.php?rest_route=%2Fwp%2Fv2%2Fproduct_tag&post=48079"}],"curies":[{"name":"wp","href":"https:\/\/api.w.org\/{rel}","templated":true}]}}