{"id":4808,"date":"2026-04-26T06:54:55","date_gmt":"2026-04-26T09:54:55","guid":{"rendered":"https:\/\/www.hediyepazar.com\/?product=orbus-2000w-12v-tam-sinus-akilli-invertor"},"modified":"2026-04-26T06:54:56","modified_gmt":"2026-04-26T09:54:56","slug":"orbus-2000w-12v-tam-sinus-akilli-invertor","status":"publish","type":"product","link":"https:\/\/www.hediyepazar.com\/?product=orbus-2000w-12v-tam-sinus-akilli-invertor","title":{"rendered":"Orbus 2000w 12v Tam Sin\u00fcs Ak\u0131ll\u0131 \u0130nvert\u00f6r"},"content":{"rendered":"<p>Orbus 2000w 12v Tam Sin\u00fcs Ak\u0131ll\u0131 \u0130nvert\u00f6r<\/p>\n","protected":false},"excerpt":{"rendered":"<p>Orbus 2000w 12v Tam Sin\u00fcs Ak\u0131ll\u0131 \u0130nvert\u00f6r<\/p>\n","protected":false},"featured_media":4809,"comment_status":"closed","ping_status":"open","template":"","meta":{"_kad_post_transparent":"","_kad_post_title":"","_kad_post_layout":"","_kad_post_sidebar_id":"","_kad_post_content_style":"","_kad_post_vertical_padding":"","_kad_post_feature":"","_kad_post_feature_position":"","_kad_post_header":false,"_kad_post_footer":false,"_kad_post_classname":""},"product_brand":[],"product_cat":[239],"product_tag":[],"class_list":{"0":"post-4808","1":"product","2":"type-product","3":"status-publish","4":"has-post-thumbnail","6":"product_cat-adaptor-aku-pil-adaptorler","8":"first","9":"instock","10":"purchasable","11":"product-type-simple","12":"entry","13":"content-bg","14":"loop-entry"},"_links":{"self":[{"href":"https:\/\/www.hediyepazar.com\/index.php?rest_route=\/wp\/v2\/product\/4808","targetHints":{"allow":["GET"]}}],"collection":[{"href":"https:\/\/www.hediyepazar.com\/index.php?rest_route=\/wp\/v2\/product"}],"about":[{"href":"https:\/\/www.hediyepazar.com\/index.php?rest_route=\/wp\/v2\/types\/product"}],"replies":[{"embeddable":true,"href":"https:\/\/www.hediyepazar.com\/index.php?rest_route=%2Fwp%2Fv2%2Fcomments&post=4808"}],"wp:featuredmedia":[{"embeddable":true,"href":"https:\/\/www.hediyepazar.com\/index.php?rest_route=\/wp\/v2\/media\/4809"}],"wp:attachment":[{"href":"https:\/\/www.hediyepazar.com\/index.php?rest_route=%2Fwp%2Fv2%2Fmedia&parent=4808"}],"wp:term":[{"taxonomy":"product_brand","embeddable":true,"href":"https:\/\/www.hediyepazar.com\/index.php?rest_route=%2Fwp%2Fv2%2Fproduct_brand&post=4808"},{"taxonomy":"product_cat","embeddable":true,"href":"https:\/\/www.hediyepazar.com\/index.php?rest_route=%2Fwp%2Fv2%2Fproduct_cat&post=4808"},{"taxonomy":"product_tag","embeddable":true,"href":"https:\/\/www.hediyepazar.com\/index.php?rest_route=%2Fwp%2Fv2%2Fproduct_tag&post=4808"}],"curies":[{"name":"wp","href":"https:\/\/api.w.org\/{rel}","templated":true}]}}